{"id":48688,"date":"2025-08-05T08:46:14","date_gmt":"2025-08-05T12:46:14","guid":{"rendered":"https:\/\/eurotilestone.com\/product\/chalk\/"},"modified":"2025-08-12T09:39:37","modified_gmt":"2025-08-12T13:39:37","slug":"chalk","status":"publish","type":"product","link":"https:\/\/eurotilestone.com\/fr\/produits\/chalk\/","title":{"rendered":"CHALK"},"content":{"rendered":"","protected":false},"excerpt":{"rendered":"","protected":false},"featured_media":48667,"template":"","meta":{"_acf_changed":false},"product_brand":[],"product_cat":[4380,4379],"product_tag":[],"class_list":{"0":"post-48688","1":"product","2":"type-product","3":"status-publish","4":"has-post-thumbnail","6":"product_cat-nouveautes","7":"product_cat-floor-wall-tile-fr","8":"pa_colour-red-fr","9":"pa_colour-white-fr","10":"pa_colour-jaune","11":"pa_colour-vert","12":"pa_shape-planche","13":"pa_shape-carre","14":"pa_variation_colour-burgundy-chalk-fr","15":"pa_variation_colour-mint-chalk-fr","16":"pa_variation_colour-mustard-chalk-fr","17":"pa_variation_colour-white-chalk-fr","18":"pa_variation_size_shape-12x12-mosaic-2-fr","20":"first","21":"instock","22":"sold-individually","23":"shipping-taxable","24":"purchasable","25":"product-type-variable"},"acf":[],"yoast_head":"<!-- This site is optimized with the Yoast SEO Premium plugin v26.6 (Yoast SEO v27.3) - https:\/\/yoast.com\/product\/yoast-seo-premium-wordpress\/ -->\n<title>CHALK - Euro Tile &amp; Stone<\/title>\n<meta name=\"description\" content=\"La collection Chalk apporte une sophistication architecturale aux murs gr\u00e2ce \u00e0 son format \u00e9lanc\u00e9 et allong\u00e9. Chaque carreau pr\u00e9sente un fin relief vertical.\" \/>\n<meta name=\"robots\" content=\"index, follow, max-snippet:-1, max-image-preview:large, max-video-preview:-1\" \/>\n<link rel=\"canonical\" href=\"https:\/\/eurotilestone.com\/fr\/produits\/chalk\/\" \/>\n<meta property=\"og:locale\" content=\"fr_FR\" \/>\n<meta property=\"og:type\" content=\"article\" \/>\n<meta property=\"og:title\" content=\"CHALK\" \/>\n<meta property=\"og:description\" content=\"La collection Chalk apporte une sophistication architecturale aux murs gr\u00e2ce \u00e0 son format \u00e9lanc\u00e9 et allong\u00e9. Chaque carreau pr\u00e9sente un fin relief vertical.\" \/>\n<meta property=\"og:url\" content=\"https:\/\/eurotilestone.com\/fr\/produits\/chalk\/\" \/>\n<meta property=\"og:site_name\" content=\"Euro Tile &amp; Stone\" \/>\n<meta property=\"article:modified_time\" content=\"2025-08-12T13:39:37+00:00\" \/>\n<meta property=\"og:image\" content=\"https:\/\/eurotilestone.com\/wp-content\/uploads\/2025\/08\/Chalk-Mustard-room-6.jpg\" \/>\n\t<meta property=\"og:image:width\" content=\"1875\" \/>\n\t<meta property=\"og:image:height\" content=\"2500\" \/>\n\t<meta property=\"og:image:type\" content=\"image\/jpeg\" \/>\n<meta name=\"twitter:card\" content=\"summary_large_image\" \/>\n<meta name=\"twitter:label1\" content=\"Dur\u00e9e de lecture estim\u00e9e\" \/>\n\t<meta name=\"twitter:data1\" content=\"1 minute\" \/>\n<script type=\"application\/ld+json\" class=\"yoast-schema-graph\">{\"@context\":\"https:\\\/\\\/schema.org\",\"@graph\":[{\"@type\":\"WebPage\",\"@id\":\"https:\\\/\\\/eurotilestone.com\\\/fr\\\/produits\\\/chalk\\\/\",\"url\":\"https:\\\/\\\/eurotilestone.com\\\/fr\\\/produits\\\/chalk\\\/\",\"name\":\"CHALK - Euro Tile &amp; Stone\",\"isPartOf\":{\"@id\":\"https:\\\/\\\/eurotilestone.com\\\/fr\\\/#website\"},\"primaryImageOfPage\":{\"@id\":\"https:\\\/\\\/eurotilestone.com\\\/fr\\\/produits\\\/chalk\\\/#primaryimage\"},\"image\":{\"@id\":\"https:\\\/\\\/eurotilestone.com\\\/fr\\\/produits\\\/chalk\\\/#primaryimage\"},\"thumbnailUrl\":\"https:\\\/\\\/eurotilestone.com\\\/wp-content\\\/uploads\\\/2025\\\/08\\\/Chalk-Mustard-room-6.jpg\",\"datePublished\":\"2025-08-05T12:46:14+00:00\",\"dateModified\":\"2025-08-12T13:39:37+00:00\",\"description\":\"La collection Chalk apporte une sophistication architecturale aux murs gr\u00e2ce \u00e0 son format \u00e9lanc\u00e9 et allong\u00e9. Chaque carreau pr\u00e9sente un fin relief vertical.\",\"breadcrumb\":{\"@id\":\"https:\\\/\\\/eurotilestone.com\\\/fr\\\/produits\\\/chalk\\\/#breadcrumb\"},\"inLanguage\":\"fr-FR\",\"potentialAction\":[{\"@type\":\"ReadAction\",\"target\":[\"https:\\\/\\\/eurotilestone.com\\\/fr\\\/produits\\\/chalk\\\/\"]}]},{\"@type\":\"ImageObject\",\"inLanguage\":\"fr-FR\",\"@id\":\"https:\\\/\\\/eurotilestone.com\\\/fr\\\/produits\\\/chalk\\\/#primaryimage\",\"url\":\"https:\\\/\\\/eurotilestone.com\\\/wp-content\\\/uploads\\\/2025\\\/08\\\/Chalk-Mustard-room-6.jpg\",\"contentUrl\":\"https:\\\/\\\/eurotilestone.com\\\/wp-content\\\/uploads\\\/2025\\\/08\\\/Chalk-Mustard-room-6.jpg\",\"width\":1875,\"height\":2500,\"caption\":\"C\"},{\"@type\":\"BreadcrumbList\",\"@id\":\"https:\\\/\\\/eurotilestone.com\\\/fr\\\/produits\\\/chalk\\\/#breadcrumb\",\"itemListElement\":[{\"@type\":\"ListItem\",\"position\":1,\"name\":\"Home\",\"item\":\"https:\\\/\\\/eurotilestone.com\\\/fr\\\/\"},{\"@type\":\"ListItem\",\"position\":2,\"name\":\"Boutique\",\"item\":\"https:\\\/\\\/eurotilestone.com\\\/fr\\\/boutique\\\/\"},{\"@type\":\"ListItem\",\"position\":3,\"name\":\"CHALK\"}]},{\"@type\":\"WebSite\",\"@id\":\"https:\\\/\\\/eurotilestone.com\\\/fr\\\/#website\",\"url\":\"https:\\\/\\\/eurotilestone.com\\\/fr\\\/\",\"name\":\"Euro Tile & Stone\",\"description\":\"\",\"publisher\":{\"@id\":\"https:\\\/\\\/eurotilestone.com\\\/fr\\\/#organization\"},\"potentialAction\":[{\"@type\":\"SearchAction\",\"target\":{\"@type\":\"EntryPoint\",\"urlTemplate\":\"https:\\\/\\\/eurotilestone.com\\\/fr\\\/?s={search_term_string}\"},\"query-input\":{\"@type\":\"PropertyValueSpecification\",\"valueRequired\":true,\"valueName\":\"search_term_string\"}}],\"inLanguage\":\"fr-FR\"},{\"@type\":\"Organization\",\"@id\":\"https:\\\/\\\/eurotilestone.com\\\/fr\\\/#organization\",\"name\":\"Euro Tile & Stone\",\"url\":\"https:\\\/\\\/eurotilestone.com\\\/fr\\\/\",\"logo\":{\"@type\":\"ImageObject\",\"inLanguage\":\"fr-FR\",\"@id\":\"https:\\\/\\\/eurotilestone.com\\\/fr\\\/#\\\/schema\\\/logo\\\/image\\\/\",\"url\":\"https:\\\/\\\/eurotilestone.com\\\/wp-content\\\/uploads\\\/2024\\\/01\\\/Euro-Logo-1.png\",\"contentUrl\":\"https:\\\/\\\/eurotilestone.com\\\/wp-content\\\/uploads\\\/2024\\\/01\\\/Euro-Logo-1.png\",\"width\":2500,\"height\":781,\"caption\":\"Euro Tile & Stone\"},\"image\":{\"@id\":\"https:\\\/\\\/eurotilestone.com\\\/fr\\\/#\\\/schema\\\/logo\\\/image\\\/\"},\"sameAs\":[\"https:\\\/\\\/www.instagram.com\\\/eurotilestone\\\/\"]}]}<\/script>\n<!-- \/ Yoast SEO Premium plugin. -->","yoast_head_json":{"title":"CHALK - Euro Tile &amp; Stone","description":"La collection Chalk apporte une sophistication architecturale aux murs gr\u00e2ce \u00e0 son format \u00e9lanc\u00e9 et allong\u00e9. Chaque carreau pr\u00e9sente un fin relief vertical.","robots":{"index":"index","follow":"follow","max-snippet":"max-snippet:-1","max-image-preview":"max-image-preview:large","max-video-preview":"max-video-preview:-1"},"canonical":"https:\/\/eurotilestone.com\/fr\/produits\/chalk\/","og_locale":"fr_FR","og_type":"article","og_title":"CHALK","og_description":"La collection Chalk apporte une sophistication architecturale aux murs gr\u00e2ce \u00e0 son format \u00e9lanc\u00e9 et allong\u00e9. Chaque carreau pr\u00e9sente un fin relief vertical.","og_url":"https:\/\/eurotilestone.com\/fr\/produits\/chalk\/","og_site_name":"Euro Tile &amp; Stone","article_modified_time":"2025-08-12T13:39:37+00:00","og_image":[{"width":1875,"height":2500,"url":"https:\/\/eurotilestone.com\/wp-content\/uploads\/2025\/08\/Chalk-Mustard-room-6.jpg","type":"image\/jpeg"}],"twitter_card":"summary_large_image","twitter_misc":{"Dur\u00e9e de lecture estim\u00e9e":"1 minute"},"schema":{"@context":"https:\/\/schema.org","@graph":[{"@type":"WebPage","@id":"https:\/\/eurotilestone.com\/fr\/produits\/chalk\/","url":"https:\/\/eurotilestone.com\/fr\/produits\/chalk\/","name":"CHALK - Euro Tile &amp; Stone","isPartOf":{"@id":"https:\/\/eurotilestone.com\/fr\/#website"},"primaryImageOfPage":{"@id":"https:\/\/eurotilestone.com\/fr\/produits\/chalk\/#primaryimage"},"image":{"@id":"https:\/\/eurotilestone.com\/fr\/produits\/chalk\/#primaryimage"},"thumbnailUrl":"https:\/\/eurotilestone.com\/wp-content\/uploads\/2025\/08\/Chalk-Mustard-room-6.jpg","datePublished":"2025-08-05T12:46:14+00:00","dateModified":"2025-08-12T13:39:37+00:00","description":"La collection Chalk apporte une sophistication architecturale aux murs gr\u00e2ce \u00e0 son format \u00e9lanc\u00e9 et allong\u00e9. Chaque carreau pr\u00e9sente un fin relief vertical.","breadcrumb":{"@id":"https:\/\/eurotilestone.com\/fr\/produits\/chalk\/#breadcrumb"},"inLanguage":"fr-FR","potentialAction":[{"@type":"ReadAction","target":["https:\/\/eurotilestone.com\/fr\/produits\/chalk\/"]}]},{"@type":"ImageObject","inLanguage":"fr-FR","@id":"https:\/\/eurotilestone.com\/fr\/produits\/chalk\/#primaryimage","url":"https:\/\/eurotilestone.com\/wp-content\/uploads\/2025\/08\/Chalk-Mustard-room-6.jpg","contentUrl":"https:\/\/eurotilestone.com\/wp-content\/uploads\/2025\/08\/Chalk-Mustard-room-6.jpg","width":1875,"height":2500,"caption":"C"},{"@type":"BreadcrumbList","@id":"https:\/\/eurotilestone.com\/fr\/produits\/chalk\/#breadcrumb","itemListElement":[{"@type":"ListItem","position":1,"name":"Home","item":"https:\/\/eurotilestone.com\/fr\/"},{"@type":"ListItem","position":2,"name":"Boutique","item":"https:\/\/eurotilestone.com\/fr\/boutique\/"},{"@type":"ListItem","position":3,"name":"CHALK"}]},{"@type":"WebSite","@id":"https:\/\/eurotilestone.com\/fr\/#website","url":"https:\/\/eurotilestone.com\/fr\/","name":"Euro Tile & Stone","description":"","publisher":{"@id":"https:\/\/eurotilestone.com\/fr\/#organization"},"potentialAction":[{"@type":"SearchAction","target":{"@type":"EntryPoint","urlTemplate":"https:\/\/eurotilestone.com\/fr\/?s={search_term_string}"},"query-input":{"@type":"PropertyValueSpecification","valueRequired":true,"valueName":"search_term_string"}}],"inLanguage":"fr-FR"},{"@type":"Organization","@id":"https:\/\/eurotilestone.com\/fr\/#organization","name":"Euro Tile & Stone","url":"https:\/\/eurotilestone.com\/fr\/","logo":{"@type":"ImageObject","inLanguage":"fr-FR","@id":"https:\/\/eurotilestone.com\/fr\/#\/schema\/logo\/image\/","url":"https:\/\/eurotilestone.com\/wp-content\/uploads\/2024\/01\/Euro-Logo-1.png","contentUrl":"https:\/\/eurotilestone.com\/wp-content\/uploads\/2024\/01\/Euro-Logo-1.png","width":2500,"height":781,"caption":"Euro Tile & Stone"},"image":{"@id":"https:\/\/eurotilestone.com\/fr\/#\/schema\/logo\/image\/"},"sameAs":["https:\/\/www.instagram.com\/eurotilestone\/"]}]}},"_links":{"self":[{"href":"https:\/\/eurotilestone.com\/fr\/wp-json\/wp\/v2\/product\/48688","targetHints":{"allow":["GET"]}}],"collection":[{"href":"https:\/\/eurotilestone.com\/fr\/wp-json\/wp\/v2\/product"}],"about":[{"href":"https:\/\/eurotilestone.com\/fr\/wp-json\/wp\/v2\/types\/product"}],"wp:featuredmedia":[{"embeddable":true,"href":"https:\/\/eurotilestone.com\/fr\/wp-json\/wp\/v2\/media\/48667"}],"wp:attachment":[{"href":"https:\/\/eurotilestone.com\/fr\/wp-json\/wp\/v2\/media?parent=48688"}],"wp:term":[{"taxonomy":"product_brand","embeddable":true,"href":"https:\/\/eurotilestone.com\/fr\/wp-json\/wp\/v2\/product_brand?post=48688"},{"taxonomy":"product_cat","embeddable":true,"href":"https:\/\/eurotilestone.com\/fr\/wp-json\/wp\/v2\/product_cat?post=48688"},{"taxonomy":"product_tag","embeddable":true,"href":"https:\/\/eurotilestone.com\/fr\/wp-json\/wp\/v2\/product_tag?post=48688"}],"curies":[{"name":"wp","href":"https:\/\/api.w.org\/{rel}","templated":true}]}}