{"id":47412,"date":"2019-07-19T17:12:45","date_gmt":"2019-07-19T21:12:45","guid":{"rendered":"https:\/\/eurotilestone.com\/product\/soho\/"},"modified":"2019-07-19T17:12:45","modified_gmt":"2019-07-19T21:12:45","slug":"soho","status":"publish","type":"product","link":"https:\/\/eurotilestone.com\/fr\/produits\/soho\/","title":{"rendered":"Soho"},"content":{"rendered":"","protected":false},"excerpt":{"rendered":"","protected":false},"featured_media":35435,"template":"","meta":{"_acf_changed":false},"product_brand":[],"product_cat":[4379,4536],"product_tag":[],"class_list":{"0":"post-47412","1":"product","2":"type-product","3":"status-publish","4":"has-post-thumbnail","6":"product_cat-floor-wall-tile-fr","7":"product_cat-mosaiques","8":"pa_colour-noir","9":"pa_colour-bleu","10":"pa_colour-grey-fr","11":"pa_colour-vert","12":"pa_colour-beige-fr","13":"pa_colour-white-fr","14":"pa_shape-carre","15":"pa_shape-hexagone","16":"pa_shape-rectangle-fr","17":"pa_shape-supplementaire","18":"pa_shape-planche","19":"pa_variation_colour-soft-sage-soho-fr","20":"pa_variation_colour-bleu-nuage-soho","21":"pa_variation_colour-toile-blanche-soho","22":"pa_variation_colour-gris-vintage-soho","23":"pa_variation_colour-galerie-grise-soho","24":"pa_variation_colour-halo-grey-soho-fr","25":"pa_variation_colour-loft-gris-soho","26":"pa_variation_colour-cement-chic-soho-fr","27":"pa_variation_colour-retro-black-soho-fr","28":"pa_variation_size_shape-3x6-fr","29":"pa_variation_size_shape-mosaique-basketweave","30":"pa_variation_size_shape-6x6-carre","31":"pa_variation_size_shape-10x13-mur","32":"pa_variation_size_shape-2x12-fr","33":"pa_variation_size_shape-mosaique-hexagonale-mur","34":"pa_variation_size_shape-4x12-wall-fr","35":"pa_variation_size_shape-mur-4x16","36":"pa_variation_size_shape-3x6-rectangle-biseaute","37":"pa_variation_size_shape-mosaique-carree-2x2","38":"pa_variation_size_shape-8x24-mur","40":"first","41":"instock","42":"sold-individually","43":"purchasable","44":"product-type-variable","45":"has-default-attributes"},"acf":[],"yoast_head":"<!-- This site is optimized with the Yoast SEO Premium plugin v26.6 (Yoast SEO v27.3) - https:\/\/yoast.com\/product\/yoast-seo-premium-wordpress\/ -->\n<title>Soho - Euro Tile &amp; Stone<\/title>\n<meta name=\"description\" content=\"Inspir\u00e9e par le quartier artistique du sud de Manhattan, la collection Soho offre la m\u00eame \u00e9nergie que la ville qui ne dort jamais. Soho propose des carreaux muraux traditionnels et contemporains ainsi qu&#039;une multitude de formats de mosa\u00efques qui cr\u00e9eront une esth\u00e9tique vraiment unique pour une toile de fond parfaite pour tout design \u00e9l\u00e9gant et sophistiqu\u00e9.\" \/>\n<meta name=\"robots\" content=\"index, follow, max-snippet:-1, max-image-preview:large, max-video-preview:-1\" \/>\n<link rel=\"canonical\" href=\"https:\/\/eurotilestone.com\/fr\/produits\/soho\/\" \/>\n<meta property=\"og:locale\" content=\"fr_FR\" \/>\n<meta property=\"og:type\" content=\"article\" \/>\n<meta property=\"og:title\" content=\"Soho\" \/>\n<meta property=\"og:description\" content=\"Inspir\u00e9e par le quartier artistique du sud de Manhattan, la collection Soho offre la m\u00eame \u00e9nergie que la ville qui ne dort jamais. Soho propose des carreaux muraux traditionnels et contemporains ainsi qu&#039;une multitude de formats de mosa\u00efques qui cr\u00e9eront une esth\u00e9tique vraiment unique pour une toile de fond parfaite pour tout design \u00e9l\u00e9gant et sophistiqu\u00e9.\" \/>\n<meta property=\"og:url\" content=\"https:\/\/eurotilestone.com\/fr\/produits\/soho\/\" \/>\n<meta property=\"og:site_name\" content=\"Euro Tile &amp; Stone\" \/>\n<meta property=\"og:image\" content=\"https:\/\/eurotilestone.com\/wp-content\/uploads\/2019\/07\/euro-tile-stone-soho.jpg\" \/>\n\t<meta property=\"og:image:width\" content=\"840\" \/>\n\t<meta property=\"og:image:height\" content=\"840\" \/>\n\t<meta property=\"og:image:type\" content=\"image\/jpeg\" \/>\n<meta name=\"twitter:card\" content=\"summary_large_image\" \/>\n<script type=\"application\/ld+json\" class=\"yoast-schema-graph\">{\"@context\":\"https:\\\/\\\/schema.org\",\"@graph\":[{\"@type\":\"WebPage\",\"@id\":\"https:\\\/\\\/eurotilestone.com\\\/fr\\\/produits\\\/soho\\\/\",\"url\":\"https:\\\/\\\/eurotilestone.com\\\/fr\\\/produits\\\/soho\\\/\",\"name\":\"Soho - Euro Tile &amp; Stone\",\"isPartOf\":{\"@id\":\"https:\\\/\\\/eurotilestone.com\\\/fr\\\/#website\"},\"primaryImageOfPage\":{\"@id\":\"https:\\\/\\\/eurotilestone.com\\\/fr\\\/produits\\\/soho\\\/#primaryimage\"},\"image\":{\"@id\":\"https:\\\/\\\/eurotilestone.com\\\/fr\\\/produits\\\/soho\\\/#primaryimage\"},\"thumbnailUrl\":\"https:\\\/\\\/eurotilestone.com\\\/wp-content\\\/uploads\\\/2019\\\/07\\\/euro-tile-stone-soho.jpg\",\"datePublished\":\"2019-07-19T21:12:45+00:00\",\"description\":\"Inspir\u00e9e par le quartier artistique du sud de Manhattan, la collection Soho offre la m\u00eame \u00e9nergie que la ville qui ne dort jamais. Soho propose des carreaux muraux traditionnels et contemporains ainsi qu'une multitude de formats de mosa\u00efques qui cr\u00e9eront une esth\u00e9tique vraiment unique pour une toile de fond parfaite pour tout design \u00e9l\u00e9gant et sophistiqu\u00e9.\",\"breadcrumb\":{\"@id\":\"https:\\\/\\\/eurotilestone.com\\\/fr\\\/produits\\\/soho\\\/#breadcrumb\"},\"inLanguage\":\"fr-FR\",\"potentialAction\":[{\"@type\":\"ReadAction\",\"target\":[\"https:\\\/\\\/eurotilestone.com\\\/fr\\\/produits\\\/soho\\\/\"]}]},{\"@type\":\"ImageObject\",\"inLanguage\":\"fr-FR\",\"@id\":\"https:\\\/\\\/eurotilestone.com\\\/fr\\\/produits\\\/soho\\\/#primaryimage\",\"url\":\"https:\\\/\\\/eurotilestone.com\\\/wp-content\\\/uploads\\\/2019\\\/07\\\/euro-tile-stone-soho.jpg\",\"contentUrl\":\"https:\\\/\\\/eurotilestone.com\\\/wp-content\\\/uploads\\\/2019\\\/07\\\/euro-tile-stone-soho.jpg\",\"width\":840,\"height\":840,\"caption\":\"euro-tile-pierre-soho\"},{\"@type\":\"BreadcrumbList\",\"@id\":\"https:\\\/\\\/eurotilestone.com\\\/fr\\\/produits\\\/soho\\\/#breadcrumb\",\"itemListElement\":[{\"@type\":\"ListItem\",\"position\":1,\"name\":\"Home\",\"item\":\"https:\\\/\\\/eurotilestone.com\\\/fr\\\/\"},{\"@type\":\"ListItem\",\"position\":2,\"name\":\"Boutique\",\"item\":\"https:\\\/\\\/eurotilestone.com\\\/fr\\\/boutique\\\/\"},{\"@type\":\"ListItem\",\"position\":3,\"name\":\"Soho\"}]},{\"@type\":\"WebSite\",\"@id\":\"https:\\\/\\\/eurotilestone.com\\\/fr\\\/#website\",\"url\":\"https:\\\/\\\/eurotilestone.com\\\/fr\\\/\",\"name\":\"Euro Tile & Stone\",\"description\":\"\",\"publisher\":{\"@id\":\"https:\\\/\\\/eurotilestone.com\\\/fr\\\/#organization\"},\"potentialAction\":[{\"@type\":\"SearchAction\",\"target\":{\"@type\":\"EntryPoint\",\"urlTemplate\":\"https:\\\/\\\/eurotilestone.com\\\/fr\\\/?s={search_term_string}\"},\"query-input\":{\"@type\":\"PropertyValueSpecification\",\"valueRequired\":true,\"valueName\":\"search_term_string\"}}],\"inLanguage\":\"fr-FR\"},{\"@type\":\"Organization\",\"@id\":\"https:\\\/\\\/eurotilestone.com\\\/fr\\\/#organization\",\"name\":\"Euro Tile & Stone\",\"url\":\"https:\\\/\\\/eurotilestone.com\\\/fr\\\/\",\"logo\":{\"@type\":\"ImageObject\",\"inLanguage\":\"fr-FR\",\"@id\":\"https:\\\/\\\/eurotilestone.com\\\/fr\\\/#\\\/schema\\\/logo\\\/image\\\/\",\"url\":\"https:\\\/\\\/eurotilestone.com\\\/wp-content\\\/uploads\\\/2024\\\/01\\\/Euro-Logo-1.png\",\"contentUrl\":\"https:\\\/\\\/eurotilestone.com\\\/wp-content\\\/uploads\\\/2024\\\/01\\\/Euro-Logo-1.png\",\"width\":2500,\"height\":781,\"caption\":\"Euro Tile & Stone\"},\"image\":{\"@id\":\"https:\\\/\\\/eurotilestone.com\\\/fr\\\/#\\\/schema\\\/logo\\\/image\\\/\"},\"sameAs\":[\"https:\\\/\\\/www.instagram.com\\\/eurotilestone\\\/\"]}]}<\/script>\n<!-- \/ Yoast SEO Premium plugin. -->","yoast_head_json":{"title":"Soho - Euro Tile &amp; Stone","description":"Inspir\u00e9e par le quartier artistique du sud de Manhattan, la collection Soho offre la m\u00eame \u00e9nergie que la ville qui ne dort jamais. Soho propose des carreaux muraux traditionnels et contemporains ainsi qu'une multitude de formats de mosa\u00efques qui cr\u00e9eront une esth\u00e9tique vraiment unique pour une toile de fond parfaite pour tout design \u00e9l\u00e9gant et sophistiqu\u00e9.","robots":{"index":"index","follow":"follow","max-snippet":"max-snippet:-1","max-image-preview":"max-image-preview:large","max-video-preview":"max-video-preview:-1"},"canonical":"https:\/\/eurotilestone.com\/fr\/produits\/soho\/","og_locale":"fr_FR","og_type":"article","og_title":"Soho","og_description":"Inspir\u00e9e par le quartier artistique du sud de Manhattan, la collection Soho offre la m\u00eame \u00e9nergie que la ville qui ne dort jamais. Soho propose des carreaux muraux traditionnels et contemporains ainsi qu'une multitude de formats de mosa\u00efques qui cr\u00e9eront une esth\u00e9tique vraiment unique pour une toile de fond parfaite pour tout design \u00e9l\u00e9gant et sophistiqu\u00e9.","og_url":"https:\/\/eurotilestone.com\/fr\/produits\/soho\/","og_site_name":"Euro Tile &amp; Stone","og_image":[{"width":840,"height":840,"url":"https:\/\/eurotilestone.com\/wp-content\/uploads\/2019\/07\/euro-tile-stone-soho.jpg","type":"image\/jpeg"}],"twitter_card":"summary_large_image","schema":{"@context":"https:\/\/schema.org","@graph":[{"@type":"WebPage","@id":"https:\/\/eurotilestone.com\/fr\/produits\/soho\/","url":"https:\/\/eurotilestone.com\/fr\/produits\/soho\/","name":"Soho - Euro Tile &amp; Stone","isPartOf":{"@id":"https:\/\/eurotilestone.com\/fr\/#website"},"primaryImageOfPage":{"@id":"https:\/\/eurotilestone.com\/fr\/produits\/soho\/#primaryimage"},"image":{"@id":"https:\/\/eurotilestone.com\/fr\/produits\/soho\/#primaryimage"},"thumbnailUrl":"https:\/\/eurotilestone.com\/wp-content\/uploads\/2019\/07\/euro-tile-stone-soho.jpg","datePublished":"2019-07-19T21:12:45+00:00","description":"Inspir\u00e9e par le quartier artistique du sud de Manhattan, la collection Soho offre la m\u00eame \u00e9nergie que la ville qui ne dort jamais. Soho propose des carreaux muraux traditionnels et contemporains ainsi qu'une multitude de formats de mosa\u00efques qui cr\u00e9eront une esth\u00e9tique vraiment unique pour une toile de fond parfaite pour tout design \u00e9l\u00e9gant et sophistiqu\u00e9.","breadcrumb":{"@id":"https:\/\/eurotilestone.com\/fr\/produits\/soho\/#breadcrumb"},"inLanguage":"fr-FR","potentialAction":[{"@type":"ReadAction","target":["https:\/\/eurotilestone.com\/fr\/produits\/soho\/"]}]},{"@type":"ImageObject","inLanguage":"fr-FR","@id":"https:\/\/eurotilestone.com\/fr\/produits\/soho\/#primaryimage","url":"https:\/\/eurotilestone.com\/wp-content\/uploads\/2019\/07\/euro-tile-stone-soho.jpg","contentUrl":"https:\/\/eurotilestone.com\/wp-content\/uploads\/2019\/07\/euro-tile-stone-soho.jpg","width":840,"height":840,"caption":"euro-tile-pierre-soho"},{"@type":"BreadcrumbList","@id":"https:\/\/eurotilestone.com\/fr\/produits\/soho\/#breadcrumb","itemListElement":[{"@type":"ListItem","position":1,"name":"Home","item":"https:\/\/eurotilestone.com\/fr\/"},{"@type":"ListItem","position":2,"name":"Boutique","item":"https:\/\/eurotilestone.com\/fr\/boutique\/"},{"@type":"ListItem","position":3,"name":"Soho"}]},{"@type":"WebSite","@id":"https:\/\/eurotilestone.com\/fr\/#website","url":"https:\/\/eurotilestone.com\/fr\/","name":"Euro Tile & Stone","description":"","publisher":{"@id":"https:\/\/eurotilestone.com\/fr\/#organization"},"potentialAction":[{"@type":"SearchAction","target":{"@type":"EntryPoint","urlTemplate":"https:\/\/eurotilestone.com\/fr\/?s={search_term_string}"},"query-input":{"@type":"PropertyValueSpecification","valueRequired":true,"valueName":"search_term_string"}}],"inLanguage":"fr-FR"},{"@type":"Organization","@id":"https:\/\/eurotilestone.com\/fr\/#organization","name":"Euro Tile & Stone","url":"https:\/\/eurotilestone.com\/fr\/","logo":{"@type":"ImageObject","inLanguage":"fr-FR","@id":"https:\/\/eurotilestone.com\/fr\/#\/schema\/logo\/image\/","url":"https:\/\/eurotilestone.com\/wp-content\/uploads\/2024\/01\/Euro-Logo-1.png","contentUrl":"https:\/\/eurotilestone.com\/wp-content\/uploads\/2024\/01\/Euro-Logo-1.png","width":2500,"height":781,"caption":"Euro Tile & Stone"},"image":{"@id":"https:\/\/eurotilestone.com\/fr\/#\/schema\/logo\/image\/"},"sameAs":["https:\/\/www.instagram.com\/eurotilestone\/"]}]}},"_links":{"self":[{"href":"https:\/\/eurotilestone.com\/fr\/wp-json\/wp\/v2\/product\/47412","targetHints":{"allow":["GET"]}}],"collection":[{"href":"https:\/\/eurotilestone.com\/fr\/wp-json\/wp\/v2\/product"}],"about":[{"href":"https:\/\/eurotilestone.com\/fr\/wp-json\/wp\/v2\/types\/product"}],"wp:featuredmedia":[{"embeddable":true,"href":"https:\/\/eurotilestone.com\/fr\/wp-json\/wp\/v2\/media\/35435"}],"wp:attachment":[{"href":"https:\/\/eurotilestone.com\/fr\/wp-json\/wp\/v2\/media?parent=47412"}],"wp:term":[{"taxonomy":"product_brand","embeddable":true,"href":"https:\/\/eurotilestone.com\/fr\/wp-json\/wp\/v2\/product_brand?post=47412"},{"taxonomy":"product_cat","embeddable":true,"href":"https:\/\/eurotilestone.com\/fr\/wp-json\/wp\/v2\/product_cat?post=47412"},{"taxonomy":"product_tag","embeddable":true,"href":"https:\/\/eurotilestone.com\/fr\/wp-json\/wp\/v2\/product_tag?post=47412"}],"curies":[{"name":"wp","href":"https:\/\/api.w.org\/{rel}","templated":true}]}}