{"id":46560,"date":"2022-01-21T15:30:48","date_gmt":"2022-01-21T20:30:48","guid":{"rendered":"https:\/\/eurotilestone.com\/product\/arcadia\/"},"modified":"2022-01-21T15:30:48","modified_gmt":"2022-01-21T20:30:48","slug":"arcadia","status":"publish","type":"product","link":"https:\/\/eurotilestone.com\/fr\/produits\/arcadia\/","title":{"rendered":"Arcadia"},"content":{"rendered":"","protected":false},"excerpt":{"rendered":"","protected":false},"featured_media":38154,"template":"","meta":{"_acf_changed":false},"product_brand":[],"product_cat":[4379,4536],"product_tag":[],"class_list":{"0":"post-46560","1":"product","2":"type-product","3":"status-publish","4":"has-post-thumbnail","6":"product_cat-floor-wall-tile-fr","7":"product_cat-mosaiques","8":"pa_colour-grey-fr","9":"pa_colour-noir","10":"pa_colour-white-fr","11":"pa_shape-carre","12":"pa_variation_colour-tecno-bianco-arcadia-fr","13":"pa_variation_colour-tecno-grigio-arcadia-fr","14":"pa_variation_colour-tecno-nero-arcadia-fr","15":"pa_variation_colour-tecno-mix-fr","16":"pa_variation_size_shape-mosaique-carree-2x2","17":"pa_variation_size_shape-24x24-carre","19":"first","20":"instock","21":"sold-individually","22":"shipping-taxable","23":"purchasable","24":"product-type-variable"},"acf":[],"yoast_head":"<!-- This site is optimized with the Yoast SEO Premium plugin v26.6 (Yoast SEO v27.3) - https:\/\/yoast.com\/product\/yoast-seo-premium-wordpress\/ -->\n<title>Arcadia - Euro Tile &amp; Stone<\/title>\n<meta name=\"description\" content=\"La nouvelle collection Arcadia s\u00e9lectionne quatre essences pr\u00e9cieuses et \u00e9vocatrices, caract\u00e9ris\u00e9es par des veines et des contrastes importants, et les transforme en surfaces contemporaines, adapt\u00e9es \u00e0 des contextes r\u00e9sidentiels et commerciaux prestigieux. Chaque couleur de carreau est propos\u00e9e avec deux finitions diff\u00e9rentes, afin d&#039;\u00e9largir les possibilit\u00e9s d&#039;utilisation. La finition bross\u00e9e \u00e9voque le charme de la mati\u00e8re vivante et exalte l&#039;esth\u00e9tique du marbre, tandis que la finition naturelle capture l&#039;essence originale du produit, en exaltant ses qualit\u00e9s esth\u00e9tiques.\" \/>\n<meta name=\"robots\" content=\"index, follow, max-snippet:-1, max-image-preview:large, max-video-preview:-1\" \/>\n<link rel=\"canonical\" href=\"https:\/\/eurotilestone.com\/fr\/produits\/arcadia\/\" \/>\n<meta property=\"og:locale\" content=\"fr_FR\" \/>\n<meta property=\"og:type\" content=\"article\" \/>\n<meta property=\"og:title\" content=\"Arcadia\" \/>\n<meta property=\"og:description\" content=\"La nouvelle collection Arcadia s\u00e9lectionne quatre essences pr\u00e9cieuses et \u00e9vocatrices, caract\u00e9ris\u00e9es par des veines et des contrastes importants, et les transforme en surfaces contemporaines, adapt\u00e9es \u00e0 des contextes r\u00e9sidentiels et commerciaux prestigieux. Chaque couleur de carreau est propos\u00e9e avec deux finitions diff\u00e9rentes, afin d&#039;\u00e9largir les possibilit\u00e9s d&#039;utilisation. La finition bross\u00e9e \u00e9voque le charme de la mati\u00e8re vivante et exalte l&#039;esth\u00e9tique du marbre, tandis que la finition naturelle capture l&#039;essence originale du produit, en exaltant ses qualit\u00e9s esth\u00e9tiques.\" \/>\n<meta property=\"og:url\" content=\"https:\/\/eurotilestone.com\/fr\/produits\/arcadia\/\" \/>\n<meta property=\"og:site_name\" content=\"Euro Tile &amp; Stone\" \/>\n<meta property=\"og:image\" content=\"https:\/\/eurotilestone.com\/wp-content\/uploads\/2022\/01\/euro-tile-stone-tenco-nero-bianco-fireplace-scaled.jpg\" \/>\n\t<meta property=\"og:image:width\" content=\"2560\" \/>\n\t<meta property=\"og:image:height\" content=\"2560\" \/>\n\t<meta property=\"og:image:type\" content=\"image\/jpeg\" \/>\n<meta name=\"twitter:card\" content=\"summary_large_image\" \/>\n<script type=\"application\/ld+json\" class=\"yoast-schema-graph\">{\"@context\":\"https:\\\/\\\/schema.org\",\"@graph\":[{\"@type\":\"WebPage\",\"@id\":\"https:\\\/\\\/eurotilestone.com\\\/fr\\\/produits\\\/arcadia\\\/\",\"url\":\"https:\\\/\\\/eurotilestone.com\\\/fr\\\/produits\\\/arcadia\\\/\",\"name\":\"Arcadia - Euro Tile &amp; Stone\",\"isPartOf\":{\"@id\":\"https:\\\/\\\/eurotilestone.com\\\/fr\\\/#website\"},\"primaryImageOfPage\":{\"@id\":\"https:\\\/\\\/eurotilestone.com\\\/fr\\\/produits\\\/arcadia\\\/#primaryimage\"},\"image\":{\"@id\":\"https:\\\/\\\/eurotilestone.com\\\/fr\\\/produits\\\/arcadia\\\/#primaryimage\"},\"thumbnailUrl\":\"https:\\\/\\\/eurotilestone.com\\\/wp-content\\\/uploads\\\/2022\\\/01\\\/euro-tile-stone-tenco-nero-bianco-fireplace-scaled.jpg\",\"datePublished\":\"2022-01-21T20:30:48+00:00\",\"description\":\"La nouvelle collection Arcadia s\u00e9lectionne quatre essences pr\u00e9cieuses et \u00e9vocatrices, caract\u00e9ris\u00e9es par des veines et des contrastes importants, et les transforme en surfaces contemporaines, adapt\u00e9es \u00e0 des contextes r\u00e9sidentiels et commerciaux prestigieux. Chaque couleur de carreau est propos\u00e9e avec deux finitions diff\u00e9rentes, afin d'\u00e9largir les possibilit\u00e9s d'utilisation. La finition bross\u00e9e \u00e9voque le charme de la mati\u00e8re vivante et exalte l'esth\u00e9tique du marbre, tandis que la finition naturelle capture l'essence originale du produit, en exaltant ses qualit\u00e9s esth\u00e9tiques.\",\"breadcrumb\":{\"@id\":\"https:\\\/\\\/eurotilestone.com\\\/fr\\\/produits\\\/arcadia\\\/#breadcrumb\"},\"inLanguage\":\"fr-FR\",\"potentialAction\":[{\"@type\":\"ReadAction\",\"target\":[\"https:\\\/\\\/eurotilestone.com\\\/fr\\\/produits\\\/arcadia\\\/\"]}]},{\"@type\":\"ImageObject\",\"inLanguage\":\"fr-FR\",\"@id\":\"https:\\\/\\\/eurotilestone.com\\\/fr\\\/produits\\\/arcadia\\\/#primaryimage\",\"url\":\"https:\\\/\\\/eurotilestone.com\\\/wp-content\\\/uploads\\\/2022\\\/01\\\/euro-tile-stone-tenco-nero-bianco-fireplace-scaled.jpg\",\"contentUrl\":\"https:\\\/\\\/eurotilestone.com\\\/wp-content\\\/uploads\\\/2022\\\/01\\\/euro-tile-stone-tenco-nero-bianco-fireplace-scaled.jpg\",\"width\":2560,\"height\":2560},{\"@type\":\"BreadcrumbList\",\"@id\":\"https:\\\/\\\/eurotilestone.com\\\/fr\\\/produits\\\/arcadia\\\/#breadcrumb\",\"itemListElement\":[{\"@type\":\"ListItem\",\"position\":1,\"name\":\"Home\",\"item\":\"https:\\\/\\\/eurotilestone.com\\\/fr\\\/\"},{\"@type\":\"ListItem\",\"position\":2,\"name\":\"Boutique\",\"item\":\"https:\\\/\\\/eurotilestone.com\\\/fr\\\/boutique\\\/\"},{\"@type\":\"ListItem\",\"position\":3,\"name\":\"Arcadia\"}]},{\"@type\":\"WebSite\",\"@id\":\"https:\\\/\\\/eurotilestone.com\\\/fr\\\/#website\",\"url\":\"https:\\\/\\\/eurotilestone.com\\\/fr\\\/\",\"name\":\"Euro Tile & Stone\",\"description\":\"\",\"publisher\":{\"@id\":\"https:\\\/\\\/eurotilestone.com\\\/fr\\\/#organization\"},\"potentialAction\":[{\"@type\":\"SearchAction\",\"target\":{\"@type\":\"EntryPoint\",\"urlTemplate\":\"https:\\\/\\\/eurotilestone.com\\\/fr\\\/?s={search_term_string}\"},\"query-input\":{\"@type\":\"PropertyValueSpecification\",\"valueRequired\":true,\"valueName\":\"search_term_string\"}}],\"inLanguage\":\"fr-FR\"},{\"@type\":\"Organization\",\"@id\":\"https:\\\/\\\/eurotilestone.com\\\/fr\\\/#organization\",\"name\":\"Euro Tile & Stone\",\"url\":\"https:\\\/\\\/eurotilestone.com\\\/fr\\\/\",\"logo\":{\"@type\":\"ImageObject\",\"inLanguage\":\"fr-FR\",\"@id\":\"https:\\\/\\\/eurotilestone.com\\\/fr\\\/#\\\/schema\\\/logo\\\/image\\\/\",\"url\":\"https:\\\/\\\/eurotilestone.com\\\/wp-content\\\/uploads\\\/2024\\\/01\\\/Euro-Logo-1.png\",\"contentUrl\":\"https:\\\/\\\/eurotilestone.com\\\/wp-content\\\/uploads\\\/2024\\\/01\\\/Euro-Logo-1.png\",\"width\":2500,\"height\":781,\"caption\":\"Euro Tile & Stone\"},\"image\":{\"@id\":\"https:\\\/\\\/eurotilestone.com\\\/fr\\\/#\\\/schema\\\/logo\\\/image\\\/\"},\"sameAs\":[\"https:\\\/\\\/www.instagram.com\\\/eurotilestone\\\/\"]}]}<\/script>\n<!-- \/ Yoast SEO Premium plugin. -->","yoast_head_json":{"title":"Arcadia - Euro Tile &amp; Stone","description":"La nouvelle collection Arcadia s\u00e9lectionne quatre essences pr\u00e9cieuses et \u00e9vocatrices, caract\u00e9ris\u00e9es par des veines et des contrastes importants, et les transforme en surfaces contemporaines, adapt\u00e9es \u00e0 des contextes r\u00e9sidentiels et commerciaux prestigieux. Chaque couleur de carreau est propos\u00e9e avec deux finitions diff\u00e9rentes, afin d'\u00e9largir les possibilit\u00e9s d'utilisation. La finition bross\u00e9e \u00e9voque le charme de la mati\u00e8re vivante et exalte l'esth\u00e9tique du marbre, tandis que la finition naturelle capture l'essence originale du produit, en exaltant ses qualit\u00e9s esth\u00e9tiques.","robots":{"index":"index","follow":"follow","max-snippet":"max-snippet:-1","max-image-preview":"max-image-preview:large","max-video-preview":"max-video-preview:-1"},"canonical":"https:\/\/eurotilestone.com\/fr\/produits\/arcadia\/","og_locale":"fr_FR","og_type":"article","og_title":"Arcadia","og_description":"La nouvelle collection Arcadia s\u00e9lectionne quatre essences pr\u00e9cieuses et \u00e9vocatrices, caract\u00e9ris\u00e9es par des veines et des contrastes importants, et les transforme en surfaces contemporaines, adapt\u00e9es \u00e0 des contextes r\u00e9sidentiels et commerciaux prestigieux. Chaque couleur de carreau est propos\u00e9e avec deux finitions diff\u00e9rentes, afin d'\u00e9largir les possibilit\u00e9s d'utilisation. La finition bross\u00e9e \u00e9voque le charme de la mati\u00e8re vivante et exalte l'esth\u00e9tique du marbre, tandis que la finition naturelle capture l'essence originale du produit, en exaltant ses qualit\u00e9s esth\u00e9tiques.","og_url":"https:\/\/eurotilestone.com\/fr\/produits\/arcadia\/","og_site_name":"Euro Tile &amp; Stone","og_image":[{"width":2560,"height":2560,"url":"https:\/\/eurotilestone.com\/wp-content\/uploads\/2022\/01\/euro-tile-stone-tenco-nero-bianco-fireplace-scaled.jpg","type":"image\/jpeg"}],"twitter_card":"summary_large_image","schema":{"@context":"https:\/\/schema.org","@graph":[{"@type":"WebPage","@id":"https:\/\/eurotilestone.com\/fr\/produits\/arcadia\/","url":"https:\/\/eurotilestone.com\/fr\/produits\/arcadia\/","name":"Arcadia - Euro Tile &amp; Stone","isPartOf":{"@id":"https:\/\/eurotilestone.com\/fr\/#website"},"primaryImageOfPage":{"@id":"https:\/\/eurotilestone.com\/fr\/produits\/arcadia\/#primaryimage"},"image":{"@id":"https:\/\/eurotilestone.com\/fr\/produits\/arcadia\/#primaryimage"},"thumbnailUrl":"https:\/\/eurotilestone.com\/wp-content\/uploads\/2022\/01\/euro-tile-stone-tenco-nero-bianco-fireplace-scaled.jpg","datePublished":"2022-01-21T20:30:48+00:00","description":"La nouvelle collection Arcadia s\u00e9lectionne quatre essences pr\u00e9cieuses et \u00e9vocatrices, caract\u00e9ris\u00e9es par des veines et des contrastes importants, et les transforme en surfaces contemporaines, adapt\u00e9es \u00e0 des contextes r\u00e9sidentiels et commerciaux prestigieux. Chaque couleur de carreau est propos\u00e9e avec deux finitions diff\u00e9rentes, afin d'\u00e9largir les possibilit\u00e9s d'utilisation. La finition bross\u00e9e \u00e9voque le charme de la mati\u00e8re vivante et exalte l'esth\u00e9tique du marbre, tandis que la finition naturelle capture l'essence originale du produit, en exaltant ses qualit\u00e9s esth\u00e9tiques.","breadcrumb":{"@id":"https:\/\/eurotilestone.com\/fr\/produits\/arcadia\/#breadcrumb"},"inLanguage":"fr-FR","potentialAction":[{"@type":"ReadAction","target":["https:\/\/eurotilestone.com\/fr\/produits\/arcadia\/"]}]},{"@type":"ImageObject","inLanguage":"fr-FR","@id":"https:\/\/eurotilestone.com\/fr\/produits\/arcadia\/#primaryimage","url":"https:\/\/eurotilestone.com\/wp-content\/uploads\/2022\/01\/euro-tile-stone-tenco-nero-bianco-fireplace-scaled.jpg","contentUrl":"https:\/\/eurotilestone.com\/wp-content\/uploads\/2022\/01\/euro-tile-stone-tenco-nero-bianco-fireplace-scaled.jpg","width":2560,"height":2560},{"@type":"BreadcrumbList","@id":"https:\/\/eurotilestone.com\/fr\/produits\/arcadia\/#breadcrumb","itemListElement":[{"@type":"ListItem","position":1,"name":"Home","item":"https:\/\/eurotilestone.com\/fr\/"},{"@type":"ListItem","position":2,"name":"Boutique","item":"https:\/\/eurotilestone.com\/fr\/boutique\/"},{"@type":"ListItem","position":3,"name":"Arcadia"}]},{"@type":"WebSite","@id":"https:\/\/eurotilestone.com\/fr\/#website","url":"https:\/\/eurotilestone.com\/fr\/","name":"Euro Tile & Stone","description":"","publisher":{"@id":"https:\/\/eurotilestone.com\/fr\/#organization"},"potentialAction":[{"@type":"SearchAction","target":{"@type":"EntryPoint","urlTemplate":"https:\/\/eurotilestone.com\/fr\/?s={search_term_string}"},"query-input":{"@type":"PropertyValueSpecification","valueRequired":true,"valueName":"search_term_string"}}],"inLanguage":"fr-FR"},{"@type":"Organization","@id":"https:\/\/eurotilestone.com\/fr\/#organization","name":"Euro Tile & Stone","url":"https:\/\/eurotilestone.com\/fr\/","logo":{"@type":"ImageObject","inLanguage":"fr-FR","@id":"https:\/\/eurotilestone.com\/fr\/#\/schema\/logo\/image\/","url":"https:\/\/eurotilestone.com\/wp-content\/uploads\/2024\/01\/Euro-Logo-1.png","contentUrl":"https:\/\/eurotilestone.com\/wp-content\/uploads\/2024\/01\/Euro-Logo-1.png","width":2500,"height":781,"caption":"Euro Tile & Stone"},"image":{"@id":"https:\/\/eurotilestone.com\/fr\/#\/schema\/logo\/image\/"},"sameAs":["https:\/\/www.instagram.com\/eurotilestone\/"]}]}},"_links":{"self":[{"href":"https:\/\/eurotilestone.com\/fr\/wp-json\/wp\/v2\/product\/46560","targetHints":{"allow":["GET"]}}],"collection":[{"href":"https:\/\/eurotilestone.com\/fr\/wp-json\/wp\/v2\/product"}],"about":[{"href":"https:\/\/eurotilestone.com\/fr\/wp-json\/wp\/v2\/types\/product"}],"wp:featuredmedia":[{"embeddable":true,"href":"https:\/\/eurotilestone.com\/fr\/wp-json\/wp\/v2\/media\/38154"}],"wp:attachment":[{"href":"https:\/\/eurotilestone.com\/fr\/wp-json\/wp\/v2\/media?parent=46560"}],"wp:term":[{"taxonomy":"product_brand","embeddable":true,"href":"https:\/\/eurotilestone.com\/fr\/wp-json\/wp\/v2\/product_brand?post=46560"},{"taxonomy":"product_cat","embeddable":true,"href":"https:\/\/eurotilestone.com\/fr\/wp-json\/wp\/v2\/product_cat?post=46560"},{"taxonomy":"product_tag","embeddable":true,"href":"https:\/\/eurotilestone.com\/fr\/wp-json\/wp\/v2\/product_tag?post=46560"}],"curies":[{"name":"wp","href":"https:\/\/api.w.org\/{rel}","templated":true}]}}