{"id":46471,"date":"2022-01-21T14:02:52","date_gmt":"2022-01-21T19:02:52","guid":{"rendered":"https:\/\/eurotilestone.com\/product\/golden-ages\/"},"modified":"2022-01-21T14:02:52","modified_gmt":"2022-01-21T19:02:52","slug":"golden-ages","status":"publish","type":"product","link":"https:\/\/eurotilestone.com\/fr\/produits\/golden-ages\/","title":{"rendered":"Golden Ages"},"content":{"rendered":"","protected":false},"excerpt":{"rendered":"","protected":false},"featured_media":38107,"template":"","meta":{"_acf_changed":false},"product_brand":[],"product_cat":[4379,4536],"product_tag":[],"class_list":{"0":"post-46471","1":"product","2":"type-product","3":"status-publish","4":"has-post-thumbnail","6":"product_cat-floor-wall-tile-fr","7":"product_cat-mosaiques","8":"pa_colour-white-fr","9":"pa_colour-grey-fr","10":"pa_shape-chevron-fr","11":"pa_shape-carre","12":"pa_variation_colour-gris-age-dor","13":"pa_variation_colour-blanc-age-dor","14":"pa_variation_size_shape-mosaique-chevron","15":"pa_variation_size_shape-24x24-carre","16":"pa_variation_size_shape-2x12-fr","17":"pa_variation_size_shape-24x48-fr","19":"first","20":"instock","21":"sold-individually","22":"shipping-taxable","23":"purchasable","24":"product-type-variable"},"acf":[],"yoast_head":"<!-- This site is optimized with the Yoast SEO Premium plugin v26.6 (Yoast SEO v27.3) - https:\/\/yoast.com\/product\/yoast-seo-premium-wordpress\/ -->\n<title>Golden Ages - Euro Tile &amp; Stone<\/title>\n<meta name=\"description\" content=\"Gr\u00e2ce \u00e0 la technologie originale 3D Shaped, trois marbres raffin\u00e9s et pr\u00e9cieux de la collection Golden Age sont transform\u00e9s en carreaux au charme unique. La couleur blanche est inspir\u00e9e du marbre Invisible Gray, avec des tons intenses mais d\u00e9licats, des veines fortes et de pr\u00e9cieuses variations dor\u00e9es et grises ; la couleur beige est inspir\u00e9e du marbre fran\u00e7ais Opera Fantastico, caract\u00e9ris\u00e9 par des veines dor\u00e9es, brunes, beiges et violettes, m\u00e9lang\u00e9es pour obtenir sa beaut\u00e9 et sa richesse naturelles ; la couleur grise reproduit la riche surface du marbre Red Gray Onyx.\" \/>\n<meta name=\"robots\" content=\"index, follow, max-snippet:-1, max-image-preview:large, max-video-preview:-1\" \/>\n<link rel=\"canonical\" href=\"https:\/\/eurotilestone.com\/fr\/produits\/golden-ages\/\" \/>\n<meta property=\"og:locale\" content=\"fr_FR\" \/>\n<meta property=\"og:type\" content=\"article\" \/>\n<meta property=\"og:title\" content=\"Golden Ages\" \/>\n<meta property=\"og:description\" content=\"Gr\u00e2ce \u00e0 la technologie originale 3D Shaped, trois marbres raffin\u00e9s et pr\u00e9cieux de la collection Golden Age sont transform\u00e9s en carreaux au charme unique. La couleur blanche est inspir\u00e9e du marbre Invisible Gray, avec des tons intenses mais d\u00e9licats, des veines fortes et de pr\u00e9cieuses variations dor\u00e9es et grises ; la couleur beige est inspir\u00e9e du marbre fran\u00e7ais Opera Fantastico, caract\u00e9ris\u00e9 par des veines dor\u00e9es, brunes, beiges et violettes, m\u00e9lang\u00e9es pour obtenir sa beaut\u00e9 et sa richesse naturelles ; la couleur grise reproduit la riche surface du marbre Red Gray Onyx.\" \/>\n<meta property=\"og:url\" content=\"https:\/\/eurotilestone.com\/fr\/produits\/golden-ages\/\" \/>\n<meta property=\"og:site_name\" content=\"Euro Tile &amp; Stone\" \/>\n<meta property=\"og:image\" content=\"https:\/\/eurotilestone.com\/wp-content\/uploads\/2022\/01\/euro-tile-stone-golden-age-white-reception.jpg\" \/>\n\t<meta property=\"og:image:width\" content=\"902\" \/>\n\t<meta property=\"og:image:height\" content=\"774\" \/>\n\t<meta property=\"og:image:type\" content=\"image\/jpeg\" \/>\n<meta name=\"twitter:card\" content=\"summary_large_image\" \/>\n<script type=\"application\/ld+json\" class=\"yoast-schema-graph\">{\"@context\":\"https:\\\/\\\/schema.org\",\"@graph\":[{\"@type\":\"WebPage\",\"@id\":\"https:\\\/\\\/eurotilestone.com\\\/fr\\\/produits\\\/golden-ages\\\/\",\"url\":\"https:\\\/\\\/eurotilestone.com\\\/fr\\\/produits\\\/golden-ages\\\/\",\"name\":\"Golden Ages - Euro Tile &amp; Stone\",\"isPartOf\":{\"@id\":\"https:\\\/\\\/eurotilestone.com\\\/fr\\\/#website\"},\"primaryImageOfPage\":{\"@id\":\"https:\\\/\\\/eurotilestone.com\\\/fr\\\/produits\\\/golden-ages\\\/#primaryimage\"},\"image\":{\"@id\":\"https:\\\/\\\/eurotilestone.com\\\/fr\\\/produits\\\/golden-ages\\\/#primaryimage\"},\"thumbnailUrl\":\"https:\\\/\\\/eurotilestone.com\\\/wp-content\\\/uploads\\\/2022\\\/01\\\/euro-tile-stone-golden-age-white-reception.jpg\",\"datePublished\":\"2022-01-21T19:02:52+00:00\",\"description\":\"Gr\u00e2ce \u00e0 la technologie originale 3D Shaped, trois marbres raffin\u00e9s et pr\u00e9cieux de la collection Golden Age sont transform\u00e9s en carreaux au charme unique. La couleur blanche est inspir\u00e9e du marbre Invisible Gray, avec des tons intenses mais d\u00e9licats, des veines fortes et de pr\u00e9cieuses variations dor\u00e9es et grises ; la couleur beige est inspir\u00e9e du marbre fran\u00e7ais Opera Fantastico, caract\u00e9ris\u00e9 par des veines dor\u00e9es, brunes, beiges et violettes, m\u00e9lang\u00e9es pour obtenir sa beaut\u00e9 et sa richesse naturelles ; la couleur grise reproduit la riche surface du marbre Red Gray Onyx.\",\"breadcrumb\":{\"@id\":\"https:\\\/\\\/eurotilestone.com\\\/fr\\\/produits\\\/golden-ages\\\/#breadcrumb\"},\"inLanguage\":\"fr-FR\",\"potentialAction\":[{\"@type\":\"ReadAction\",\"target\":[\"https:\\\/\\\/eurotilestone.com\\\/fr\\\/produits\\\/golden-ages\\\/\"]}]},{\"@type\":\"ImageObject\",\"inLanguage\":\"fr-FR\",\"@id\":\"https:\\\/\\\/eurotilestone.com\\\/fr\\\/produits\\\/golden-ages\\\/#primaryimage\",\"url\":\"https:\\\/\\\/eurotilestone.com\\\/wp-content\\\/uploads\\\/2022\\\/01\\\/euro-tile-stone-golden-age-white-reception.jpg\",\"contentUrl\":\"https:\\\/\\\/eurotilestone.com\\\/wp-content\\\/uploads\\\/2022\\\/01\\\/euro-tile-stone-golden-age-white-reception.jpg\",\"width\":902,\"height\":774},{\"@type\":\"BreadcrumbList\",\"@id\":\"https:\\\/\\\/eurotilestone.com\\\/fr\\\/produits\\\/golden-ages\\\/#breadcrumb\",\"itemListElement\":[{\"@type\":\"ListItem\",\"position\":1,\"name\":\"Home\",\"item\":\"https:\\\/\\\/eurotilestone.com\\\/fr\\\/\"},{\"@type\":\"ListItem\",\"position\":2,\"name\":\"Boutique\",\"item\":\"https:\\\/\\\/eurotilestone.com\\\/fr\\\/boutique\\\/\"},{\"@type\":\"ListItem\",\"position\":3,\"name\":\"Golden Ages\"}]},{\"@type\":\"WebSite\",\"@id\":\"https:\\\/\\\/eurotilestone.com\\\/fr\\\/#website\",\"url\":\"https:\\\/\\\/eurotilestone.com\\\/fr\\\/\",\"name\":\"Euro Tile & Stone\",\"description\":\"\",\"publisher\":{\"@id\":\"https:\\\/\\\/eurotilestone.com\\\/fr\\\/#organization\"},\"potentialAction\":[{\"@type\":\"SearchAction\",\"target\":{\"@type\":\"EntryPoint\",\"urlTemplate\":\"https:\\\/\\\/eurotilestone.com\\\/fr\\\/?s={search_term_string}\"},\"query-input\":{\"@type\":\"PropertyValueSpecification\",\"valueRequired\":true,\"valueName\":\"search_term_string\"}}],\"inLanguage\":\"fr-FR\"},{\"@type\":\"Organization\",\"@id\":\"https:\\\/\\\/eurotilestone.com\\\/fr\\\/#organization\",\"name\":\"Euro Tile & Stone\",\"url\":\"https:\\\/\\\/eurotilestone.com\\\/fr\\\/\",\"logo\":{\"@type\":\"ImageObject\",\"inLanguage\":\"fr-FR\",\"@id\":\"https:\\\/\\\/eurotilestone.com\\\/fr\\\/#\\\/schema\\\/logo\\\/image\\\/\",\"url\":\"https:\\\/\\\/eurotilestone.com\\\/wp-content\\\/uploads\\\/2024\\\/01\\\/Euro-Logo-1.png\",\"contentUrl\":\"https:\\\/\\\/eurotilestone.com\\\/wp-content\\\/uploads\\\/2024\\\/01\\\/Euro-Logo-1.png\",\"width\":2500,\"height\":781,\"caption\":\"Euro Tile & Stone\"},\"image\":{\"@id\":\"https:\\\/\\\/eurotilestone.com\\\/fr\\\/#\\\/schema\\\/logo\\\/image\\\/\"},\"sameAs\":[\"https:\\\/\\\/www.instagram.com\\\/eurotilestone\\\/\"]}]}<\/script>\n<!-- \/ Yoast SEO Premium plugin. -->","yoast_head_json":{"title":"Golden Ages - Euro Tile &amp; Stone","description":"Gr\u00e2ce \u00e0 la technologie originale 3D Shaped, trois marbres raffin\u00e9s et pr\u00e9cieux de la collection Golden Age sont transform\u00e9s en carreaux au charme unique. La couleur blanche est inspir\u00e9e du marbre Invisible Gray, avec des tons intenses mais d\u00e9licats, des veines fortes et de pr\u00e9cieuses variations dor\u00e9es et grises ; la couleur beige est inspir\u00e9e du marbre fran\u00e7ais Opera Fantastico, caract\u00e9ris\u00e9 par des veines dor\u00e9es, brunes, beiges et violettes, m\u00e9lang\u00e9es pour obtenir sa beaut\u00e9 et sa richesse naturelles ; la couleur grise reproduit la riche surface du marbre Red Gray Onyx.","robots":{"index":"index","follow":"follow","max-snippet":"max-snippet:-1","max-image-preview":"max-image-preview:large","max-video-preview":"max-video-preview:-1"},"canonical":"https:\/\/eurotilestone.com\/fr\/produits\/golden-ages\/","og_locale":"fr_FR","og_type":"article","og_title":"Golden Ages","og_description":"Gr\u00e2ce \u00e0 la technologie originale 3D Shaped, trois marbres raffin\u00e9s et pr\u00e9cieux de la collection Golden Age sont transform\u00e9s en carreaux au charme unique. La couleur blanche est inspir\u00e9e du marbre Invisible Gray, avec des tons intenses mais d\u00e9licats, des veines fortes et de pr\u00e9cieuses variations dor\u00e9es et grises ; la couleur beige est inspir\u00e9e du marbre fran\u00e7ais Opera Fantastico, caract\u00e9ris\u00e9 par des veines dor\u00e9es, brunes, beiges et violettes, m\u00e9lang\u00e9es pour obtenir sa beaut\u00e9 et sa richesse naturelles ; la couleur grise reproduit la riche surface du marbre Red Gray Onyx.","og_url":"https:\/\/eurotilestone.com\/fr\/produits\/golden-ages\/","og_site_name":"Euro Tile &amp; Stone","og_image":[{"width":902,"height":774,"url":"https:\/\/eurotilestone.com\/wp-content\/uploads\/2022\/01\/euro-tile-stone-golden-age-white-reception.jpg","type":"image\/jpeg"}],"twitter_card":"summary_large_image","schema":{"@context":"https:\/\/schema.org","@graph":[{"@type":"WebPage","@id":"https:\/\/eurotilestone.com\/fr\/produits\/golden-ages\/","url":"https:\/\/eurotilestone.com\/fr\/produits\/golden-ages\/","name":"Golden Ages - Euro Tile &amp; Stone","isPartOf":{"@id":"https:\/\/eurotilestone.com\/fr\/#website"},"primaryImageOfPage":{"@id":"https:\/\/eurotilestone.com\/fr\/produits\/golden-ages\/#primaryimage"},"image":{"@id":"https:\/\/eurotilestone.com\/fr\/produits\/golden-ages\/#primaryimage"},"thumbnailUrl":"https:\/\/eurotilestone.com\/wp-content\/uploads\/2022\/01\/euro-tile-stone-golden-age-white-reception.jpg","datePublished":"2022-01-21T19:02:52+00:00","description":"Gr\u00e2ce \u00e0 la technologie originale 3D Shaped, trois marbres raffin\u00e9s et pr\u00e9cieux de la collection Golden Age sont transform\u00e9s en carreaux au charme unique. La couleur blanche est inspir\u00e9e du marbre Invisible Gray, avec des tons intenses mais d\u00e9licats, des veines fortes et de pr\u00e9cieuses variations dor\u00e9es et grises ; la couleur beige est inspir\u00e9e du marbre fran\u00e7ais Opera Fantastico, caract\u00e9ris\u00e9 par des veines dor\u00e9es, brunes, beiges et violettes, m\u00e9lang\u00e9es pour obtenir sa beaut\u00e9 et sa richesse naturelles ; la couleur grise reproduit la riche surface du marbre Red Gray Onyx.","breadcrumb":{"@id":"https:\/\/eurotilestone.com\/fr\/produits\/golden-ages\/#breadcrumb"},"inLanguage":"fr-FR","potentialAction":[{"@type":"ReadAction","target":["https:\/\/eurotilestone.com\/fr\/produits\/golden-ages\/"]}]},{"@type":"ImageObject","inLanguage":"fr-FR","@id":"https:\/\/eurotilestone.com\/fr\/produits\/golden-ages\/#primaryimage","url":"https:\/\/eurotilestone.com\/wp-content\/uploads\/2022\/01\/euro-tile-stone-golden-age-white-reception.jpg","contentUrl":"https:\/\/eurotilestone.com\/wp-content\/uploads\/2022\/01\/euro-tile-stone-golden-age-white-reception.jpg","width":902,"height":774},{"@type":"BreadcrumbList","@id":"https:\/\/eurotilestone.com\/fr\/produits\/golden-ages\/#breadcrumb","itemListElement":[{"@type":"ListItem","position":1,"name":"Home","item":"https:\/\/eurotilestone.com\/fr\/"},{"@type":"ListItem","position":2,"name":"Boutique","item":"https:\/\/eurotilestone.com\/fr\/boutique\/"},{"@type":"ListItem","position":3,"name":"Golden Ages"}]},{"@type":"WebSite","@id":"https:\/\/eurotilestone.com\/fr\/#website","url":"https:\/\/eurotilestone.com\/fr\/","name":"Euro Tile & Stone","description":"","publisher":{"@id":"https:\/\/eurotilestone.com\/fr\/#organization"},"potentialAction":[{"@type":"SearchAction","target":{"@type":"EntryPoint","urlTemplate":"https:\/\/eurotilestone.com\/fr\/?s={search_term_string}"},"query-input":{"@type":"PropertyValueSpecification","valueRequired":true,"valueName":"search_term_string"}}],"inLanguage":"fr-FR"},{"@type":"Organization","@id":"https:\/\/eurotilestone.com\/fr\/#organization","name":"Euro Tile & Stone","url":"https:\/\/eurotilestone.com\/fr\/","logo":{"@type":"ImageObject","inLanguage":"fr-FR","@id":"https:\/\/eurotilestone.com\/fr\/#\/schema\/logo\/image\/","url":"https:\/\/eurotilestone.com\/wp-content\/uploads\/2024\/01\/Euro-Logo-1.png","contentUrl":"https:\/\/eurotilestone.com\/wp-content\/uploads\/2024\/01\/Euro-Logo-1.png","width":2500,"height":781,"caption":"Euro Tile & Stone"},"image":{"@id":"https:\/\/eurotilestone.com\/fr\/#\/schema\/logo\/image\/"},"sameAs":["https:\/\/www.instagram.com\/eurotilestone\/"]}]}},"_links":{"self":[{"href":"https:\/\/eurotilestone.com\/fr\/wp-json\/wp\/v2\/product\/46471","targetHints":{"allow":["GET"]}}],"collection":[{"href":"https:\/\/eurotilestone.com\/fr\/wp-json\/wp\/v2\/product"}],"about":[{"href":"https:\/\/eurotilestone.com\/fr\/wp-json\/wp\/v2\/types\/product"}],"wp:featuredmedia":[{"embeddable":true,"href":"https:\/\/eurotilestone.com\/fr\/wp-json\/wp\/v2\/media\/38107"}],"wp:attachment":[{"href":"https:\/\/eurotilestone.com\/fr\/wp-json\/wp\/v2\/media?parent=46471"}],"wp:term":[{"taxonomy":"product_brand","embeddable":true,"href":"https:\/\/eurotilestone.com\/fr\/wp-json\/wp\/v2\/product_brand?post=46471"},{"taxonomy":"product_cat","embeddable":true,"href":"https:\/\/eurotilestone.com\/fr\/wp-json\/wp\/v2\/product_cat?post=46471"},{"taxonomy":"product_tag","embeddable":true,"href":"https:\/\/eurotilestone.com\/fr\/wp-json\/wp\/v2\/product_tag?post=46471"}],"curies":[{"name":"wp","href":"https:\/\/api.w.org\/{rel}","templated":true}]}}