{"id":46385,"date":"2020-11-10T13:04:20","date_gmt":"2020-11-10T18:04:20","guid":{"rendered":"https:\/\/eurotilestone.com\/product\/stream\/"},"modified":"2020-11-10T13:04:20","modified_gmt":"2020-11-10T18:04:20","slug":"stream","status":"publish","type":"product","link":"https:\/\/eurotilestone.com\/fr\/produits\/stream\/","title":{"rendered":"Stream"},"content":{"rendered":"","protected":false},"excerpt":{"rendered":"","protected":false},"featured_media":37898,"template":"","meta":{"_acf_changed":false},"product_brand":[],"product_cat":[4379,4536],"product_tag":[],"class_list":{"0":"post-46385","1":"product","2":"type-product","3":"status-publish","4":"has-post-thumbnail","6":"product_cat-floor-wall-tile-fr","7":"product_cat-mosaiques","8":"pa_colour-grey-fr","9":"pa_colour-beige-fr","10":"pa_shape-carre","11":"pa_shape-rectangle-fr","12":"pa_shape-planche","13":"pa_variation_colour-bone-stream-fr","14":"pa_variation_colour-surfaces-bone-stream-fr","15":"pa_variation_colour-argent-flux","16":"pa_variation_size_shape-24x48-fr","17":"pa_variation_size_shape-4x24-plank-fr","18":"pa_variation_size_shape-mosaique-carree-2x2","19":"pa_variation_size_shape-24x24-carre","21":"first","22":"instock","23":"sold-individually","24":"shipping-taxable","25":"purchasable","26":"product-type-variable"},"acf":[],"yoast_head":"<!-- This site is optimized with the Yoast SEO Premium plugin v26.6 (Yoast SEO v27.3) - https:\/\/yoast.com\/product\/yoast-seo-premium-wordpress\/ -->\n<title>Stream - Euro Tile &amp; Stone<\/title>\n<meta name=\"description\" content=\"Disponible en deux couleurs \u00e9poustouflantes et en diff\u00e9rents formats, la collection Stream apporte une touche d&#039;\u00e9merveillement \u00e0 vos cr\u00e9ations. L&#039;esth\u00e9tique et la technologie travaillent main dans la main pour apporter la beaut\u00e9 du travertin naturel \u00e0 vos espaces pour un look classique qui ne se lassera jamais.\" \/>\n<meta name=\"robots\" content=\"index, follow, max-snippet:-1, max-image-preview:large, max-video-preview:-1\" \/>\n<link rel=\"canonical\" href=\"https:\/\/eurotilestone.com\/fr\/produits\/stream\/\" \/>\n<meta property=\"og:locale\" content=\"fr_FR\" \/>\n<meta property=\"og:type\" content=\"article\" \/>\n<meta property=\"og:title\" content=\"Stream\" \/>\n<meta property=\"og:description\" content=\"Disponible en deux couleurs \u00e9poustouflantes et en diff\u00e9rents formats, la collection Stream apporte une touche d&#039;\u00e9merveillement \u00e0 vos cr\u00e9ations. L&#039;esth\u00e9tique et la technologie travaillent main dans la main pour apporter la beaut\u00e9 du travertin naturel \u00e0 vos espaces pour un look classique qui ne se lassera jamais.\" \/>\n<meta property=\"og:url\" content=\"https:\/\/eurotilestone.com\/fr\/produits\/stream\/\" \/>\n<meta property=\"og:site_name\" content=\"Euro Tile &amp; Stone\" \/>\n<meta property=\"og:image\" content=\"https:\/\/eurotilestone.com\/wp-content\/uploads\/2020\/11\/euro-tile-stone-stream-silver-dining.jpg\" \/>\n\t<meta property=\"og:image:width\" content=\"840\" \/>\n\t<meta property=\"og:image:height\" content=\"840\" \/>\n\t<meta property=\"og:image:type\" content=\"image\/jpeg\" \/>\n<meta name=\"twitter:card\" content=\"summary_large_image\" \/>\n<script type=\"application\/ld+json\" class=\"yoast-schema-graph\">{\"@context\":\"https:\\\/\\\/schema.org\",\"@graph\":[{\"@type\":\"WebPage\",\"@id\":\"https:\\\/\\\/eurotilestone.com\\\/fr\\\/produits\\\/stream\\\/\",\"url\":\"https:\\\/\\\/eurotilestone.com\\\/fr\\\/produits\\\/stream\\\/\",\"name\":\"Stream - Euro Tile &amp; Stone\",\"isPartOf\":{\"@id\":\"https:\\\/\\\/eurotilestone.com\\\/fr\\\/#website\"},\"primaryImageOfPage\":{\"@id\":\"https:\\\/\\\/eurotilestone.com\\\/fr\\\/produits\\\/stream\\\/#primaryimage\"},\"image\":{\"@id\":\"https:\\\/\\\/eurotilestone.com\\\/fr\\\/produits\\\/stream\\\/#primaryimage\"},\"thumbnailUrl\":\"https:\\\/\\\/eurotilestone.com\\\/wp-content\\\/uploads\\\/2020\\\/11\\\/euro-tile-stone-stream-silver-dining.jpg\",\"datePublished\":\"2020-11-10T18:04:20+00:00\",\"description\":\"Disponible en deux couleurs \u00e9poustouflantes et en diff\u00e9rents formats, la collection Stream apporte une touche d'\u00e9merveillement \u00e0 vos cr\u00e9ations. L'esth\u00e9tique et la technologie travaillent main dans la main pour apporter la beaut\u00e9 du travertin naturel \u00e0 vos espaces pour un look classique qui ne se lassera jamais.\",\"breadcrumb\":{\"@id\":\"https:\\\/\\\/eurotilestone.com\\\/fr\\\/produits\\\/stream\\\/#breadcrumb\"},\"inLanguage\":\"fr-FR\",\"potentialAction\":[{\"@type\":\"ReadAction\",\"target\":[\"https:\\\/\\\/eurotilestone.com\\\/fr\\\/produits\\\/stream\\\/\"]}]},{\"@type\":\"ImageObject\",\"inLanguage\":\"fr-FR\",\"@id\":\"https:\\\/\\\/eurotilestone.com\\\/fr\\\/produits\\\/stream\\\/#primaryimage\",\"url\":\"https:\\\/\\\/eurotilestone.com\\\/wp-content\\\/uploads\\\/2020\\\/11\\\/euro-tile-stone-stream-silver-dining.jpg\",\"contentUrl\":\"https:\\\/\\\/eurotilestone.com\\\/wp-content\\\/uploads\\\/2020\\\/11\\\/euro-tile-stone-stream-silver-dining.jpg\",\"width\":840,\"height\":840,\"caption\":\"euro-tile-stone-stream-silver-dining\"},{\"@type\":\"BreadcrumbList\",\"@id\":\"https:\\\/\\\/eurotilestone.com\\\/fr\\\/produits\\\/stream\\\/#breadcrumb\",\"itemListElement\":[{\"@type\":\"ListItem\",\"position\":1,\"name\":\"Home\",\"item\":\"https:\\\/\\\/eurotilestone.com\\\/fr\\\/\"},{\"@type\":\"ListItem\",\"position\":2,\"name\":\"Boutique\",\"item\":\"https:\\\/\\\/eurotilestone.com\\\/fr\\\/boutique\\\/\"},{\"@type\":\"ListItem\",\"position\":3,\"name\":\"Stream\"}]},{\"@type\":\"WebSite\",\"@id\":\"https:\\\/\\\/eurotilestone.com\\\/fr\\\/#website\",\"url\":\"https:\\\/\\\/eurotilestone.com\\\/fr\\\/\",\"name\":\"Euro Tile & Stone\",\"description\":\"\",\"publisher\":{\"@id\":\"https:\\\/\\\/eurotilestone.com\\\/fr\\\/#organization\"},\"potentialAction\":[{\"@type\":\"SearchAction\",\"target\":{\"@type\":\"EntryPoint\",\"urlTemplate\":\"https:\\\/\\\/eurotilestone.com\\\/fr\\\/?s={search_term_string}\"},\"query-input\":{\"@type\":\"PropertyValueSpecification\",\"valueRequired\":true,\"valueName\":\"search_term_string\"}}],\"inLanguage\":\"fr-FR\"},{\"@type\":\"Organization\",\"@id\":\"https:\\\/\\\/eurotilestone.com\\\/fr\\\/#organization\",\"name\":\"Euro Tile & Stone\",\"url\":\"https:\\\/\\\/eurotilestone.com\\\/fr\\\/\",\"logo\":{\"@type\":\"ImageObject\",\"inLanguage\":\"fr-FR\",\"@id\":\"https:\\\/\\\/eurotilestone.com\\\/fr\\\/#\\\/schema\\\/logo\\\/image\\\/\",\"url\":\"https:\\\/\\\/eurotilestone.com\\\/wp-content\\\/uploads\\\/2024\\\/01\\\/Euro-Logo-1.png\",\"contentUrl\":\"https:\\\/\\\/eurotilestone.com\\\/wp-content\\\/uploads\\\/2024\\\/01\\\/Euro-Logo-1.png\",\"width\":2500,\"height\":781,\"caption\":\"Euro Tile & Stone\"},\"image\":{\"@id\":\"https:\\\/\\\/eurotilestone.com\\\/fr\\\/#\\\/schema\\\/logo\\\/image\\\/\"},\"sameAs\":[\"https:\\\/\\\/www.instagram.com\\\/eurotilestone\\\/\"]}]}<\/script>\n<!-- \/ Yoast SEO Premium plugin. -->","yoast_head_json":{"title":"Stream - Euro Tile &amp; Stone","description":"Disponible en deux couleurs \u00e9poustouflantes et en diff\u00e9rents formats, la collection Stream apporte une touche d'\u00e9merveillement \u00e0 vos cr\u00e9ations. L'esth\u00e9tique et la technologie travaillent main dans la main pour apporter la beaut\u00e9 du travertin naturel \u00e0 vos espaces pour un look classique qui ne se lassera jamais.","robots":{"index":"index","follow":"follow","max-snippet":"max-snippet:-1","max-image-preview":"max-image-preview:large","max-video-preview":"max-video-preview:-1"},"canonical":"https:\/\/eurotilestone.com\/fr\/produits\/stream\/","og_locale":"fr_FR","og_type":"article","og_title":"Stream","og_description":"Disponible en deux couleurs \u00e9poustouflantes et en diff\u00e9rents formats, la collection Stream apporte une touche d'\u00e9merveillement \u00e0 vos cr\u00e9ations. L'esth\u00e9tique et la technologie travaillent main dans la main pour apporter la beaut\u00e9 du travertin naturel \u00e0 vos espaces pour un look classique qui ne se lassera jamais.","og_url":"https:\/\/eurotilestone.com\/fr\/produits\/stream\/","og_site_name":"Euro Tile &amp; Stone","og_image":[{"width":840,"height":840,"url":"https:\/\/eurotilestone.com\/wp-content\/uploads\/2020\/11\/euro-tile-stone-stream-silver-dining.jpg","type":"image\/jpeg"}],"twitter_card":"summary_large_image","schema":{"@context":"https:\/\/schema.org","@graph":[{"@type":"WebPage","@id":"https:\/\/eurotilestone.com\/fr\/produits\/stream\/","url":"https:\/\/eurotilestone.com\/fr\/produits\/stream\/","name":"Stream - Euro Tile &amp; Stone","isPartOf":{"@id":"https:\/\/eurotilestone.com\/fr\/#website"},"primaryImageOfPage":{"@id":"https:\/\/eurotilestone.com\/fr\/produits\/stream\/#primaryimage"},"image":{"@id":"https:\/\/eurotilestone.com\/fr\/produits\/stream\/#primaryimage"},"thumbnailUrl":"https:\/\/eurotilestone.com\/wp-content\/uploads\/2020\/11\/euro-tile-stone-stream-silver-dining.jpg","datePublished":"2020-11-10T18:04:20+00:00","description":"Disponible en deux couleurs \u00e9poustouflantes et en diff\u00e9rents formats, la collection Stream apporte une touche d'\u00e9merveillement \u00e0 vos cr\u00e9ations. L'esth\u00e9tique et la technologie travaillent main dans la main pour apporter la beaut\u00e9 du travertin naturel \u00e0 vos espaces pour un look classique qui ne se lassera jamais.","breadcrumb":{"@id":"https:\/\/eurotilestone.com\/fr\/produits\/stream\/#breadcrumb"},"inLanguage":"fr-FR","potentialAction":[{"@type":"ReadAction","target":["https:\/\/eurotilestone.com\/fr\/produits\/stream\/"]}]},{"@type":"ImageObject","inLanguage":"fr-FR","@id":"https:\/\/eurotilestone.com\/fr\/produits\/stream\/#primaryimage","url":"https:\/\/eurotilestone.com\/wp-content\/uploads\/2020\/11\/euro-tile-stone-stream-silver-dining.jpg","contentUrl":"https:\/\/eurotilestone.com\/wp-content\/uploads\/2020\/11\/euro-tile-stone-stream-silver-dining.jpg","width":840,"height":840,"caption":"euro-tile-stone-stream-silver-dining"},{"@type":"BreadcrumbList","@id":"https:\/\/eurotilestone.com\/fr\/produits\/stream\/#breadcrumb","itemListElement":[{"@type":"ListItem","position":1,"name":"Home","item":"https:\/\/eurotilestone.com\/fr\/"},{"@type":"ListItem","position":2,"name":"Boutique","item":"https:\/\/eurotilestone.com\/fr\/boutique\/"},{"@type":"ListItem","position":3,"name":"Stream"}]},{"@type":"WebSite","@id":"https:\/\/eurotilestone.com\/fr\/#website","url":"https:\/\/eurotilestone.com\/fr\/","name":"Euro Tile & Stone","description":"","publisher":{"@id":"https:\/\/eurotilestone.com\/fr\/#organization"},"potentialAction":[{"@type":"SearchAction","target":{"@type":"EntryPoint","urlTemplate":"https:\/\/eurotilestone.com\/fr\/?s={search_term_string}"},"query-input":{"@type":"PropertyValueSpecification","valueRequired":true,"valueName":"search_term_string"}}],"inLanguage":"fr-FR"},{"@type":"Organization","@id":"https:\/\/eurotilestone.com\/fr\/#organization","name":"Euro Tile & Stone","url":"https:\/\/eurotilestone.com\/fr\/","logo":{"@type":"ImageObject","inLanguage":"fr-FR","@id":"https:\/\/eurotilestone.com\/fr\/#\/schema\/logo\/image\/","url":"https:\/\/eurotilestone.com\/wp-content\/uploads\/2024\/01\/Euro-Logo-1.png","contentUrl":"https:\/\/eurotilestone.com\/wp-content\/uploads\/2024\/01\/Euro-Logo-1.png","width":2500,"height":781,"caption":"Euro Tile & Stone"},"image":{"@id":"https:\/\/eurotilestone.com\/fr\/#\/schema\/logo\/image\/"},"sameAs":["https:\/\/www.instagram.com\/eurotilestone\/"]}]}},"_links":{"self":[{"href":"https:\/\/eurotilestone.com\/fr\/wp-json\/wp\/v2\/product\/46385","targetHints":{"allow":["GET"]}}],"collection":[{"href":"https:\/\/eurotilestone.com\/fr\/wp-json\/wp\/v2\/product"}],"about":[{"href":"https:\/\/eurotilestone.com\/fr\/wp-json\/wp\/v2\/types\/product"}],"wp:featuredmedia":[{"embeddable":true,"href":"https:\/\/eurotilestone.com\/fr\/wp-json\/wp\/v2\/media\/37898"}],"wp:attachment":[{"href":"https:\/\/eurotilestone.com\/fr\/wp-json\/wp\/v2\/media?parent=46385"}],"wp:term":[{"taxonomy":"product_brand","embeddable":true,"href":"https:\/\/eurotilestone.com\/fr\/wp-json\/wp\/v2\/product_brand?post=46385"},{"taxonomy":"product_cat","embeddable":true,"href":"https:\/\/eurotilestone.com\/fr\/wp-json\/wp\/v2\/product_cat?post=46385"},{"taxonomy":"product_tag","embeddable":true,"href":"https:\/\/eurotilestone.com\/fr\/wp-json\/wp\/v2\/product_tag?post=46385"}],"curies":[{"name":"wp","href":"https:\/\/api.w.org\/{rel}","templated":true}]}}