{"id":46213,"date":"2022-10-21T15:31:55","date_gmt":"2022-10-21T19:31:55","guid":{"rendered":"https:\/\/eurotilestone.com\/product\/bauhome\/"},"modified":"2022-10-21T15:31:55","modified_gmt":"2022-10-21T19:31:55","slug":"bauhome","status":"publish","type":"product","link":"https:\/\/eurotilestone.com\/fr\/produits\/bauhome\/","title":{"rendered":"BAUHOME"},"content":{"rendered":"","protected":false},"excerpt":{"rendered":"","protected":false},"featured_media":38688,"template":"","meta":{"_acf_changed":false},"product_brand":[],"product_cat":[4379],"product_tag":[],"class_list":{"0":"post-46213","1":"product","2":"type-product","3":"status-publish","4":"has-post-thumbnail","6":"product_cat-floor-wall-tile-fr","7":"pa_colour-multicolor","8":"pa_shape-carre","9":"pa_variation_colour-minze-bauhome-fr","10":"pa_variation_colour-blume-cold-bauhome-fr","11":"pa_variation_colour-mark-warm-bauhome-fr","12":"pa_variation_colour-blau-bauhome-fr","13":"pa_variation_colour-mark-cold-bauhome-fr","14":"pa_variation_colour-korola-warm-bauhome-fr","15":"pa_variation_colour-korola-cold-bauhome-fr","16":"pa_variation_colour-karo-warm-bauhome-fr","17":"pa_variation_colour-karo-cold-bauhome-fr","18":"pa_variation_colour-grun-bauhome-fr","19":"pa_variation_colour-weiss-bauhome-fr","20":"pa_variation_colour-grau-bauhome-fr","21":"pa_variation_colour-terrakota-bauhome-fr","22":"pa_variation_colour-glacier-bauhome-fr","23":"pa_variation_colour-schwarz-bauhome-fr","24":"pa_variation_colour-blume-warm-bauhome-fr","25":"pa_variation_size_shape-8x8-fr","27":"first","28":"instock","29":"sold-individually","30":"purchasable","31":"product-type-variable"},"acf":[],"yoast_head":"<!-- This site is optimized with the Yoast SEO Premium plugin v26.6 (Yoast SEO v27.3) - https:\/\/yoast.com\/product\/yoast-seo-premium-wordpress\/ -->\n<title>BAUHOME - Euro Tile &amp; Stone<\/title>\n<meta name=\"description\" content=\"Capturant le charme d\u00e9licieux et les d\u00e9tails d\u00e9licats des carreaux de fa\u00efence fabriqu\u00e9s \u00e0 la main, la collection 900 remplit les espaces d&#039;un romantisme artistique gr\u00e2ce \u00e0 ses motifs d\u00e9taill\u00e9s et cr\u00e9e une aura de douce nostalgie gr\u00e2ce \u00e0 ses effets vieillis naturels.\" \/>\n<meta name=\"robots\" content=\"index, follow, max-snippet:-1, max-image-preview:large, max-video-preview:-1\" \/>\n<link rel=\"canonical\" href=\"https:\/\/eurotilestone.com\/fr\/produits\/bauhome\/\" \/>\n<meta property=\"og:locale\" content=\"fr_FR\" \/>\n<meta property=\"og:type\" content=\"article\" \/>\n<meta property=\"og:title\" content=\"BAUHOME\" \/>\n<meta property=\"og:description\" content=\"Capturant le charme d\u00e9licieux et les d\u00e9tails d\u00e9licats des carreaux de fa\u00efence fabriqu\u00e9s \u00e0 la main, la collection 900 remplit les espaces d&#039;un romantisme artistique gr\u00e2ce \u00e0 ses motifs d\u00e9taill\u00e9s et cr\u00e9e une aura de douce nostalgie gr\u00e2ce \u00e0 ses effets vieillis naturels.\" \/>\n<meta property=\"og:url\" content=\"https:\/\/eurotilestone.com\/fr\/produits\/bauhome\/\" \/>\n<meta property=\"og:site_name\" content=\"Euro Tile &amp; Stone\" \/>\n<meta property=\"og:image\" content=\"https:\/\/eurotilestone.com\/wp-content\/uploads\/2022\/10\/new1920-\u00d7-1500-px-56-1024x800.png\" \/>\n\t<meta property=\"og:image:width\" content=\"1024\" \/>\n\t<meta property=\"og:image:height\" content=\"800\" \/>\n\t<meta property=\"og:image:type\" content=\"image\/png\" \/>\n<meta name=\"twitter:card\" content=\"summary_large_image\" \/>\n<script type=\"application\/ld+json\" class=\"yoast-schema-graph\">{\"@context\":\"https:\\\/\\\/schema.org\",\"@graph\":[{\"@type\":\"WebPage\",\"@id\":\"https:\\\/\\\/eurotilestone.com\\\/fr\\\/produits\\\/bauhome\\\/\",\"url\":\"https:\\\/\\\/eurotilestone.com\\\/fr\\\/produits\\\/bauhome\\\/\",\"name\":\"BAUHOME - Euro Tile &amp; Stone\",\"isPartOf\":{\"@id\":\"https:\\\/\\\/eurotilestone.com\\\/fr\\\/#website\"},\"primaryImageOfPage\":{\"@id\":\"https:\\\/\\\/eurotilestone.com\\\/fr\\\/produits\\\/bauhome\\\/#primaryimage\"},\"image\":{\"@id\":\"https:\\\/\\\/eurotilestone.com\\\/fr\\\/produits\\\/bauhome\\\/#primaryimage\"},\"thumbnailUrl\":\"https:\\\/\\\/eurotilestone.com\\\/wp-content\\\/uploads\\\/2022\\\/10\\\/new1920-\u00d7-1500-px-56.png\",\"datePublished\":\"2022-10-21T19:31:55+00:00\",\"description\":\"Capturant le charme d\u00e9licieux et les d\u00e9tails d\u00e9licats des carreaux de fa\u00efence fabriqu\u00e9s \u00e0 la main, la collection 900 remplit les espaces d'un romantisme artistique gr\u00e2ce \u00e0 ses motifs d\u00e9taill\u00e9s et cr\u00e9e une aura de douce nostalgie gr\u00e2ce \u00e0 ses effets vieillis naturels.\",\"breadcrumb\":{\"@id\":\"https:\\\/\\\/eurotilestone.com\\\/fr\\\/produits\\\/bauhome\\\/#breadcrumb\"},\"inLanguage\":\"fr-FR\",\"potentialAction\":[{\"@type\":\"ReadAction\",\"target\":[\"https:\\\/\\\/eurotilestone.com\\\/fr\\\/produits\\\/bauhome\\\/\"]}]},{\"@type\":\"ImageObject\",\"inLanguage\":\"fr-FR\",\"@id\":\"https:\\\/\\\/eurotilestone.com\\\/fr\\\/produits\\\/bauhome\\\/#primaryimage\",\"url\":\"https:\\\/\\\/eurotilestone.com\\\/wp-content\\\/uploads\\\/2022\\\/10\\\/new1920-\u00d7-1500-px-56.png\",\"contentUrl\":\"https:\\\/\\\/eurotilestone.com\\\/wp-content\\\/uploads\\\/2022\\\/10\\\/new1920-\u00d7-1500-px-56.png\",\"width\":1920,\"height\":1500},{\"@type\":\"BreadcrumbList\",\"@id\":\"https:\\\/\\\/eurotilestone.com\\\/fr\\\/produits\\\/bauhome\\\/#breadcrumb\",\"itemListElement\":[{\"@type\":\"ListItem\",\"position\":1,\"name\":\"Home\",\"item\":\"https:\\\/\\\/eurotilestone.com\\\/fr\\\/\"},{\"@type\":\"ListItem\",\"position\":2,\"name\":\"Boutique\",\"item\":\"https:\\\/\\\/eurotilestone.com\\\/fr\\\/boutique\\\/\"},{\"@type\":\"ListItem\",\"position\":3,\"name\":\"BAUHOME\"}]},{\"@type\":\"WebSite\",\"@id\":\"https:\\\/\\\/eurotilestone.com\\\/fr\\\/#website\",\"url\":\"https:\\\/\\\/eurotilestone.com\\\/fr\\\/\",\"name\":\"Euro Tile & Stone\",\"description\":\"\",\"publisher\":{\"@id\":\"https:\\\/\\\/eurotilestone.com\\\/fr\\\/#organization\"},\"potentialAction\":[{\"@type\":\"SearchAction\",\"target\":{\"@type\":\"EntryPoint\",\"urlTemplate\":\"https:\\\/\\\/eurotilestone.com\\\/fr\\\/?s={search_term_string}\"},\"query-input\":{\"@type\":\"PropertyValueSpecification\",\"valueRequired\":true,\"valueName\":\"search_term_string\"}}],\"inLanguage\":\"fr-FR\"},{\"@type\":\"Organization\",\"@id\":\"https:\\\/\\\/eurotilestone.com\\\/fr\\\/#organization\",\"name\":\"Euro Tile & Stone\",\"url\":\"https:\\\/\\\/eurotilestone.com\\\/fr\\\/\",\"logo\":{\"@type\":\"ImageObject\",\"inLanguage\":\"fr-FR\",\"@id\":\"https:\\\/\\\/eurotilestone.com\\\/fr\\\/#\\\/schema\\\/logo\\\/image\\\/\",\"url\":\"https:\\\/\\\/eurotilestone.com\\\/wp-content\\\/uploads\\\/2024\\\/01\\\/Euro-Logo-1.png\",\"contentUrl\":\"https:\\\/\\\/eurotilestone.com\\\/wp-content\\\/uploads\\\/2024\\\/01\\\/Euro-Logo-1.png\",\"width\":2500,\"height\":781,\"caption\":\"Euro Tile & Stone\"},\"image\":{\"@id\":\"https:\\\/\\\/eurotilestone.com\\\/fr\\\/#\\\/schema\\\/logo\\\/image\\\/\"},\"sameAs\":[\"https:\\\/\\\/www.instagram.com\\\/eurotilestone\\\/\"]}]}<\/script>\n<!-- \/ Yoast SEO Premium plugin. -->","yoast_head_json":{"title":"BAUHOME - Euro Tile &amp; Stone","description":"Capturant le charme d\u00e9licieux et les d\u00e9tails d\u00e9licats des carreaux de fa\u00efence fabriqu\u00e9s \u00e0 la main, la collection 900 remplit les espaces d'un romantisme artistique gr\u00e2ce \u00e0 ses motifs d\u00e9taill\u00e9s et cr\u00e9e une aura de douce nostalgie gr\u00e2ce \u00e0 ses effets vieillis naturels.","robots":{"index":"index","follow":"follow","max-snippet":"max-snippet:-1","max-image-preview":"max-image-preview:large","max-video-preview":"max-video-preview:-1"},"canonical":"https:\/\/eurotilestone.com\/fr\/produits\/bauhome\/","og_locale":"fr_FR","og_type":"article","og_title":"BAUHOME","og_description":"Capturant le charme d\u00e9licieux et les d\u00e9tails d\u00e9licats des carreaux de fa\u00efence fabriqu\u00e9s \u00e0 la main, la collection 900 remplit les espaces d'un romantisme artistique gr\u00e2ce \u00e0 ses motifs d\u00e9taill\u00e9s et cr\u00e9e une aura de douce nostalgie gr\u00e2ce \u00e0 ses effets vieillis naturels.","og_url":"https:\/\/eurotilestone.com\/fr\/produits\/bauhome\/","og_site_name":"Euro Tile &amp; Stone","og_image":[{"width":1024,"height":800,"url":"https:\/\/eurotilestone.com\/wp-content\/uploads\/2022\/10\/new1920-\u00d7-1500-px-56-1024x800.png","type":"image\/png"}],"twitter_card":"summary_large_image","schema":{"@context":"https:\/\/schema.org","@graph":[{"@type":"WebPage","@id":"https:\/\/eurotilestone.com\/fr\/produits\/bauhome\/","url":"https:\/\/eurotilestone.com\/fr\/produits\/bauhome\/","name":"BAUHOME - Euro Tile &amp; Stone","isPartOf":{"@id":"https:\/\/eurotilestone.com\/fr\/#website"},"primaryImageOfPage":{"@id":"https:\/\/eurotilestone.com\/fr\/produits\/bauhome\/#primaryimage"},"image":{"@id":"https:\/\/eurotilestone.com\/fr\/produits\/bauhome\/#primaryimage"},"thumbnailUrl":"https:\/\/eurotilestone.com\/wp-content\/uploads\/2022\/10\/new1920-\u00d7-1500-px-56.png","datePublished":"2022-10-21T19:31:55+00:00","description":"Capturant le charme d\u00e9licieux et les d\u00e9tails d\u00e9licats des carreaux de fa\u00efence fabriqu\u00e9s \u00e0 la main, la collection 900 remplit les espaces d'un romantisme artistique gr\u00e2ce \u00e0 ses motifs d\u00e9taill\u00e9s et cr\u00e9e une aura de douce nostalgie gr\u00e2ce \u00e0 ses effets vieillis naturels.","breadcrumb":{"@id":"https:\/\/eurotilestone.com\/fr\/produits\/bauhome\/#breadcrumb"},"inLanguage":"fr-FR","potentialAction":[{"@type":"ReadAction","target":["https:\/\/eurotilestone.com\/fr\/produits\/bauhome\/"]}]},{"@type":"ImageObject","inLanguage":"fr-FR","@id":"https:\/\/eurotilestone.com\/fr\/produits\/bauhome\/#primaryimage","url":"https:\/\/eurotilestone.com\/wp-content\/uploads\/2022\/10\/new1920-\u00d7-1500-px-56.png","contentUrl":"https:\/\/eurotilestone.com\/wp-content\/uploads\/2022\/10\/new1920-\u00d7-1500-px-56.png","width":1920,"height":1500},{"@type":"BreadcrumbList","@id":"https:\/\/eurotilestone.com\/fr\/produits\/bauhome\/#breadcrumb","itemListElement":[{"@type":"ListItem","position":1,"name":"Home","item":"https:\/\/eurotilestone.com\/fr\/"},{"@type":"ListItem","position":2,"name":"Boutique","item":"https:\/\/eurotilestone.com\/fr\/boutique\/"},{"@type":"ListItem","position":3,"name":"BAUHOME"}]},{"@type":"WebSite","@id":"https:\/\/eurotilestone.com\/fr\/#website","url":"https:\/\/eurotilestone.com\/fr\/","name":"Euro Tile & Stone","description":"","publisher":{"@id":"https:\/\/eurotilestone.com\/fr\/#organization"},"potentialAction":[{"@type":"SearchAction","target":{"@type":"EntryPoint","urlTemplate":"https:\/\/eurotilestone.com\/fr\/?s={search_term_string}"},"query-input":{"@type":"PropertyValueSpecification","valueRequired":true,"valueName":"search_term_string"}}],"inLanguage":"fr-FR"},{"@type":"Organization","@id":"https:\/\/eurotilestone.com\/fr\/#organization","name":"Euro Tile & Stone","url":"https:\/\/eurotilestone.com\/fr\/","logo":{"@type":"ImageObject","inLanguage":"fr-FR","@id":"https:\/\/eurotilestone.com\/fr\/#\/schema\/logo\/image\/","url":"https:\/\/eurotilestone.com\/wp-content\/uploads\/2024\/01\/Euro-Logo-1.png","contentUrl":"https:\/\/eurotilestone.com\/wp-content\/uploads\/2024\/01\/Euro-Logo-1.png","width":2500,"height":781,"caption":"Euro Tile & Stone"},"image":{"@id":"https:\/\/eurotilestone.com\/fr\/#\/schema\/logo\/image\/"},"sameAs":["https:\/\/www.instagram.com\/eurotilestone\/"]}]}},"_links":{"self":[{"href":"https:\/\/eurotilestone.com\/fr\/wp-json\/wp\/v2\/product\/46213","targetHints":{"allow":["GET"]}}],"collection":[{"href":"https:\/\/eurotilestone.com\/fr\/wp-json\/wp\/v2\/product"}],"about":[{"href":"https:\/\/eurotilestone.com\/fr\/wp-json\/wp\/v2\/types\/product"}],"wp:featuredmedia":[{"embeddable":true,"href":"https:\/\/eurotilestone.com\/fr\/wp-json\/wp\/v2\/media\/38688"}],"wp:attachment":[{"href":"https:\/\/eurotilestone.com\/fr\/wp-json\/wp\/v2\/media?parent=46213"}],"wp:term":[{"taxonomy":"product_brand","embeddable":true,"href":"https:\/\/eurotilestone.com\/fr\/wp-json\/wp\/v2\/product_brand?post=46213"},{"taxonomy":"product_cat","embeddable":true,"href":"https:\/\/eurotilestone.com\/fr\/wp-json\/wp\/v2\/product_cat?post=46213"},{"taxonomy":"product_tag","embeddable":true,"href":"https:\/\/eurotilestone.com\/fr\/wp-json\/wp\/v2\/product_tag?post=46213"}],"curies":[{"name":"wp","href":"https:\/\/api.w.org\/{rel}","templated":true}]}}