{"id":45912,"date":"2022-10-25T13:10:19","date_gmt":"2022-10-25T17:10:19","guid":{"rendered":"https:\/\/eurotilestone.com\/product\/key_mood\/"},"modified":"2022-10-25T13:10:19","modified_gmt":"2022-10-25T17:10:19","slug":"key_mood","status":"publish","type":"product","link":"https:\/\/eurotilestone.com\/fr\/produits\/key_mood\/","title":{"rendered":"Key_Mood"},"content":{"rendered":"","protected":false},"excerpt":{"rendered":"","protected":false},"featured_media":38713,"template":"","meta":{"_acf_changed":false},"product_brand":[],"product_cat":[4379],"product_tag":[],"class_list":{"0":"post-45912","1":"product","2":"type-product","3":"status-publish","4":"has-post-thumbnail","6":"product_cat-floor-wall-tile-fr","7":"pa_colour-white-fr","8":"pa_colour-grey-fr","9":"pa_variation_colour-fumee-humeur-cle","10":"pa_variation_colour-air-lhumeur-cle","11":"pa_variation_colour-coton-humeur-cle","12":"pa_variation_colour-ombre-humeur-de-la-cle","13":"pa_variation_size_shape-24x24-carre","15":"first","16":"instock","17":"sold-individually","18":"shipping-taxable","19":"purchasable","20":"product-type-variable"},"acf":[],"yoast_head":"<!-- This site is optimized with the Yoast SEO Premium plugin v26.6 (Yoast SEO v27.3) - https:\/\/yoast.com\/product\/yoast-seo-premium-wordpress\/ -->\n<title>Key_Mood - Euro Tile &amp; Stone<\/title>\n<meta name=\"description\" content=\"Du sol au mur, les carreaux en gr\u00e8s c\u00e9rame de la collection Florence sont l&#039;une des plus belles id\u00e9es pour d\u00e9corer la maison. D\u00e9di\u00e9s \u00e0 ceux qui aiment l&#039;aspect vintage, ils sont \u00e9galement parfaits pour att\u00e9nuer la froideur d&#039;un environnement moderne tel que la cuisine.\" \/>\n<meta name=\"robots\" content=\"index, follow, max-snippet:-1, max-image-preview:large, max-video-preview:-1\" \/>\n<link rel=\"canonical\" href=\"https:\/\/eurotilestone.com\/fr\/produits\/key_mood\/\" \/>\n<meta property=\"og:locale\" content=\"fr_FR\" \/>\n<meta property=\"og:type\" content=\"article\" \/>\n<meta property=\"og:title\" content=\"Key_Mood\" \/>\n<meta property=\"og:description\" content=\"Du sol au mur, les carreaux en gr\u00e8s c\u00e9rame de la collection Florence sont l&#039;une des plus belles id\u00e9es pour d\u00e9corer la maison. D\u00e9di\u00e9s \u00e0 ceux qui aiment l&#039;aspect vintage, ils sont \u00e9galement parfaits pour att\u00e9nuer la froideur d&#039;un environnement moderne tel que la cuisine.\" \/>\n<meta property=\"og:url\" content=\"https:\/\/eurotilestone.com\/fr\/produits\/key_mood\/\" \/>\n<meta property=\"og:site_name\" content=\"Euro Tile &amp; Stone\" \/>\n<meta property=\"og:image\" content=\"https:\/\/eurotilestone.com\/wp-content\/uploads\/2022\/10\/Untitled-design-2022-10-25T131638.485-1.png\" \/>\n\t<meta property=\"og:image:width\" content=\"2000\" \/>\n\t<meta property=\"og:image:height\" content=\"1500\" \/>\n\t<meta property=\"og:image:type\" content=\"image\/png\" \/>\n<meta name=\"twitter:card\" content=\"summary_large_image\" \/>\n<script type=\"application\/ld+json\" class=\"yoast-schema-graph\">{\"@context\":\"https:\\\/\\\/schema.org\",\"@graph\":[{\"@type\":\"WebPage\",\"@id\":\"https:\\\/\\\/eurotilestone.com\\\/fr\\\/produits\\\/key_mood\\\/\",\"url\":\"https:\\\/\\\/eurotilestone.com\\\/fr\\\/produits\\\/key_mood\\\/\",\"name\":\"Key_Mood - Euro Tile &amp; Stone\",\"isPartOf\":{\"@id\":\"https:\\\/\\\/eurotilestone.com\\\/fr\\\/#website\"},\"primaryImageOfPage\":{\"@id\":\"https:\\\/\\\/eurotilestone.com\\\/fr\\\/produits\\\/key_mood\\\/#primaryimage\"},\"image\":{\"@id\":\"https:\\\/\\\/eurotilestone.com\\\/fr\\\/produits\\\/key_mood\\\/#primaryimage\"},\"thumbnailUrl\":\"https:\\\/\\\/eurotilestone.com\\\/wp-content\\\/uploads\\\/2022\\\/10\\\/Untitled-design-2022-10-25T131638.485-1.png\",\"datePublished\":\"2022-10-25T17:10:19+00:00\",\"description\":\"Du sol au mur, les carreaux en gr\u00e8s c\u00e9rame de la collection Florence sont l'une des plus belles id\u00e9es pour d\u00e9corer la maison. D\u00e9di\u00e9s \u00e0 ceux qui aiment l'aspect vintage, ils sont \u00e9galement parfaits pour att\u00e9nuer la froideur d'un environnement moderne tel que la cuisine.\",\"breadcrumb\":{\"@id\":\"https:\\\/\\\/eurotilestone.com\\\/fr\\\/produits\\\/key_mood\\\/#breadcrumb\"},\"inLanguage\":\"fr-FR\",\"potentialAction\":[{\"@type\":\"ReadAction\",\"target\":[\"https:\\\/\\\/eurotilestone.com\\\/fr\\\/produits\\\/key_mood\\\/\"]}]},{\"@type\":\"ImageObject\",\"inLanguage\":\"fr-FR\",\"@id\":\"https:\\\/\\\/eurotilestone.com\\\/fr\\\/produits\\\/key_mood\\\/#primaryimage\",\"url\":\"https:\\\/\\\/eurotilestone.com\\\/wp-content\\\/uploads\\\/2022\\\/10\\\/Untitled-design-2022-10-25T131638.485-1.png\",\"contentUrl\":\"https:\\\/\\\/eurotilestone.com\\\/wp-content\\\/uploads\\\/2022\\\/10\\\/Untitled-design-2022-10-25T131638.485-1.png\",\"width\":2000,\"height\":1500},{\"@type\":\"BreadcrumbList\",\"@id\":\"https:\\\/\\\/eurotilestone.com\\\/fr\\\/produits\\\/key_mood\\\/#breadcrumb\",\"itemListElement\":[{\"@type\":\"ListItem\",\"position\":1,\"name\":\"Home\",\"item\":\"https:\\\/\\\/eurotilestone.com\\\/fr\\\/\"},{\"@type\":\"ListItem\",\"position\":2,\"name\":\"Boutique\",\"item\":\"https:\\\/\\\/eurotilestone.com\\\/fr\\\/boutique\\\/\"},{\"@type\":\"ListItem\",\"position\":3,\"name\":\"Key_Mood\"}]},{\"@type\":\"WebSite\",\"@id\":\"https:\\\/\\\/eurotilestone.com\\\/fr\\\/#website\",\"url\":\"https:\\\/\\\/eurotilestone.com\\\/fr\\\/\",\"name\":\"Euro Tile & Stone\",\"description\":\"\",\"publisher\":{\"@id\":\"https:\\\/\\\/eurotilestone.com\\\/fr\\\/#organization\"},\"potentialAction\":[{\"@type\":\"SearchAction\",\"target\":{\"@type\":\"EntryPoint\",\"urlTemplate\":\"https:\\\/\\\/eurotilestone.com\\\/fr\\\/?s={search_term_string}\"},\"query-input\":{\"@type\":\"PropertyValueSpecification\",\"valueRequired\":true,\"valueName\":\"search_term_string\"}}],\"inLanguage\":\"fr-FR\"},{\"@type\":\"Organization\",\"@id\":\"https:\\\/\\\/eurotilestone.com\\\/fr\\\/#organization\",\"name\":\"Euro Tile & Stone\",\"url\":\"https:\\\/\\\/eurotilestone.com\\\/fr\\\/\",\"logo\":{\"@type\":\"ImageObject\",\"inLanguage\":\"fr-FR\",\"@id\":\"https:\\\/\\\/eurotilestone.com\\\/fr\\\/#\\\/schema\\\/logo\\\/image\\\/\",\"url\":\"https:\\\/\\\/eurotilestone.com\\\/wp-content\\\/uploads\\\/2024\\\/01\\\/Euro-Logo-1.png\",\"contentUrl\":\"https:\\\/\\\/eurotilestone.com\\\/wp-content\\\/uploads\\\/2024\\\/01\\\/Euro-Logo-1.png\",\"width\":2500,\"height\":781,\"caption\":\"Euro Tile & Stone\"},\"image\":{\"@id\":\"https:\\\/\\\/eurotilestone.com\\\/fr\\\/#\\\/schema\\\/logo\\\/image\\\/\"},\"sameAs\":[\"https:\\\/\\\/www.instagram.com\\\/eurotilestone\\\/\"]}]}<\/script>\n<!-- \/ Yoast SEO Premium plugin. -->","yoast_head_json":{"title":"Key_Mood - Euro Tile &amp; Stone","description":"Du sol au mur, les carreaux en gr\u00e8s c\u00e9rame de la collection Florence sont l'une des plus belles id\u00e9es pour d\u00e9corer la maison. D\u00e9di\u00e9s \u00e0 ceux qui aiment l'aspect vintage, ils sont \u00e9galement parfaits pour att\u00e9nuer la froideur d'un environnement moderne tel que la cuisine.","robots":{"index":"index","follow":"follow","max-snippet":"max-snippet:-1","max-image-preview":"max-image-preview:large","max-video-preview":"max-video-preview:-1"},"canonical":"https:\/\/eurotilestone.com\/fr\/produits\/key_mood\/","og_locale":"fr_FR","og_type":"article","og_title":"Key_Mood","og_description":"Du sol au mur, les carreaux en gr\u00e8s c\u00e9rame de la collection Florence sont l'une des plus belles id\u00e9es pour d\u00e9corer la maison. D\u00e9di\u00e9s \u00e0 ceux qui aiment l'aspect vintage, ils sont \u00e9galement parfaits pour att\u00e9nuer la froideur d'un environnement moderne tel que la cuisine.","og_url":"https:\/\/eurotilestone.com\/fr\/produits\/key_mood\/","og_site_name":"Euro Tile &amp; Stone","og_image":[{"width":2000,"height":1500,"url":"https:\/\/eurotilestone.com\/wp-content\/uploads\/2022\/10\/Untitled-design-2022-10-25T131638.485-1.png","type":"image\/png"}],"twitter_card":"summary_large_image","schema":{"@context":"https:\/\/schema.org","@graph":[{"@type":"WebPage","@id":"https:\/\/eurotilestone.com\/fr\/produits\/key_mood\/","url":"https:\/\/eurotilestone.com\/fr\/produits\/key_mood\/","name":"Key_Mood - Euro Tile &amp; Stone","isPartOf":{"@id":"https:\/\/eurotilestone.com\/fr\/#website"},"primaryImageOfPage":{"@id":"https:\/\/eurotilestone.com\/fr\/produits\/key_mood\/#primaryimage"},"image":{"@id":"https:\/\/eurotilestone.com\/fr\/produits\/key_mood\/#primaryimage"},"thumbnailUrl":"https:\/\/eurotilestone.com\/wp-content\/uploads\/2022\/10\/Untitled-design-2022-10-25T131638.485-1.png","datePublished":"2022-10-25T17:10:19+00:00","description":"Du sol au mur, les carreaux en gr\u00e8s c\u00e9rame de la collection Florence sont l'une des plus belles id\u00e9es pour d\u00e9corer la maison. D\u00e9di\u00e9s \u00e0 ceux qui aiment l'aspect vintage, ils sont \u00e9galement parfaits pour att\u00e9nuer la froideur d'un environnement moderne tel que la cuisine.","breadcrumb":{"@id":"https:\/\/eurotilestone.com\/fr\/produits\/key_mood\/#breadcrumb"},"inLanguage":"fr-FR","potentialAction":[{"@type":"ReadAction","target":["https:\/\/eurotilestone.com\/fr\/produits\/key_mood\/"]}]},{"@type":"ImageObject","inLanguage":"fr-FR","@id":"https:\/\/eurotilestone.com\/fr\/produits\/key_mood\/#primaryimage","url":"https:\/\/eurotilestone.com\/wp-content\/uploads\/2022\/10\/Untitled-design-2022-10-25T131638.485-1.png","contentUrl":"https:\/\/eurotilestone.com\/wp-content\/uploads\/2022\/10\/Untitled-design-2022-10-25T131638.485-1.png","width":2000,"height":1500},{"@type":"BreadcrumbList","@id":"https:\/\/eurotilestone.com\/fr\/produits\/key_mood\/#breadcrumb","itemListElement":[{"@type":"ListItem","position":1,"name":"Home","item":"https:\/\/eurotilestone.com\/fr\/"},{"@type":"ListItem","position":2,"name":"Boutique","item":"https:\/\/eurotilestone.com\/fr\/boutique\/"},{"@type":"ListItem","position":3,"name":"Key_Mood"}]},{"@type":"WebSite","@id":"https:\/\/eurotilestone.com\/fr\/#website","url":"https:\/\/eurotilestone.com\/fr\/","name":"Euro Tile & Stone","description":"","publisher":{"@id":"https:\/\/eurotilestone.com\/fr\/#organization"},"potentialAction":[{"@type":"SearchAction","target":{"@type":"EntryPoint","urlTemplate":"https:\/\/eurotilestone.com\/fr\/?s={search_term_string}"},"query-input":{"@type":"PropertyValueSpecification","valueRequired":true,"valueName":"search_term_string"}}],"inLanguage":"fr-FR"},{"@type":"Organization","@id":"https:\/\/eurotilestone.com\/fr\/#organization","name":"Euro Tile & Stone","url":"https:\/\/eurotilestone.com\/fr\/","logo":{"@type":"ImageObject","inLanguage":"fr-FR","@id":"https:\/\/eurotilestone.com\/fr\/#\/schema\/logo\/image\/","url":"https:\/\/eurotilestone.com\/wp-content\/uploads\/2024\/01\/Euro-Logo-1.png","contentUrl":"https:\/\/eurotilestone.com\/wp-content\/uploads\/2024\/01\/Euro-Logo-1.png","width":2500,"height":781,"caption":"Euro Tile & Stone"},"image":{"@id":"https:\/\/eurotilestone.com\/fr\/#\/schema\/logo\/image\/"},"sameAs":["https:\/\/www.instagram.com\/eurotilestone\/"]}]}},"_links":{"self":[{"href":"https:\/\/eurotilestone.com\/fr\/wp-json\/wp\/v2\/product\/45912","targetHints":{"allow":["GET"]}}],"collection":[{"href":"https:\/\/eurotilestone.com\/fr\/wp-json\/wp\/v2\/product"}],"about":[{"href":"https:\/\/eurotilestone.com\/fr\/wp-json\/wp\/v2\/types\/product"}],"wp:featuredmedia":[{"embeddable":true,"href":"https:\/\/eurotilestone.com\/fr\/wp-json\/wp\/v2\/media\/38713"}],"wp:attachment":[{"href":"https:\/\/eurotilestone.com\/fr\/wp-json\/wp\/v2\/media?parent=45912"}],"wp:term":[{"taxonomy":"product_brand","embeddable":true,"href":"https:\/\/eurotilestone.com\/fr\/wp-json\/wp\/v2\/product_brand?post=45912"},{"taxonomy":"product_cat","embeddable":true,"href":"https:\/\/eurotilestone.com\/fr\/wp-json\/wp\/v2\/product_cat?post=45912"},{"taxonomy":"product_tag","embeddable":true,"href":"https:\/\/eurotilestone.com\/fr\/wp-json\/wp\/v2\/product_tag?post=45912"}],"curies":[{"name":"wp","href":"https:\/\/api.w.org\/{rel}","templated":true}]}}