{"id":45186,"date":"2022-02-09T12:41:09","date_gmt":"2022-02-09T17:41:09","guid":{"rendered":"https:\/\/eurotilestone.com\/product\/confetti\/"},"modified":"2022-02-09T12:41:09","modified_gmt":"2022-02-09T17:41:09","slug":"confetti","status":"publish","type":"product","link":"https:\/\/eurotilestone.com\/fr\/produits\/confetti\/","title":{"rendered":"Confetti"},"content":{"rendered":"","protected":false},"excerpt":{"rendered":"","protected":false},"featured_media":38304,"template":"","meta":{"_acf_changed":false},"product_brand":[],"product_cat":[4379],"product_tag":[],"class_list":{"0":"post-45186","1":"product","2":"type-product","3":"status-publish","4":"has-post-thumbnail","6":"product_cat-floor-wall-tile-fr","7":"pa_colour-multicolor","8":"pa_shape-carre","9":"pa_variation_colour-bianco-petrolio-confetti-fr","10":"pa_variation_colour-nero-grigio-confetti-fr","11":"pa_variation_colour-nero-petrolio-confetti-fr","12":"pa_variation_colour-nero-multicolour-confetti-fr","13":"pa_variation_colour-bianco-beige-confetti-fr","14":"pa_variation_colour-bianco-cotto-confetti-fr","15":"pa_variation_colour-bianco-grigio-confetti-fr","16":"pa_variation_colour-bianco-multicolour-confetti-fr","17":"pa_variation_size_shape-7x7-carre","19":"first","20":"instock","21":"sold-individually","22":"shipping-taxable","23":"purchasable","24":"product-type-variable"},"acf":[],"yoast_head":"<!-- This site is optimized with the Yoast SEO Premium plugin v26.6 (Yoast SEO v27.3) - https:\/\/yoast.com\/product\/yoast-seo-premium-wordpress\/ -->\n<title>Confetti - Euro Tile &amp; Stone<\/title>\n<meta name=\"description\" content=\"La collection Confetti, tr\u00e8s contemporaine, redessine les sols en terrazzo v\u00e9nitien. Confetti est un gr\u00e8s c\u00e9rame dont la force r\u00e9side dans son style et ses couleurs. Il se distingue par sa finition mate et poussi\u00e9reuse qui contraste avec les \u00e9clats de couleur.\" \/>\n<meta name=\"robots\" content=\"index, follow, max-snippet:-1, max-image-preview:large, max-video-preview:-1\" \/>\n<link rel=\"canonical\" href=\"https:\/\/eurotilestone.com\/fr\/produits\/confetti\/\" \/>\n<meta property=\"og:locale\" content=\"fr_FR\" \/>\n<meta property=\"og:type\" content=\"article\" \/>\n<meta property=\"og:title\" content=\"Confetti\" \/>\n<meta property=\"og:description\" content=\"La collection Confetti, tr\u00e8s contemporaine, redessine les sols en terrazzo v\u00e9nitien. Confetti est un gr\u00e8s c\u00e9rame dont la force r\u00e9side dans son style et ses couleurs. Il se distingue par sa finition mate et poussi\u00e9reuse qui contraste avec les \u00e9clats de couleur.\" \/>\n<meta property=\"og:url\" content=\"https:\/\/eurotilestone.com\/fr\/produits\/confetti\/\" \/>\n<meta property=\"og:site_name\" content=\"Euro Tile &amp; Stone\" \/>\n<meta property=\"og:image\" content=\"https:\/\/eurotilestone.com\/wp-content\/uploads\/2022\/02\/euro-tile-stone-confetti-bianco-beige-Bathroom-scaled.jpg\" \/>\n\t<meta property=\"og:image:width\" content=\"1810\" \/>\n\t<meta property=\"og:image:height\" content=\"2560\" \/>\n\t<meta property=\"og:image:type\" content=\"image\/jpeg\" \/>\n<meta name=\"twitter:card\" content=\"summary_large_image\" \/>\n<script type=\"application\/ld+json\" class=\"yoast-schema-graph\">{\"@context\":\"https:\\\/\\\/schema.org\",\"@graph\":[{\"@type\":\"WebPage\",\"@id\":\"https:\\\/\\\/eurotilestone.com\\\/fr\\\/produits\\\/confetti\\\/\",\"url\":\"https:\\\/\\\/eurotilestone.com\\\/fr\\\/produits\\\/confetti\\\/\",\"name\":\"Confetti - Euro Tile &amp; Stone\",\"isPartOf\":{\"@id\":\"https:\\\/\\\/eurotilestone.com\\\/fr\\\/#website\"},\"primaryImageOfPage\":{\"@id\":\"https:\\\/\\\/eurotilestone.com\\\/fr\\\/produits\\\/confetti\\\/#primaryimage\"},\"image\":{\"@id\":\"https:\\\/\\\/eurotilestone.com\\\/fr\\\/produits\\\/confetti\\\/#primaryimage\"},\"thumbnailUrl\":\"https:\\\/\\\/eurotilestone.com\\\/wp-content\\\/uploads\\\/2022\\\/02\\\/euro-tile-stone-confetti-bianco-beige-Bathroom-scaled.jpg\",\"datePublished\":\"2022-02-09T17:41:09+00:00\",\"description\":\"La collection Confetti, tr\u00e8s contemporaine, redessine les sols en terrazzo v\u00e9nitien. Confetti est un gr\u00e8s c\u00e9rame dont la force r\u00e9side dans son style et ses couleurs. Il se distingue par sa finition mate et poussi\u00e9reuse qui contraste avec les \u00e9clats de couleur.\",\"breadcrumb\":{\"@id\":\"https:\\\/\\\/eurotilestone.com\\\/fr\\\/produits\\\/confetti\\\/#breadcrumb\"},\"inLanguage\":\"fr-FR\",\"potentialAction\":[{\"@type\":\"ReadAction\",\"target\":[\"https:\\\/\\\/eurotilestone.com\\\/fr\\\/produits\\\/confetti\\\/\"]}]},{\"@type\":\"ImageObject\",\"inLanguage\":\"fr-FR\",\"@id\":\"https:\\\/\\\/eurotilestone.com\\\/fr\\\/produits\\\/confetti\\\/#primaryimage\",\"url\":\"https:\\\/\\\/eurotilestone.com\\\/wp-content\\\/uploads\\\/2022\\\/02\\\/euro-tile-stone-confetti-bianco-beige-Bathroom-scaled.jpg\",\"contentUrl\":\"https:\\\/\\\/eurotilestone.com\\\/wp-content\\\/uploads\\\/2022\\\/02\\\/euro-tile-stone-confetti-bianco-beige-Bathroom-scaled.jpg\",\"width\":1810,\"height\":2560},{\"@type\":\"BreadcrumbList\",\"@id\":\"https:\\\/\\\/eurotilestone.com\\\/fr\\\/produits\\\/confetti\\\/#breadcrumb\",\"itemListElement\":[{\"@type\":\"ListItem\",\"position\":1,\"name\":\"Home\",\"item\":\"https:\\\/\\\/eurotilestone.com\\\/fr\\\/\"},{\"@type\":\"ListItem\",\"position\":2,\"name\":\"Boutique\",\"item\":\"https:\\\/\\\/eurotilestone.com\\\/fr\\\/boutique\\\/\"},{\"@type\":\"ListItem\",\"position\":3,\"name\":\"Confetti\"}]},{\"@type\":\"WebSite\",\"@id\":\"https:\\\/\\\/eurotilestone.com\\\/fr\\\/#website\",\"url\":\"https:\\\/\\\/eurotilestone.com\\\/fr\\\/\",\"name\":\"Euro Tile & Stone\",\"description\":\"\",\"publisher\":{\"@id\":\"https:\\\/\\\/eurotilestone.com\\\/fr\\\/#organization\"},\"potentialAction\":[{\"@type\":\"SearchAction\",\"target\":{\"@type\":\"EntryPoint\",\"urlTemplate\":\"https:\\\/\\\/eurotilestone.com\\\/fr\\\/?s={search_term_string}\"},\"query-input\":{\"@type\":\"PropertyValueSpecification\",\"valueRequired\":true,\"valueName\":\"search_term_string\"}}],\"inLanguage\":\"fr-FR\"},{\"@type\":\"Organization\",\"@id\":\"https:\\\/\\\/eurotilestone.com\\\/fr\\\/#organization\",\"name\":\"Euro Tile & Stone\",\"url\":\"https:\\\/\\\/eurotilestone.com\\\/fr\\\/\",\"logo\":{\"@type\":\"ImageObject\",\"inLanguage\":\"fr-FR\",\"@id\":\"https:\\\/\\\/eurotilestone.com\\\/fr\\\/#\\\/schema\\\/logo\\\/image\\\/\",\"url\":\"https:\\\/\\\/eurotilestone.com\\\/wp-content\\\/uploads\\\/2024\\\/01\\\/Euro-Logo-1.png\",\"contentUrl\":\"https:\\\/\\\/eurotilestone.com\\\/wp-content\\\/uploads\\\/2024\\\/01\\\/Euro-Logo-1.png\",\"width\":2500,\"height\":781,\"caption\":\"Euro Tile & Stone\"},\"image\":{\"@id\":\"https:\\\/\\\/eurotilestone.com\\\/fr\\\/#\\\/schema\\\/logo\\\/image\\\/\"},\"sameAs\":[\"https:\\\/\\\/www.instagram.com\\\/eurotilestone\\\/\"]}]}<\/script>\n<!-- \/ Yoast SEO Premium plugin. -->","yoast_head_json":{"title":"Confetti - Euro Tile &amp; Stone","description":"La collection Confetti, tr\u00e8s contemporaine, redessine les sols en terrazzo v\u00e9nitien. Confetti est un gr\u00e8s c\u00e9rame dont la force r\u00e9side dans son style et ses couleurs. Il se distingue par sa finition mate et poussi\u00e9reuse qui contraste avec les \u00e9clats de couleur.","robots":{"index":"index","follow":"follow","max-snippet":"max-snippet:-1","max-image-preview":"max-image-preview:large","max-video-preview":"max-video-preview:-1"},"canonical":"https:\/\/eurotilestone.com\/fr\/produits\/confetti\/","og_locale":"fr_FR","og_type":"article","og_title":"Confetti","og_description":"La collection Confetti, tr\u00e8s contemporaine, redessine les sols en terrazzo v\u00e9nitien. Confetti est un gr\u00e8s c\u00e9rame dont la force r\u00e9side dans son style et ses couleurs. Il se distingue par sa finition mate et poussi\u00e9reuse qui contraste avec les \u00e9clats de couleur.","og_url":"https:\/\/eurotilestone.com\/fr\/produits\/confetti\/","og_site_name":"Euro Tile &amp; Stone","og_image":[{"width":1810,"height":2560,"url":"https:\/\/eurotilestone.com\/wp-content\/uploads\/2022\/02\/euro-tile-stone-confetti-bianco-beige-Bathroom-scaled.jpg","type":"image\/jpeg"}],"twitter_card":"summary_large_image","schema":{"@context":"https:\/\/schema.org","@graph":[{"@type":"WebPage","@id":"https:\/\/eurotilestone.com\/fr\/produits\/confetti\/","url":"https:\/\/eurotilestone.com\/fr\/produits\/confetti\/","name":"Confetti - Euro Tile &amp; Stone","isPartOf":{"@id":"https:\/\/eurotilestone.com\/fr\/#website"},"primaryImageOfPage":{"@id":"https:\/\/eurotilestone.com\/fr\/produits\/confetti\/#primaryimage"},"image":{"@id":"https:\/\/eurotilestone.com\/fr\/produits\/confetti\/#primaryimage"},"thumbnailUrl":"https:\/\/eurotilestone.com\/wp-content\/uploads\/2022\/02\/euro-tile-stone-confetti-bianco-beige-Bathroom-scaled.jpg","datePublished":"2022-02-09T17:41:09+00:00","description":"La collection Confetti, tr\u00e8s contemporaine, redessine les sols en terrazzo v\u00e9nitien. Confetti est un gr\u00e8s c\u00e9rame dont la force r\u00e9side dans son style et ses couleurs. Il se distingue par sa finition mate et poussi\u00e9reuse qui contraste avec les \u00e9clats de couleur.","breadcrumb":{"@id":"https:\/\/eurotilestone.com\/fr\/produits\/confetti\/#breadcrumb"},"inLanguage":"fr-FR","potentialAction":[{"@type":"ReadAction","target":["https:\/\/eurotilestone.com\/fr\/produits\/confetti\/"]}]},{"@type":"ImageObject","inLanguage":"fr-FR","@id":"https:\/\/eurotilestone.com\/fr\/produits\/confetti\/#primaryimage","url":"https:\/\/eurotilestone.com\/wp-content\/uploads\/2022\/02\/euro-tile-stone-confetti-bianco-beige-Bathroom-scaled.jpg","contentUrl":"https:\/\/eurotilestone.com\/wp-content\/uploads\/2022\/02\/euro-tile-stone-confetti-bianco-beige-Bathroom-scaled.jpg","width":1810,"height":2560},{"@type":"BreadcrumbList","@id":"https:\/\/eurotilestone.com\/fr\/produits\/confetti\/#breadcrumb","itemListElement":[{"@type":"ListItem","position":1,"name":"Home","item":"https:\/\/eurotilestone.com\/fr\/"},{"@type":"ListItem","position":2,"name":"Boutique","item":"https:\/\/eurotilestone.com\/fr\/boutique\/"},{"@type":"ListItem","position":3,"name":"Confetti"}]},{"@type":"WebSite","@id":"https:\/\/eurotilestone.com\/fr\/#website","url":"https:\/\/eurotilestone.com\/fr\/","name":"Euro Tile & Stone","description":"","publisher":{"@id":"https:\/\/eurotilestone.com\/fr\/#organization"},"potentialAction":[{"@type":"SearchAction","target":{"@type":"EntryPoint","urlTemplate":"https:\/\/eurotilestone.com\/fr\/?s={search_term_string}"},"query-input":{"@type":"PropertyValueSpecification","valueRequired":true,"valueName":"search_term_string"}}],"inLanguage":"fr-FR"},{"@type":"Organization","@id":"https:\/\/eurotilestone.com\/fr\/#organization","name":"Euro Tile & Stone","url":"https:\/\/eurotilestone.com\/fr\/","logo":{"@type":"ImageObject","inLanguage":"fr-FR","@id":"https:\/\/eurotilestone.com\/fr\/#\/schema\/logo\/image\/","url":"https:\/\/eurotilestone.com\/wp-content\/uploads\/2024\/01\/Euro-Logo-1.png","contentUrl":"https:\/\/eurotilestone.com\/wp-content\/uploads\/2024\/01\/Euro-Logo-1.png","width":2500,"height":781,"caption":"Euro Tile & Stone"},"image":{"@id":"https:\/\/eurotilestone.com\/fr\/#\/schema\/logo\/image\/"},"sameAs":["https:\/\/www.instagram.com\/eurotilestone\/"]}]}},"_links":{"self":[{"href":"https:\/\/eurotilestone.com\/fr\/wp-json\/wp\/v2\/product\/45186","targetHints":{"allow":["GET"]}}],"collection":[{"href":"https:\/\/eurotilestone.com\/fr\/wp-json\/wp\/v2\/product"}],"about":[{"href":"https:\/\/eurotilestone.com\/fr\/wp-json\/wp\/v2\/types\/product"}],"wp:featuredmedia":[{"embeddable":true,"href":"https:\/\/eurotilestone.com\/fr\/wp-json\/wp\/v2\/media\/38304"}],"wp:attachment":[{"href":"https:\/\/eurotilestone.com\/fr\/wp-json\/wp\/v2\/media?parent=45186"}],"wp:term":[{"taxonomy":"product_brand","embeddable":true,"href":"https:\/\/eurotilestone.com\/fr\/wp-json\/wp\/v2\/product_brand?post=45186"},{"taxonomy":"product_cat","embeddable":true,"href":"https:\/\/eurotilestone.com\/fr\/wp-json\/wp\/v2\/product_cat?post=45186"},{"taxonomy":"product_tag","embeddable":true,"href":"https:\/\/eurotilestone.com\/fr\/wp-json\/wp\/v2\/product_tag?post=45186"}],"curies":[{"name":"wp","href":"https:\/\/api.w.org\/{rel}","templated":true}]}}