{"id":44779,"date":"2024-01-03T16:11:09","date_gmt":"2024-01-03T21:11:09","guid":{"rendered":"https:\/\/eurotilestone.com\/product\/log\/"},"modified":"2024-01-03T16:11:09","modified_gmt":"2024-01-03T21:11:09","slug":"log","status":"publish","type":"product","link":"https:\/\/eurotilestone.com\/fr\/produits\/log\/","title":{"rendered":"Log"},"content":{"rendered":"","protected":false},"excerpt":{"rendered":"","protected":false},"featured_media":40285,"template":"","meta":{"_acf_changed":false},"product_brand":[],"product_cat":[4379],"product_tag":[],"class_list":{"0":"post-44779","1":"product","2":"type-product","3":"status-publish","4":"has-post-thumbnail","6":"product_cat-floor-wall-tile-fr","7":"pa_colour-vert","8":"pa_colour-white-fr","9":"pa_colour-grey-fr","10":"pa_colour-beige-fr","11":"pa_colour-noir","12":"pa_shape-planche","13":"pa_shape-rectangle-fr","14":"pa_variation_colour-anthracite-log-fr","15":"pa_variation_colour-blanc-log","16":"pa_variation_colour-sand-log-fr","17":"pa_variation_colour-argent-log","18":"pa_variation_colour-vert-log","19":"pa_variation_size_shape-5x196-planches","21":"first","22":"instock","23":"sold-individually","24":"shipping-taxable","25":"purchasable","26":"product-type-variable"},"acf":[],"yoast_head":"<!-- This site is optimized with the Yoast SEO Premium plugin v26.6 (Yoast SEO v27.3) - https:\/\/yoast.com\/product\/yoast-seo-premium-wordpress\/ -->\n<title>Log - Euro Tile &amp; Stone<\/title>\n<meta name=\"description\" content=\"La collection LOG est directement inspir\u00e9e des techniques de travail du bois et, plus particuli\u00e8rement, de la construction des chalets de montagne, dont les murs sont assembl\u00e9s par des rondins. La partie incurv\u00e9e de chaque carreau fait \u00e9cho aux techniques de tournage du bois, utilis\u00e9es pour obtenir des formes courbes, tandis que les extr\u00e9mit\u00e9s \u00e9voquent les coupes en onglet souvent utilis\u00e9es pour l&#039;assemblage ou la coupe oblique n\u00e9cessaire pour qu&#039;un arbre tombe dans la bonne direction. Le bois \u00e9tant un mat\u00e9riau vivant et tactile, nous avons voulu donner \u00e0 la collection une texture irr\u00e9guli\u00e8re et rainur\u00e9e qui rappelle l&#039;\u00e9corce d&#039;un arbre.\" \/>\n<meta name=\"robots\" content=\"index, follow, max-snippet:-1, max-image-preview:large, max-video-preview:-1\" \/>\n<link rel=\"canonical\" href=\"https:\/\/eurotilestone.com\/fr\/produits\/log\/\" \/>\n<meta property=\"og:locale\" content=\"fr_FR\" \/>\n<meta property=\"og:type\" content=\"article\" \/>\n<meta property=\"og:title\" content=\"Log\" \/>\n<meta property=\"og:description\" content=\"La collection LOG est directement inspir\u00e9e des techniques de travail du bois et, plus particuli\u00e8rement, de la construction des chalets de montagne, dont les murs sont assembl\u00e9s par des rondins. La partie incurv\u00e9e de chaque carreau fait \u00e9cho aux techniques de tournage du bois, utilis\u00e9es pour obtenir des formes courbes, tandis que les extr\u00e9mit\u00e9s \u00e9voquent les coupes en onglet souvent utilis\u00e9es pour l&#039;assemblage ou la coupe oblique n\u00e9cessaire pour qu&#039;un arbre tombe dans la bonne direction. Le bois \u00e9tant un mat\u00e9riau vivant et tactile, nous avons voulu donner \u00e0 la collection une texture irr\u00e9guli\u00e8re et rainur\u00e9e qui rappelle l&#039;\u00e9corce d&#039;un arbre.\" \/>\n<meta property=\"og:url\" content=\"https:\/\/eurotilestone.com\/fr\/produits\/log\/\" \/>\n<meta property=\"og:site_name\" content=\"Euro Tile &amp; Stone\" \/>\n<meta property=\"og:image\" content=\"https:\/\/eurotilestone.com\/wp-content\/uploads\/2024\/01\/log-green-12x50-rays-grey-sp-90x90amb_v-Ze_SZ1.jpg\" \/>\n\t<meta property=\"og:image:width\" content=\"2000\" \/>\n\t<meta property=\"og:image:height\" content=\"1414\" \/>\n\t<meta property=\"og:image:type\" content=\"image\/jpeg\" \/>\n<meta name=\"twitter:card\" content=\"summary_large_image\" \/>\n<script type=\"application\/ld+json\" class=\"yoast-schema-graph\">{\"@context\":\"https:\\\/\\\/schema.org\",\"@graph\":[{\"@type\":\"WebPage\",\"@id\":\"https:\\\/\\\/eurotilestone.com\\\/fr\\\/produits\\\/log\\\/\",\"url\":\"https:\\\/\\\/eurotilestone.com\\\/fr\\\/produits\\\/log\\\/\",\"name\":\"Log - Euro Tile &amp; Stone\",\"isPartOf\":{\"@id\":\"https:\\\/\\\/eurotilestone.com\\\/fr\\\/#website\"},\"primaryImageOfPage\":{\"@id\":\"https:\\\/\\\/eurotilestone.com\\\/fr\\\/produits\\\/log\\\/#primaryimage\"},\"image\":{\"@id\":\"https:\\\/\\\/eurotilestone.com\\\/fr\\\/produits\\\/log\\\/#primaryimage\"},\"thumbnailUrl\":\"https:\\\/\\\/eurotilestone.com\\\/wp-content\\\/uploads\\\/2024\\\/01\\\/log-green-12x50-rays-grey-sp-90x90amb_v-Ze_SZ1.jpg\",\"datePublished\":\"2024-01-03T21:11:09+00:00\",\"description\":\"La collection LOG est directement inspir\u00e9e des techniques de travail du bois et, plus particuli\u00e8rement, de la construction des chalets de montagne, dont les murs sont assembl\u00e9s par des rondins. La partie incurv\u00e9e de chaque carreau fait \u00e9cho aux techniques de tournage du bois, utilis\u00e9es pour obtenir des formes courbes, tandis que les extr\u00e9mit\u00e9s \u00e9voquent les coupes en onglet souvent utilis\u00e9es pour l'assemblage ou la coupe oblique n\u00e9cessaire pour qu'un arbre tombe dans la bonne direction. Le bois \u00e9tant un mat\u00e9riau vivant et tactile, nous avons voulu donner \u00e0 la collection une texture irr\u00e9guli\u00e8re et rainur\u00e9e qui rappelle l'\u00e9corce d'un arbre.\",\"breadcrumb\":{\"@id\":\"https:\\\/\\\/eurotilestone.com\\\/fr\\\/produits\\\/log\\\/#breadcrumb\"},\"inLanguage\":\"fr-FR\",\"potentialAction\":[{\"@type\":\"ReadAction\",\"target\":[\"https:\\\/\\\/eurotilestone.com\\\/fr\\\/produits\\\/log\\\/\"]}]},{\"@type\":\"ImageObject\",\"inLanguage\":\"fr-FR\",\"@id\":\"https:\\\/\\\/eurotilestone.com\\\/fr\\\/produits\\\/log\\\/#primaryimage\",\"url\":\"https:\\\/\\\/eurotilestone.com\\\/wp-content\\\/uploads\\\/2024\\\/01\\\/log-green-12x50-rays-grey-sp-90x90amb_v-Ze_SZ1.jpg\",\"contentUrl\":\"https:\\\/\\\/eurotilestone.com\\\/wp-content\\\/uploads\\\/2024\\\/01\\\/log-green-12x50-rays-grey-sp-90x90amb_v-Ze_SZ1.jpg\",\"width\":2000,\"height\":1414},{\"@type\":\"BreadcrumbList\",\"@id\":\"https:\\\/\\\/eurotilestone.com\\\/fr\\\/produits\\\/log\\\/#breadcrumb\",\"itemListElement\":[{\"@type\":\"ListItem\",\"position\":1,\"name\":\"Home\",\"item\":\"https:\\\/\\\/eurotilestone.com\\\/fr\\\/\"},{\"@type\":\"ListItem\",\"position\":2,\"name\":\"Boutique\",\"item\":\"https:\\\/\\\/eurotilestone.com\\\/fr\\\/boutique\\\/\"},{\"@type\":\"ListItem\",\"position\":3,\"name\":\"Log\"}]},{\"@type\":\"WebSite\",\"@id\":\"https:\\\/\\\/eurotilestone.com\\\/fr\\\/#website\",\"url\":\"https:\\\/\\\/eurotilestone.com\\\/fr\\\/\",\"name\":\"Euro Tile & Stone\",\"description\":\"\",\"publisher\":{\"@id\":\"https:\\\/\\\/eurotilestone.com\\\/fr\\\/#organization\"},\"potentialAction\":[{\"@type\":\"SearchAction\",\"target\":{\"@type\":\"EntryPoint\",\"urlTemplate\":\"https:\\\/\\\/eurotilestone.com\\\/fr\\\/?s={search_term_string}\"},\"query-input\":{\"@type\":\"PropertyValueSpecification\",\"valueRequired\":true,\"valueName\":\"search_term_string\"}}],\"inLanguage\":\"fr-FR\"},{\"@type\":\"Organization\",\"@id\":\"https:\\\/\\\/eurotilestone.com\\\/fr\\\/#organization\",\"name\":\"Euro Tile & Stone\",\"url\":\"https:\\\/\\\/eurotilestone.com\\\/fr\\\/\",\"logo\":{\"@type\":\"ImageObject\",\"inLanguage\":\"fr-FR\",\"@id\":\"https:\\\/\\\/eurotilestone.com\\\/fr\\\/#\\\/schema\\\/logo\\\/image\\\/\",\"url\":\"https:\\\/\\\/eurotilestone.com\\\/wp-content\\\/uploads\\\/2024\\\/01\\\/Euro-Logo-1.png\",\"contentUrl\":\"https:\\\/\\\/eurotilestone.com\\\/wp-content\\\/uploads\\\/2024\\\/01\\\/Euro-Logo-1.png\",\"width\":2500,\"height\":781,\"caption\":\"Euro Tile & Stone\"},\"image\":{\"@id\":\"https:\\\/\\\/eurotilestone.com\\\/fr\\\/#\\\/schema\\\/logo\\\/image\\\/\"},\"sameAs\":[\"https:\\\/\\\/www.instagram.com\\\/eurotilestone\\\/\"]}]}<\/script>\n<!-- \/ Yoast SEO Premium plugin. -->","yoast_head_json":{"title":"Log - Euro Tile &amp; Stone","description":"La collection LOG est directement inspir\u00e9e des techniques de travail du bois et, plus particuli\u00e8rement, de la construction des chalets de montagne, dont les murs sont assembl\u00e9s par des rondins. La partie incurv\u00e9e de chaque carreau fait \u00e9cho aux techniques de tournage du bois, utilis\u00e9es pour obtenir des formes courbes, tandis que les extr\u00e9mit\u00e9s \u00e9voquent les coupes en onglet souvent utilis\u00e9es pour l'assemblage ou la coupe oblique n\u00e9cessaire pour qu'un arbre tombe dans la bonne direction. Le bois \u00e9tant un mat\u00e9riau vivant et tactile, nous avons voulu donner \u00e0 la collection une texture irr\u00e9guli\u00e8re et rainur\u00e9e qui rappelle l'\u00e9corce d'un arbre.","robots":{"index":"index","follow":"follow","max-snippet":"max-snippet:-1","max-image-preview":"max-image-preview:large","max-video-preview":"max-video-preview:-1"},"canonical":"https:\/\/eurotilestone.com\/fr\/produits\/log\/","og_locale":"fr_FR","og_type":"article","og_title":"Log","og_description":"La collection LOG est directement inspir\u00e9e des techniques de travail du bois et, plus particuli\u00e8rement, de la construction des chalets de montagne, dont les murs sont assembl\u00e9s par des rondins. La partie incurv\u00e9e de chaque carreau fait \u00e9cho aux techniques de tournage du bois, utilis\u00e9es pour obtenir des formes courbes, tandis que les extr\u00e9mit\u00e9s \u00e9voquent les coupes en onglet souvent utilis\u00e9es pour l'assemblage ou la coupe oblique n\u00e9cessaire pour qu'un arbre tombe dans la bonne direction. Le bois \u00e9tant un mat\u00e9riau vivant et tactile, nous avons voulu donner \u00e0 la collection une texture irr\u00e9guli\u00e8re et rainur\u00e9e qui rappelle l'\u00e9corce d'un arbre.","og_url":"https:\/\/eurotilestone.com\/fr\/produits\/log\/","og_site_name":"Euro Tile &amp; Stone","og_image":[{"width":2000,"height":1414,"url":"https:\/\/eurotilestone.com\/wp-content\/uploads\/2024\/01\/log-green-12x50-rays-grey-sp-90x90amb_v-Ze_SZ1.jpg","type":"image\/jpeg"}],"twitter_card":"summary_large_image","schema":{"@context":"https:\/\/schema.org","@graph":[{"@type":"WebPage","@id":"https:\/\/eurotilestone.com\/fr\/produits\/log\/","url":"https:\/\/eurotilestone.com\/fr\/produits\/log\/","name":"Log - Euro Tile &amp; Stone","isPartOf":{"@id":"https:\/\/eurotilestone.com\/fr\/#website"},"primaryImageOfPage":{"@id":"https:\/\/eurotilestone.com\/fr\/produits\/log\/#primaryimage"},"image":{"@id":"https:\/\/eurotilestone.com\/fr\/produits\/log\/#primaryimage"},"thumbnailUrl":"https:\/\/eurotilestone.com\/wp-content\/uploads\/2024\/01\/log-green-12x50-rays-grey-sp-90x90amb_v-Ze_SZ1.jpg","datePublished":"2024-01-03T21:11:09+00:00","description":"La collection LOG est directement inspir\u00e9e des techniques de travail du bois et, plus particuli\u00e8rement, de la construction des chalets de montagne, dont les murs sont assembl\u00e9s par des rondins. La partie incurv\u00e9e de chaque carreau fait \u00e9cho aux techniques de tournage du bois, utilis\u00e9es pour obtenir des formes courbes, tandis que les extr\u00e9mit\u00e9s \u00e9voquent les coupes en onglet souvent utilis\u00e9es pour l'assemblage ou la coupe oblique n\u00e9cessaire pour qu'un arbre tombe dans la bonne direction. Le bois \u00e9tant un mat\u00e9riau vivant et tactile, nous avons voulu donner \u00e0 la collection une texture irr\u00e9guli\u00e8re et rainur\u00e9e qui rappelle l'\u00e9corce d'un arbre.","breadcrumb":{"@id":"https:\/\/eurotilestone.com\/fr\/produits\/log\/#breadcrumb"},"inLanguage":"fr-FR","potentialAction":[{"@type":"ReadAction","target":["https:\/\/eurotilestone.com\/fr\/produits\/log\/"]}]},{"@type":"ImageObject","inLanguage":"fr-FR","@id":"https:\/\/eurotilestone.com\/fr\/produits\/log\/#primaryimage","url":"https:\/\/eurotilestone.com\/wp-content\/uploads\/2024\/01\/log-green-12x50-rays-grey-sp-90x90amb_v-Ze_SZ1.jpg","contentUrl":"https:\/\/eurotilestone.com\/wp-content\/uploads\/2024\/01\/log-green-12x50-rays-grey-sp-90x90amb_v-Ze_SZ1.jpg","width":2000,"height":1414},{"@type":"BreadcrumbList","@id":"https:\/\/eurotilestone.com\/fr\/produits\/log\/#breadcrumb","itemListElement":[{"@type":"ListItem","position":1,"name":"Home","item":"https:\/\/eurotilestone.com\/fr\/"},{"@type":"ListItem","position":2,"name":"Boutique","item":"https:\/\/eurotilestone.com\/fr\/boutique\/"},{"@type":"ListItem","position":3,"name":"Log"}]},{"@type":"WebSite","@id":"https:\/\/eurotilestone.com\/fr\/#website","url":"https:\/\/eurotilestone.com\/fr\/","name":"Euro Tile & Stone","description":"","publisher":{"@id":"https:\/\/eurotilestone.com\/fr\/#organization"},"potentialAction":[{"@type":"SearchAction","target":{"@type":"EntryPoint","urlTemplate":"https:\/\/eurotilestone.com\/fr\/?s={search_term_string}"},"query-input":{"@type":"PropertyValueSpecification","valueRequired":true,"valueName":"search_term_string"}}],"inLanguage":"fr-FR"},{"@type":"Organization","@id":"https:\/\/eurotilestone.com\/fr\/#organization","name":"Euro Tile & Stone","url":"https:\/\/eurotilestone.com\/fr\/","logo":{"@type":"ImageObject","inLanguage":"fr-FR","@id":"https:\/\/eurotilestone.com\/fr\/#\/schema\/logo\/image\/","url":"https:\/\/eurotilestone.com\/wp-content\/uploads\/2024\/01\/Euro-Logo-1.png","contentUrl":"https:\/\/eurotilestone.com\/wp-content\/uploads\/2024\/01\/Euro-Logo-1.png","width":2500,"height":781,"caption":"Euro Tile & Stone"},"image":{"@id":"https:\/\/eurotilestone.com\/fr\/#\/schema\/logo\/image\/"},"sameAs":["https:\/\/www.instagram.com\/eurotilestone\/"]}]}},"_links":{"self":[{"href":"https:\/\/eurotilestone.com\/fr\/wp-json\/wp\/v2\/product\/44779","targetHints":{"allow":["GET"]}}],"collection":[{"href":"https:\/\/eurotilestone.com\/fr\/wp-json\/wp\/v2\/product"}],"about":[{"href":"https:\/\/eurotilestone.com\/fr\/wp-json\/wp\/v2\/types\/product"}],"wp:featuredmedia":[{"embeddable":true,"href":"https:\/\/eurotilestone.com\/fr\/wp-json\/wp\/v2\/media\/40285"}],"wp:attachment":[{"href":"https:\/\/eurotilestone.com\/fr\/wp-json\/wp\/v2\/media?parent=44779"}],"wp:term":[{"taxonomy":"product_brand","embeddable":true,"href":"https:\/\/eurotilestone.com\/fr\/wp-json\/wp\/v2\/product_brand?post=44779"},{"taxonomy":"product_cat","embeddable":true,"href":"https:\/\/eurotilestone.com\/fr\/wp-json\/wp\/v2\/product_cat?post=44779"},{"taxonomy":"product_tag","embeddable":true,"href":"https:\/\/eurotilestone.com\/fr\/wp-json\/wp\/v2\/product_tag?post=44779"}],"curies":[{"name":"wp","href":"https:\/\/api.w.org\/{rel}","templated":true}]}}