{"id":44462,"date":"2024-06-18T12:40:32","date_gmt":"2024-06-18T16:40:32","guid":{"rendered":"https:\/\/eurotilestone.com\/product\/cosmopolitan\/"},"modified":"2024-06-18T12:40:32","modified_gmt":"2024-06-18T16:40:32","slug":"cosmopolitan","status":"publish","type":"product","link":"https:\/\/eurotilestone.com\/fr\/produits\/cosmopolitan\/","title":{"rendered":"Cosmopolitan"},"content":{"rendered":"","protected":false},"excerpt":{"rendered":"","protected":false},"featured_media":40979,"template":"","meta":{"_acf_changed":false},"product_brand":[],"product_cat":[4379,4536],"product_tag":[],"class_list":{"0":"post-44462","1":"product","2":"type-product","3":"status-publish","4":"has-post-thumbnail","6":"product_cat-floor-wall-tile-fr","7":"product_cat-mosaiques","8":"pa_colour-noir","9":"pa_colour-beige-fr","10":"pa_shape-planche","11":"pa_variation_colour-cosmopolitan-nero-mosaic-fr","12":"pa_variation_colour-cosmopolitan-crema-grand-hex-fr","13":"pa_variation_colour-cosmopolitan-nero-grand-hex-fr","14":"pa_variation_colour-cosmopolitan-crema-fr","15":"pa_variation_colour-cosmopolitan-nero-fr","16":"pa_variation_colour-cosmopolitan-ghiaccio-fr","17":"pa_variation_colour-cosmopolitan-ghiacco-mosaic-fr","18":"pa_variation_colour-cosmopolitan-crema-mosaic-fr","19":"pa_variation_size_shape-24x48-fr","20":"pa_variation_size_shape-42-5x48-hexagone","21":"pa_variation_size_shape-12x12-mosaique","22":"pa_variation_size_shape-12x12-octogone","23":"pa_variation_size_shape-24x24-carre","24":"pa_variation_size_shape-3x12-plank","25":"pa_variation_size_shape-12x12-fr","27":"first","28":"instock","29":"sold-individually","30":"shipping-taxable","31":"purchasable","32":"product-type-variable"},"acf":[],"yoast_head":"<!-- This site is optimized with the Yoast SEO Premium plugin v26.6 (Yoast SEO v27.3) - https:\/\/yoast.com\/product\/yoast-seo-premium-wordpress\/ -->\n<title>Cosmopolitan - Euro Tile &amp; Stone %<\/title>\n<meta name=\"description\" content=\"Cosmopolitan est une collection de couleurs et de tailles tendance avec un vaste assortiment d&#039;accessoires d\u00e9coratifs qui cr\u00e9ent des \u00e9l\u00e9ments g\u00e9om\u00e9triques modernes et excitants dans des combinaisons de couleurs sophistiqu\u00e9es.\" \/>\n<meta name=\"robots\" content=\"index, follow, max-snippet:-1, max-image-preview:large, max-video-preview:-1\" \/>\n<link rel=\"canonical\" href=\"https:\/\/eurotilestone.com\/fr\/produits\/cosmopolitan\/\" \/>\n<meta property=\"og:locale\" content=\"fr_FR\" \/>\n<meta property=\"og:type\" content=\"article\" \/>\n<meta property=\"og:title\" content=\"Cosmopolitan\" \/>\n<meta property=\"og:description\" content=\"Cosmopolitan est une collection de couleurs et de tailles tendance avec un vaste assortiment d&#039;accessoires d\u00e9coratifs qui cr\u00e9ent des \u00e9l\u00e9ments g\u00e9om\u00e9triques modernes et excitants dans des combinaisons de couleurs sophistiqu\u00e9es.\" \/>\n<meta property=\"og:url\" content=\"https:\/\/eurotilestone.com\/fr\/produits\/cosmopolitan\/\" \/>\n<meta property=\"og:site_name\" content=\"Euro Tile &amp; Stone\" \/>\n<meta property=\"og:image\" content=\"https:\/\/eurotilestone.com\/wp-content\/uploads\/2024\/06\/af0a30f0-0c2b-4088-9b74-67c83f693fb2-0.jpg\" \/>\n\t<meta property=\"og:image:width\" content=\"2500\" \/>\n\t<meta property=\"og:image:height\" content=\"1875\" \/>\n\t<meta property=\"og:image:type\" content=\"image\/jpeg\" \/>\n<meta name=\"twitter:card\" content=\"summary_large_image\" \/>\n<script type=\"application\/ld+json\" class=\"yoast-schema-graph\">{\"@context\":\"https:\\\/\\\/schema.org\",\"@graph\":[{\"@type\":\"WebPage\",\"@id\":\"https:\\\/\\\/eurotilestone.com\\\/fr\\\/produits\\\/cosmopolitan\\\/\",\"url\":\"https:\\\/\\\/eurotilestone.com\\\/fr\\\/produits\\\/cosmopolitan\\\/\",\"name\":\"Cosmopolitan - Euro Tile &amp; Stone %\",\"isPartOf\":{\"@id\":\"https:\\\/\\\/eurotilestone.com\\\/fr\\\/#website\"},\"primaryImageOfPage\":{\"@id\":\"https:\\\/\\\/eurotilestone.com\\\/fr\\\/produits\\\/cosmopolitan\\\/#primaryimage\"},\"image\":{\"@id\":\"https:\\\/\\\/eurotilestone.com\\\/fr\\\/produits\\\/cosmopolitan\\\/#primaryimage\"},\"thumbnailUrl\":\"https:\\\/\\\/eurotilestone.com\\\/wp-content\\\/uploads\\\/2024\\\/06\\\/af0a30f0-0c2b-4088-9b74-67c83f693fb2-0.jpg\",\"datePublished\":\"2024-06-18T16:40:32+00:00\",\"description\":\"Cosmopolitan est une collection de couleurs et de tailles tendance avec un vaste assortiment d'accessoires d\u00e9coratifs qui cr\u00e9ent des \u00e9l\u00e9ments g\u00e9om\u00e9triques modernes et excitants dans des combinaisons de couleurs sophistiqu\u00e9es.\",\"breadcrumb\":{\"@id\":\"https:\\\/\\\/eurotilestone.com\\\/fr\\\/produits\\\/cosmopolitan\\\/#breadcrumb\"},\"inLanguage\":\"fr-FR\",\"potentialAction\":[{\"@type\":\"ReadAction\",\"target\":[\"https:\\\/\\\/eurotilestone.com\\\/fr\\\/produits\\\/cosmopolitan\\\/\"]}]},{\"@type\":\"ImageObject\",\"inLanguage\":\"fr-FR\",\"@id\":\"https:\\\/\\\/eurotilestone.com\\\/fr\\\/produits\\\/cosmopolitan\\\/#primaryimage\",\"url\":\"https:\\\/\\\/eurotilestone.com\\\/wp-content\\\/uploads\\\/2024\\\/06\\\/af0a30f0-0c2b-4088-9b74-67c83f693fb2-0.jpg\",\"contentUrl\":\"https:\\\/\\\/eurotilestone.com\\\/wp-content\\\/uploads\\\/2024\\\/06\\\/af0a30f0-0c2b-4088-9b74-67c83f693fb2-0.jpg\",\"width\":2500,\"height\":1875},{\"@type\":\"BreadcrumbList\",\"@id\":\"https:\\\/\\\/eurotilestone.com\\\/fr\\\/produits\\\/cosmopolitan\\\/#breadcrumb\",\"itemListElement\":[{\"@type\":\"ListItem\",\"position\":1,\"name\":\"Home\",\"item\":\"https:\\\/\\\/eurotilestone.com\\\/fr\\\/\"},{\"@type\":\"ListItem\",\"position\":2,\"name\":\"Boutique\",\"item\":\"https:\\\/\\\/eurotilestone.com\\\/fr\\\/boutique\\\/\"},{\"@type\":\"ListItem\",\"position\":3,\"name\":\"Cosmopolitan\"}]},{\"@type\":\"WebSite\",\"@id\":\"https:\\\/\\\/eurotilestone.com\\\/fr\\\/#website\",\"url\":\"https:\\\/\\\/eurotilestone.com\\\/fr\\\/\",\"name\":\"Euro Tile & Stone\",\"description\":\"\",\"publisher\":{\"@id\":\"https:\\\/\\\/eurotilestone.com\\\/fr\\\/#organization\"},\"potentialAction\":[{\"@type\":\"SearchAction\",\"target\":{\"@type\":\"EntryPoint\",\"urlTemplate\":\"https:\\\/\\\/eurotilestone.com\\\/fr\\\/?s={search_term_string}\"},\"query-input\":{\"@type\":\"PropertyValueSpecification\",\"valueRequired\":true,\"valueName\":\"search_term_string\"}}],\"inLanguage\":\"fr-FR\"},{\"@type\":\"Organization\",\"@id\":\"https:\\\/\\\/eurotilestone.com\\\/fr\\\/#organization\",\"name\":\"Euro Tile & Stone\",\"url\":\"https:\\\/\\\/eurotilestone.com\\\/fr\\\/\",\"logo\":{\"@type\":\"ImageObject\",\"inLanguage\":\"fr-FR\",\"@id\":\"https:\\\/\\\/eurotilestone.com\\\/fr\\\/#\\\/schema\\\/logo\\\/image\\\/\",\"url\":\"https:\\\/\\\/eurotilestone.com\\\/wp-content\\\/uploads\\\/2024\\\/01\\\/Euro-Logo-1.png\",\"contentUrl\":\"https:\\\/\\\/eurotilestone.com\\\/wp-content\\\/uploads\\\/2024\\\/01\\\/Euro-Logo-1.png\",\"width\":2500,\"height\":781,\"caption\":\"Euro Tile & Stone\"},\"image\":{\"@id\":\"https:\\\/\\\/eurotilestone.com\\\/fr\\\/#\\\/schema\\\/logo\\\/image\\\/\"},\"sameAs\":[\"https:\\\/\\\/www.instagram.com\\\/eurotilestone\\\/\"]}]}<\/script>\n<!-- \/ Yoast SEO Premium plugin. -->","yoast_head_json":{"title":"Cosmopolitan - Euro Tile &amp; Stone %","description":"Cosmopolitan est une collection de couleurs et de tailles tendance avec un vaste assortiment d'accessoires d\u00e9coratifs qui cr\u00e9ent des \u00e9l\u00e9ments g\u00e9om\u00e9triques modernes et excitants dans des combinaisons de couleurs sophistiqu\u00e9es.","robots":{"index":"index","follow":"follow","max-snippet":"max-snippet:-1","max-image-preview":"max-image-preview:large","max-video-preview":"max-video-preview:-1"},"canonical":"https:\/\/eurotilestone.com\/fr\/produits\/cosmopolitan\/","og_locale":"fr_FR","og_type":"article","og_title":"Cosmopolitan","og_description":"Cosmopolitan est une collection de couleurs et de tailles tendance avec un vaste assortiment d'accessoires d\u00e9coratifs qui cr\u00e9ent des \u00e9l\u00e9ments g\u00e9om\u00e9triques modernes et excitants dans des combinaisons de couleurs sophistiqu\u00e9es.","og_url":"https:\/\/eurotilestone.com\/fr\/produits\/cosmopolitan\/","og_site_name":"Euro Tile &amp; Stone","og_image":[{"width":2500,"height":1875,"url":"https:\/\/eurotilestone.com\/wp-content\/uploads\/2024\/06\/af0a30f0-0c2b-4088-9b74-67c83f693fb2-0.jpg","type":"image\/jpeg"}],"twitter_card":"summary_large_image","schema":{"@context":"https:\/\/schema.org","@graph":[{"@type":"WebPage","@id":"https:\/\/eurotilestone.com\/fr\/produits\/cosmopolitan\/","url":"https:\/\/eurotilestone.com\/fr\/produits\/cosmopolitan\/","name":"Cosmopolitan - Euro Tile &amp; Stone %","isPartOf":{"@id":"https:\/\/eurotilestone.com\/fr\/#website"},"primaryImageOfPage":{"@id":"https:\/\/eurotilestone.com\/fr\/produits\/cosmopolitan\/#primaryimage"},"image":{"@id":"https:\/\/eurotilestone.com\/fr\/produits\/cosmopolitan\/#primaryimage"},"thumbnailUrl":"https:\/\/eurotilestone.com\/wp-content\/uploads\/2024\/06\/af0a30f0-0c2b-4088-9b74-67c83f693fb2-0.jpg","datePublished":"2024-06-18T16:40:32+00:00","description":"Cosmopolitan est une collection de couleurs et de tailles tendance avec un vaste assortiment d'accessoires d\u00e9coratifs qui cr\u00e9ent des \u00e9l\u00e9ments g\u00e9om\u00e9triques modernes et excitants dans des combinaisons de couleurs sophistiqu\u00e9es.","breadcrumb":{"@id":"https:\/\/eurotilestone.com\/fr\/produits\/cosmopolitan\/#breadcrumb"},"inLanguage":"fr-FR","potentialAction":[{"@type":"ReadAction","target":["https:\/\/eurotilestone.com\/fr\/produits\/cosmopolitan\/"]}]},{"@type":"ImageObject","inLanguage":"fr-FR","@id":"https:\/\/eurotilestone.com\/fr\/produits\/cosmopolitan\/#primaryimage","url":"https:\/\/eurotilestone.com\/wp-content\/uploads\/2024\/06\/af0a30f0-0c2b-4088-9b74-67c83f693fb2-0.jpg","contentUrl":"https:\/\/eurotilestone.com\/wp-content\/uploads\/2024\/06\/af0a30f0-0c2b-4088-9b74-67c83f693fb2-0.jpg","width":2500,"height":1875},{"@type":"BreadcrumbList","@id":"https:\/\/eurotilestone.com\/fr\/produits\/cosmopolitan\/#breadcrumb","itemListElement":[{"@type":"ListItem","position":1,"name":"Home","item":"https:\/\/eurotilestone.com\/fr\/"},{"@type":"ListItem","position":2,"name":"Boutique","item":"https:\/\/eurotilestone.com\/fr\/boutique\/"},{"@type":"ListItem","position":3,"name":"Cosmopolitan"}]},{"@type":"WebSite","@id":"https:\/\/eurotilestone.com\/fr\/#website","url":"https:\/\/eurotilestone.com\/fr\/","name":"Euro Tile & Stone","description":"","publisher":{"@id":"https:\/\/eurotilestone.com\/fr\/#organization"},"potentialAction":[{"@type":"SearchAction","target":{"@type":"EntryPoint","urlTemplate":"https:\/\/eurotilestone.com\/fr\/?s={search_term_string}"},"query-input":{"@type":"PropertyValueSpecification","valueRequired":true,"valueName":"search_term_string"}}],"inLanguage":"fr-FR"},{"@type":"Organization","@id":"https:\/\/eurotilestone.com\/fr\/#organization","name":"Euro Tile & Stone","url":"https:\/\/eurotilestone.com\/fr\/","logo":{"@type":"ImageObject","inLanguage":"fr-FR","@id":"https:\/\/eurotilestone.com\/fr\/#\/schema\/logo\/image\/","url":"https:\/\/eurotilestone.com\/wp-content\/uploads\/2024\/01\/Euro-Logo-1.png","contentUrl":"https:\/\/eurotilestone.com\/wp-content\/uploads\/2024\/01\/Euro-Logo-1.png","width":2500,"height":781,"caption":"Euro Tile & Stone"},"image":{"@id":"https:\/\/eurotilestone.com\/fr\/#\/schema\/logo\/image\/"},"sameAs":["https:\/\/www.instagram.com\/eurotilestone\/"]}]}},"_links":{"self":[{"href":"https:\/\/eurotilestone.com\/fr\/wp-json\/wp\/v2\/product\/44462","targetHints":{"allow":["GET"]}}],"collection":[{"href":"https:\/\/eurotilestone.com\/fr\/wp-json\/wp\/v2\/product"}],"about":[{"href":"https:\/\/eurotilestone.com\/fr\/wp-json\/wp\/v2\/types\/product"}],"wp:featuredmedia":[{"embeddable":true,"href":"https:\/\/eurotilestone.com\/fr\/wp-json\/wp\/v2\/media\/40979"}],"wp:attachment":[{"href":"https:\/\/eurotilestone.com\/fr\/wp-json\/wp\/v2\/media?parent=44462"}],"wp:term":[{"taxonomy":"product_brand","embeddable":true,"href":"https:\/\/eurotilestone.com\/fr\/wp-json\/wp\/v2\/product_brand?post=44462"},{"taxonomy":"product_cat","embeddable":true,"href":"https:\/\/eurotilestone.com\/fr\/wp-json\/wp\/v2\/product_cat?post=44462"},{"taxonomy":"product_tag","embeddable":true,"href":"https:\/\/eurotilestone.com\/fr\/wp-json\/wp\/v2\/product_tag?post=44462"}],"curies":[{"name":"wp","href":"https:\/\/api.w.org\/{rel}","templated":true}]}}