{"id":43607,"date":"2024-10-07T13:51:30","date_gmt":"2024-10-07T17:51:30","guid":{"rendered":"https:\/\/eurotilestone.com\/product\/bits\/"},"modified":"2024-10-07T13:51:30","modified_gmt":"2024-10-07T17:51:30","slug":"bits","status":"publish","type":"product","link":"https:\/\/eurotilestone.com\/fr\/produits\/bits\/","title":{"rendered":"BITS"},"content":{"rendered":"","protected":false},"excerpt":{"rendered":"","protected":false},"featured_media":41295,"template":"","meta":{"_acf_changed":false},"product_brand":[],"product_cat":[4379],"product_tag":[],"class_list":{"0":"post-43607","1":"product","2":"type-product","3":"status-publish","4":"has-post-thumbnail","6":"product_cat-floor-wall-tile-fr","7":"pa_colour-red-fr","8":"pa_colour-white-fr","9":"pa_colour-argent","10":"pa_colour-noir","11":"pa_colour-bleu","12":"pa_colour-grey-fr","13":"pa_colour-brun","14":"pa_colour-beige-fr","15":"pa_colour-vert","16":"pa_colour-orange-fr","17":"pa_shape-carre","18":"pa_shape-rectangle-fr","19":"pa_variation_colour-tundra-bits-fr","20":"pa_variation_colour-kale-bits-fr","21":"pa_variation_colour-celadon-bits-fr","22":"pa_variation_colour-bits-de-nuage","23":"pa_variation_colour-morceaux-de-cidre","24":"pa_variation_colour-chataigne-morceaux","25":"pa_variation_colour-storm-bits-fr","26":"pa_variation_colour-bleu-acier-meches","27":"pa_variation_colour-scuba-bits-fr","28":"pa_variation_size_shape-4-6-x-4-6-fr","29":"pa_variation_size_shape-1-5-x-4-6-fr","31":"first","32":"instock","33":"sold-individually","34":"shipping-taxable","35":"purchasable","36":"product-type-variable"},"acf":[],"yoast_head":"<!-- This site is optimized with the Yoast SEO Premium plugin v26.6 (Yoast SEO v27.3) - https:\/\/yoast.com\/product\/yoast-seo-premium-wordpress\/ -->\n<title>BITS - Euro Tile &amp; Stone<\/title>\n<meta name=\"description\" content=\"COLLECTION BITS : inspir\u00e9e par l&#039;unit\u00e9 la plus simple du design, chaque pi\u00e8ce est un fragment, pr\u00eat \u00e0 donner vie \u00e0 votre vision.\" \/>\n<meta name=\"robots\" content=\"index, follow, max-snippet:-1, max-image-preview:large, max-video-preview:-1\" \/>\n<link rel=\"canonical\" href=\"https:\/\/eurotilestone.com\/fr\/produits\/bits\/\" \/>\n<meta property=\"og:locale\" content=\"fr_FR\" \/>\n<meta property=\"og:type\" content=\"article\" \/>\n<meta property=\"og:title\" content=\"BITS\" \/>\n<meta property=\"og:description\" content=\"COLLECTION BITS : inspir\u00e9e par l&#039;unit\u00e9 la plus simple du design, chaque pi\u00e8ce est un fragment, pr\u00eat \u00e0 donner vie \u00e0 votre vision.\" \/>\n<meta property=\"og:url\" content=\"https:\/\/eurotilestone.com\/fr\/produits\/bits\/\" \/>\n<meta property=\"og:site_name\" content=\"Euro Tile &amp; Stone\" \/>\n<meta property=\"og:image\" content=\"https:\/\/eurotilestone.com\/wp-content\/uploads\/2024\/10\/1-1.jpg\" \/>\n\t<meta property=\"og:image:width\" content=\"1080\" \/>\n\t<meta property=\"og:image:height\" content=\"1080\" \/>\n\t<meta property=\"og:image:type\" content=\"image\/jpeg\" \/>\n<meta name=\"twitter:card\" content=\"summary_large_image\" \/>\n<script type=\"application\/ld+json\" class=\"yoast-schema-graph\">{\"@context\":\"https:\\\/\\\/schema.org\",\"@graph\":[{\"@type\":\"WebPage\",\"@id\":\"https:\\\/\\\/eurotilestone.com\\\/fr\\\/produits\\\/bits\\\/\",\"url\":\"https:\\\/\\\/eurotilestone.com\\\/fr\\\/produits\\\/bits\\\/\",\"name\":\"BITS - Euro Tile &amp; Stone\",\"isPartOf\":{\"@id\":\"https:\\\/\\\/eurotilestone.com\\\/fr\\\/#website\"},\"primaryImageOfPage\":{\"@id\":\"https:\\\/\\\/eurotilestone.com\\\/fr\\\/produits\\\/bits\\\/#primaryimage\"},\"image\":{\"@id\":\"https:\\\/\\\/eurotilestone.com\\\/fr\\\/produits\\\/bits\\\/#primaryimage\"},\"thumbnailUrl\":\"https:\\\/\\\/eurotilestone.com\\\/wp-content\\\/uploads\\\/2024\\\/10\\\/1-1.jpg\",\"datePublished\":\"2024-10-07T17:51:30+00:00\",\"description\":\"COLLECTION BITS : inspir\u00e9e par l'unit\u00e9 la plus simple du design, chaque pi\u00e8ce est un fragment, pr\u00eat \u00e0 donner vie \u00e0 votre vision.\",\"breadcrumb\":{\"@id\":\"https:\\\/\\\/eurotilestone.com\\\/fr\\\/produits\\\/bits\\\/#breadcrumb\"},\"inLanguage\":\"fr-FR\",\"potentialAction\":[{\"@type\":\"ReadAction\",\"target\":[\"https:\\\/\\\/eurotilestone.com\\\/fr\\\/produits\\\/bits\\\/\"]}]},{\"@type\":\"ImageObject\",\"inLanguage\":\"fr-FR\",\"@id\":\"https:\\\/\\\/eurotilestone.com\\\/fr\\\/produits\\\/bits\\\/#primaryimage\",\"url\":\"https:\\\/\\\/eurotilestone.com\\\/wp-content\\\/uploads\\\/2024\\\/10\\\/1-1.jpg\",\"contentUrl\":\"https:\\\/\\\/eurotilestone.com\\\/wp-content\\\/uploads\\\/2024\\\/10\\\/1-1.jpg\",\"width\":1080,\"height\":1080},{\"@type\":\"BreadcrumbList\",\"@id\":\"https:\\\/\\\/eurotilestone.com\\\/fr\\\/produits\\\/bits\\\/#breadcrumb\",\"itemListElement\":[{\"@type\":\"ListItem\",\"position\":1,\"name\":\"Home\",\"item\":\"https:\\\/\\\/eurotilestone.com\\\/fr\\\/\"},{\"@type\":\"ListItem\",\"position\":2,\"name\":\"Boutique\",\"item\":\"https:\\\/\\\/eurotilestone.com\\\/fr\\\/boutique\\\/\"},{\"@type\":\"ListItem\",\"position\":3,\"name\":\"BITS\"}]},{\"@type\":\"WebSite\",\"@id\":\"https:\\\/\\\/eurotilestone.com\\\/fr\\\/#website\",\"url\":\"https:\\\/\\\/eurotilestone.com\\\/fr\\\/\",\"name\":\"Euro Tile & Stone\",\"description\":\"\",\"publisher\":{\"@id\":\"https:\\\/\\\/eurotilestone.com\\\/fr\\\/#organization\"},\"potentialAction\":[{\"@type\":\"SearchAction\",\"target\":{\"@type\":\"EntryPoint\",\"urlTemplate\":\"https:\\\/\\\/eurotilestone.com\\\/fr\\\/?s={search_term_string}\"},\"query-input\":{\"@type\":\"PropertyValueSpecification\",\"valueRequired\":true,\"valueName\":\"search_term_string\"}}],\"inLanguage\":\"fr-FR\"},{\"@type\":\"Organization\",\"@id\":\"https:\\\/\\\/eurotilestone.com\\\/fr\\\/#organization\",\"name\":\"Euro Tile & Stone\",\"url\":\"https:\\\/\\\/eurotilestone.com\\\/fr\\\/\",\"logo\":{\"@type\":\"ImageObject\",\"inLanguage\":\"fr-FR\",\"@id\":\"https:\\\/\\\/eurotilestone.com\\\/fr\\\/#\\\/schema\\\/logo\\\/image\\\/\",\"url\":\"https:\\\/\\\/eurotilestone.com\\\/wp-content\\\/uploads\\\/2024\\\/01\\\/Euro-Logo-1.png\",\"contentUrl\":\"https:\\\/\\\/eurotilestone.com\\\/wp-content\\\/uploads\\\/2024\\\/01\\\/Euro-Logo-1.png\",\"width\":2500,\"height\":781,\"caption\":\"Euro Tile & Stone\"},\"image\":{\"@id\":\"https:\\\/\\\/eurotilestone.com\\\/fr\\\/#\\\/schema\\\/logo\\\/image\\\/\"},\"sameAs\":[\"https:\\\/\\\/www.instagram.com\\\/eurotilestone\\\/\"]}]}<\/script>\n<!-- \/ Yoast SEO Premium plugin. -->","yoast_head_json":{"title":"BITS - Euro Tile &amp; Stone","description":"COLLECTION BITS : inspir\u00e9e par l'unit\u00e9 la plus simple du design, chaque pi\u00e8ce est un fragment, pr\u00eat \u00e0 donner vie \u00e0 votre vision.","robots":{"index":"index","follow":"follow","max-snippet":"max-snippet:-1","max-image-preview":"max-image-preview:large","max-video-preview":"max-video-preview:-1"},"canonical":"https:\/\/eurotilestone.com\/fr\/produits\/bits\/","og_locale":"fr_FR","og_type":"article","og_title":"BITS","og_description":"COLLECTION BITS : inspir\u00e9e par l'unit\u00e9 la plus simple du design, chaque pi\u00e8ce est un fragment, pr\u00eat \u00e0 donner vie \u00e0 votre vision.","og_url":"https:\/\/eurotilestone.com\/fr\/produits\/bits\/","og_site_name":"Euro Tile &amp; Stone","og_image":[{"width":1080,"height":1080,"url":"https:\/\/eurotilestone.com\/wp-content\/uploads\/2024\/10\/1-1.jpg","type":"image\/jpeg"}],"twitter_card":"summary_large_image","schema":{"@context":"https:\/\/schema.org","@graph":[{"@type":"WebPage","@id":"https:\/\/eurotilestone.com\/fr\/produits\/bits\/","url":"https:\/\/eurotilestone.com\/fr\/produits\/bits\/","name":"BITS - Euro Tile &amp; Stone","isPartOf":{"@id":"https:\/\/eurotilestone.com\/fr\/#website"},"primaryImageOfPage":{"@id":"https:\/\/eurotilestone.com\/fr\/produits\/bits\/#primaryimage"},"image":{"@id":"https:\/\/eurotilestone.com\/fr\/produits\/bits\/#primaryimage"},"thumbnailUrl":"https:\/\/eurotilestone.com\/wp-content\/uploads\/2024\/10\/1-1.jpg","datePublished":"2024-10-07T17:51:30+00:00","description":"COLLECTION BITS : inspir\u00e9e par l'unit\u00e9 la plus simple du design, chaque pi\u00e8ce est un fragment, pr\u00eat \u00e0 donner vie \u00e0 votre vision.","breadcrumb":{"@id":"https:\/\/eurotilestone.com\/fr\/produits\/bits\/#breadcrumb"},"inLanguage":"fr-FR","potentialAction":[{"@type":"ReadAction","target":["https:\/\/eurotilestone.com\/fr\/produits\/bits\/"]}]},{"@type":"ImageObject","inLanguage":"fr-FR","@id":"https:\/\/eurotilestone.com\/fr\/produits\/bits\/#primaryimage","url":"https:\/\/eurotilestone.com\/wp-content\/uploads\/2024\/10\/1-1.jpg","contentUrl":"https:\/\/eurotilestone.com\/wp-content\/uploads\/2024\/10\/1-1.jpg","width":1080,"height":1080},{"@type":"BreadcrumbList","@id":"https:\/\/eurotilestone.com\/fr\/produits\/bits\/#breadcrumb","itemListElement":[{"@type":"ListItem","position":1,"name":"Home","item":"https:\/\/eurotilestone.com\/fr\/"},{"@type":"ListItem","position":2,"name":"Boutique","item":"https:\/\/eurotilestone.com\/fr\/boutique\/"},{"@type":"ListItem","position":3,"name":"BITS"}]},{"@type":"WebSite","@id":"https:\/\/eurotilestone.com\/fr\/#website","url":"https:\/\/eurotilestone.com\/fr\/","name":"Euro Tile & Stone","description":"","publisher":{"@id":"https:\/\/eurotilestone.com\/fr\/#organization"},"potentialAction":[{"@type":"SearchAction","target":{"@type":"EntryPoint","urlTemplate":"https:\/\/eurotilestone.com\/fr\/?s={search_term_string}"},"query-input":{"@type":"PropertyValueSpecification","valueRequired":true,"valueName":"search_term_string"}}],"inLanguage":"fr-FR"},{"@type":"Organization","@id":"https:\/\/eurotilestone.com\/fr\/#organization","name":"Euro Tile & Stone","url":"https:\/\/eurotilestone.com\/fr\/","logo":{"@type":"ImageObject","inLanguage":"fr-FR","@id":"https:\/\/eurotilestone.com\/fr\/#\/schema\/logo\/image\/","url":"https:\/\/eurotilestone.com\/wp-content\/uploads\/2024\/01\/Euro-Logo-1.png","contentUrl":"https:\/\/eurotilestone.com\/wp-content\/uploads\/2024\/01\/Euro-Logo-1.png","width":2500,"height":781,"caption":"Euro Tile & Stone"},"image":{"@id":"https:\/\/eurotilestone.com\/fr\/#\/schema\/logo\/image\/"},"sameAs":["https:\/\/www.instagram.com\/eurotilestone\/"]}]}},"_links":{"self":[{"href":"https:\/\/eurotilestone.com\/fr\/wp-json\/wp\/v2\/product\/43607","targetHints":{"allow":["GET"]}}],"collection":[{"href":"https:\/\/eurotilestone.com\/fr\/wp-json\/wp\/v2\/product"}],"about":[{"href":"https:\/\/eurotilestone.com\/fr\/wp-json\/wp\/v2\/types\/product"}],"wp:featuredmedia":[{"embeddable":true,"href":"https:\/\/eurotilestone.com\/fr\/wp-json\/wp\/v2\/media\/41295"}],"wp:attachment":[{"href":"https:\/\/eurotilestone.com\/fr\/wp-json\/wp\/v2\/media?parent=43607"}],"wp:term":[{"taxonomy":"product_brand","embeddable":true,"href":"https:\/\/eurotilestone.com\/fr\/wp-json\/wp\/v2\/product_brand?post=43607"},{"taxonomy":"product_cat","embeddable":true,"href":"https:\/\/eurotilestone.com\/fr\/wp-json\/wp\/v2\/product_cat?post=43607"},{"taxonomy":"product_tag","embeddable":true,"href":"https:\/\/eurotilestone.com\/fr\/wp-json\/wp\/v2\/product_tag?post=43607"}],"curies":[{"name":"wp","href":"https:\/\/api.w.org\/{rel}","templated":true}]}}