{"id":43602,"date":"2024-09-25T15:34:48","date_gmt":"2024-09-25T19:34:48","guid":{"rendered":"https:\/\/eurotilestone.com\/product\/grace-o\/"},"modified":"2024-09-25T15:34:48","modified_gmt":"2024-09-25T19:34:48","slug":"grace-o","status":"publish","type":"product","link":"https:\/\/eurotilestone.com\/fr\/produits\/grace-o\/","title":{"rendered":"GRACE O"},"content":{"rendered":"","protected":false},"excerpt":{"rendered":"","protected":false},"featured_media":41258,"template":"","meta":{"_acf_changed":false},"product_brand":[],"product_cat":[4379],"product_tag":[],"class_list":{"0":"post-43602","1":"product","2":"type-product","3":"status-publish","4":"has-post-thumbnail","6":"product_cat-floor-wall-tile-fr","7":"pa_colour-beige-fr","8":"pa_colour-white-fr","9":"pa_shape-ovale","10":"pa_variation_colour-sand-grace-o-fr","11":"pa_variation_colour-blanc-grace-o","12":"pa_variation_size_shape-3x12-planche-arrondie","14":"first","15":"instock","16":"sold-individually","17":"shipping-taxable","18":"purchasable","19":"product-type-variable"},"acf":[],"yoast_head":"<!-- This site is optimized with the Yoast SEO Premium plugin v26.6 (Yoast SEO v27.3) - https:\/\/yoast.com\/product\/yoast-seo-premium-wordpress\/ -->\n<title>GRACE O - Euro Tile &amp; Stone<\/title>\n<meta name=\"description\" content=\"La collection Grace vous invite \u00e0 red\u00e9finir votre esth\u00e9tique avec un regard neuf. La star du spectacle est notre gamme de finitions : des \u00e9maux cristallins profonds et translucides qui ajoutent une touche d&#039;\u00e9l\u00e9gance aux surfaces mates les plus lisses, parfaites pour ceux qui pr\u00e9f\u00e8rent un aspect subtil et non r\u00e9fl\u00e9chissant. Avec la collection Grace, vous ne vous contentez pas de choisir des carreaux, vous fa\u00e7onnez un espace qui vous est propre !\" \/>\n<meta name=\"robots\" content=\"index, follow, max-snippet:-1, max-image-preview:large, max-video-preview:-1\" \/>\n<link rel=\"canonical\" href=\"https:\/\/eurotilestone.com\/fr\/produits\/grace-o\/\" \/>\n<meta property=\"og:locale\" content=\"fr_FR\" \/>\n<meta property=\"og:type\" content=\"article\" \/>\n<meta property=\"og:title\" content=\"GRACE O\" \/>\n<meta property=\"og:description\" content=\"La collection Grace vous invite \u00e0 red\u00e9finir votre esth\u00e9tique avec un regard neuf. La star du spectacle est notre gamme de finitions : des \u00e9maux cristallins profonds et translucides qui ajoutent une touche d&#039;\u00e9l\u00e9gance aux surfaces mates les plus lisses, parfaites pour ceux qui pr\u00e9f\u00e8rent un aspect subtil et non r\u00e9fl\u00e9chissant. Avec la collection Grace, vous ne vous contentez pas de choisir des carreaux, vous fa\u00e7onnez un espace qui vous est propre !\" \/>\n<meta property=\"og:url\" content=\"https:\/\/eurotilestone.com\/fr\/produits\/grace-o\/\" \/>\n<meta property=\"og:site_name\" content=\"Euro Tile &amp; Stone\" \/>\n<meta property=\"og:image\" content=\"https:\/\/eurotilestone.com\/wp-content\/uploads\/2024\/09\/Grace-O-Sand-Grace-Sand.jpg\" \/>\n\t<meta property=\"og:image:width\" content=\"2500\" \/>\n\t<meta property=\"og:image:height\" content=\"2500\" \/>\n\t<meta property=\"og:image:type\" content=\"image\/jpeg\" \/>\n<meta name=\"twitter:card\" content=\"summary_large_image\" \/>\n<script type=\"application\/ld+json\" class=\"yoast-schema-graph\">{\"@context\":\"https:\\\/\\\/schema.org\",\"@graph\":[{\"@type\":\"WebPage\",\"@id\":\"https:\\\/\\\/eurotilestone.com\\\/fr\\\/produits\\\/grace-o\\\/\",\"url\":\"https:\\\/\\\/eurotilestone.com\\\/fr\\\/produits\\\/grace-o\\\/\",\"name\":\"GRACE O - Euro Tile &amp; Stone\",\"isPartOf\":{\"@id\":\"https:\\\/\\\/eurotilestone.com\\\/fr\\\/#website\"},\"primaryImageOfPage\":{\"@id\":\"https:\\\/\\\/eurotilestone.com\\\/fr\\\/produits\\\/grace-o\\\/#primaryimage\"},\"image\":{\"@id\":\"https:\\\/\\\/eurotilestone.com\\\/fr\\\/produits\\\/grace-o\\\/#primaryimage\"},\"thumbnailUrl\":\"https:\\\/\\\/eurotilestone.com\\\/wp-content\\\/uploads\\\/2024\\\/09\\\/Grace-O-Sand-Grace-Sand.jpg\",\"datePublished\":\"2024-09-25T19:34:48+00:00\",\"description\":\"La collection Grace vous invite \u00e0 red\u00e9finir votre esth\u00e9tique avec un regard neuf. La star du spectacle est notre gamme de finitions : des \u00e9maux cristallins profonds et translucides qui ajoutent une touche d'\u00e9l\u00e9gance aux surfaces mates les plus lisses, parfaites pour ceux qui pr\u00e9f\u00e8rent un aspect subtil et non r\u00e9fl\u00e9chissant. Avec la collection Grace, vous ne vous contentez pas de choisir des carreaux, vous fa\u00e7onnez un espace qui vous est propre !\",\"breadcrumb\":{\"@id\":\"https:\\\/\\\/eurotilestone.com\\\/fr\\\/produits\\\/grace-o\\\/#breadcrumb\"},\"inLanguage\":\"fr-FR\",\"potentialAction\":[{\"@type\":\"ReadAction\",\"target\":[\"https:\\\/\\\/eurotilestone.com\\\/fr\\\/produits\\\/grace-o\\\/\"]}]},{\"@type\":\"ImageObject\",\"inLanguage\":\"fr-FR\",\"@id\":\"https:\\\/\\\/eurotilestone.com\\\/fr\\\/produits\\\/grace-o\\\/#primaryimage\",\"url\":\"https:\\\/\\\/eurotilestone.com\\\/wp-content\\\/uploads\\\/2024\\\/09\\\/Grace-O-Sand-Grace-Sand.jpg\",\"contentUrl\":\"https:\\\/\\\/eurotilestone.com\\\/wp-content\\\/uploads\\\/2024\\\/09\\\/Grace-O-Sand-Grace-Sand.jpg\",\"width\":2500,\"height\":2500},{\"@type\":\"BreadcrumbList\",\"@id\":\"https:\\\/\\\/eurotilestone.com\\\/fr\\\/produits\\\/grace-o\\\/#breadcrumb\",\"itemListElement\":[{\"@type\":\"ListItem\",\"position\":1,\"name\":\"Home\",\"item\":\"https:\\\/\\\/eurotilestone.com\\\/fr\\\/\"},{\"@type\":\"ListItem\",\"position\":2,\"name\":\"Boutique\",\"item\":\"https:\\\/\\\/eurotilestone.com\\\/fr\\\/boutique\\\/\"},{\"@type\":\"ListItem\",\"position\":3,\"name\":\"GRACE O\"}]},{\"@type\":\"WebSite\",\"@id\":\"https:\\\/\\\/eurotilestone.com\\\/fr\\\/#website\",\"url\":\"https:\\\/\\\/eurotilestone.com\\\/fr\\\/\",\"name\":\"Euro Tile & Stone\",\"description\":\"\",\"publisher\":{\"@id\":\"https:\\\/\\\/eurotilestone.com\\\/fr\\\/#organization\"},\"potentialAction\":[{\"@type\":\"SearchAction\",\"target\":{\"@type\":\"EntryPoint\",\"urlTemplate\":\"https:\\\/\\\/eurotilestone.com\\\/fr\\\/?s={search_term_string}\"},\"query-input\":{\"@type\":\"PropertyValueSpecification\",\"valueRequired\":true,\"valueName\":\"search_term_string\"}}],\"inLanguage\":\"fr-FR\"},{\"@type\":\"Organization\",\"@id\":\"https:\\\/\\\/eurotilestone.com\\\/fr\\\/#organization\",\"name\":\"Euro Tile & Stone\",\"url\":\"https:\\\/\\\/eurotilestone.com\\\/fr\\\/\",\"logo\":{\"@type\":\"ImageObject\",\"inLanguage\":\"fr-FR\",\"@id\":\"https:\\\/\\\/eurotilestone.com\\\/fr\\\/#\\\/schema\\\/logo\\\/image\\\/\",\"url\":\"https:\\\/\\\/eurotilestone.com\\\/wp-content\\\/uploads\\\/2024\\\/01\\\/Euro-Logo-1.png\",\"contentUrl\":\"https:\\\/\\\/eurotilestone.com\\\/wp-content\\\/uploads\\\/2024\\\/01\\\/Euro-Logo-1.png\",\"width\":2500,\"height\":781,\"caption\":\"Euro Tile & Stone\"},\"image\":{\"@id\":\"https:\\\/\\\/eurotilestone.com\\\/fr\\\/#\\\/schema\\\/logo\\\/image\\\/\"},\"sameAs\":[\"https:\\\/\\\/www.instagram.com\\\/eurotilestone\\\/\"]}]}<\/script>\n<!-- \/ Yoast SEO Premium plugin. -->","yoast_head_json":{"title":"GRACE O - Euro Tile &amp; Stone","description":"La collection Grace vous invite \u00e0 red\u00e9finir votre esth\u00e9tique avec un regard neuf. La star du spectacle est notre gamme de finitions : des \u00e9maux cristallins profonds et translucides qui ajoutent une touche d'\u00e9l\u00e9gance aux surfaces mates les plus lisses, parfaites pour ceux qui pr\u00e9f\u00e8rent un aspect subtil et non r\u00e9fl\u00e9chissant. Avec la collection Grace, vous ne vous contentez pas de choisir des carreaux, vous fa\u00e7onnez un espace qui vous est propre !","robots":{"index":"index","follow":"follow","max-snippet":"max-snippet:-1","max-image-preview":"max-image-preview:large","max-video-preview":"max-video-preview:-1"},"canonical":"https:\/\/eurotilestone.com\/fr\/produits\/grace-o\/","og_locale":"fr_FR","og_type":"article","og_title":"GRACE O","og_description":"La collection Grace vous invite \u00e0 red\u00e9finir votre esth\u00e9tique avec un regard neuf. La star du spectacle est notre gamme de finitions : des \u00e9maux cristallins profonds et translucides qui ajoutent une touche d'\u00e9l\u00e9gance aux surfaces mates les plus lisses, parfaites pour ceux qui pr\u00e9f\u00e8rent un aspect subtil et non r\u00e9fl\u00e9chissant. Avec la collection Grace, vous ne vous contentez pas de choisir des carreaux, vous fa\u00e7onnez un espace qui vous est propre !","og_url":"https:\/\/eurotilestone.com\/fr\/produits\/grace-o\/","og_site_name":"Euro Tile &amp; Stone","og_image":[{"width":2500,"height":2500,"url":"https:\/\/eurotilestone.com\/wp-content\/uploads\/2024\/09\/Grace-O-Sand-Grace-Sand.jpg","type":"image\/jpeg"}],"twitter_card":"summary_large_image","schema":{"@context":"https:\/\/schema.org","@graph":[{"@type":"WebPage","@id":"https:\/\/eurotilestone.com\/fr\/produits\/grace-o\/","url":"https:\/\/eurotilestone.com\/fr\/produits\/grace-o\/","name":"GRACE O - Euro Tile &amp; Stone","isPartOf":{"@id":"https:\/\/eurotilestone.com\/fr\/#website"},"primaryImageOfPage":{"@id":"https:\/\/eurotilestone.com\/fr\/produits\/grace-o\/#primaryimage"},"image":{"@id":"https:\/\/eurotilestone.com\/fr\/produits\/grace-o\/#primaryimage"},"thumbnailUrl":"https:\/\/eurotilestone.com\/wp-content\/uploads\/2024\/09\/Grace-O-Sand-Grace-Sand.jpg","datePublished":"2024-09-25T19:34:48+00:00","description":"La collection Grace vous invite \u00e0 red\u00e9finir votre esth\u00e9tique avec un regard neuf. La star du spectacle est notre gamme de finitions : des \u00e9maux cristallins profonds et translucides qui ajoutent une touche d'\u00e9l\u00e9gance aux surfaces mates les plus lisses, parfaites pour ceux qui pr\u00e9f\u00e8rent un aspect subtil et non r\u00e9fl\u00e9chissant. Avec la collection Grace, vous ne vous contentez pas de choisir des carreaux, vous fa\u00e7onnez un espace qui vous est propre !","breadcrumb":{"@id":"https:\/\/eurotilestone.com\/fr\/produits\/grace-o\/#breadcrumb"},"inLanguage":"fr-FR","potentialAction":[{"@type":"ReadAction","target":["https:\/\/eurotilestone.com\/fr\/produits\/grace-o\/"]}]},{"@type":"ImageObject","inLanguage":"fr-FR","@id":"https:\/\/eurotilestone.com\/fr\/produits\/grace-o\/#primaryimage","url":"https:\/\/eurotilestone.com\/wp-content\/uploads\/2024\/09\/Grace-O-Sand-Grace-Sand.jpg","contentUrl":"https:\/\/eurotilestone.com\/wp-content\/uploads\/2024\/09\/Grace-O-Sand-Grace-Sand.jpg","width":2500,"height":2500},{"@type":"BreadcrumbList","@id":"https:\/\/eurotilestone.com\/fr\/produits\/grace-o\/#breadcrumb","itemListElement":[{"@type":"ListItem","position":1,"name":"Home","item":"https:\/\/eurotilestone.com\/fr\/"},{"@type":"ListItem","position":2,"name":"Boutique","item":"https:\/\/eurotilestone.com\/fr\/boutique\/"},{"@type":"ListItem","position":3,"name":"GRACE O"}]},{"@type":"WebSite","@id":"https:\/\/eurotilestone.com\/fr\/#website","url":"https:\/\/eurotilestone.com\/fr\/","name":"Euro Tile & Stone","description":"","publisher":{"@id":"https:\/\/eurotilestone.com\/fr\/#organization"},"potentialAction":[{"@type":"SearchAction","target":{"@type":"EntryPoint","urlTemplate":"https:\/\/eurotilestone.com\/fr\/?s={search_term_string}"},"query-input":{"@type":"PropertyValueSpecification","valueRequired":true,"valueName":"search_term_string"}}],"inLanguage":"fr-FR"},{"@type":"Organization","@id":"https:\/\/eurotilestone.com\/fr\/#organization","name":"Euro Tile & Stone","url":"https:\/\/eurotilestone.com\/fr\/","logo":{"@type":"ImageObject","inLanguage":"fr-FR","@id":"https:\/\/eurotilestone.com\/fr\/#\/schema\/logo\/image\/","url":"https:\/\/eurotilestone.com\/wp-content\/uploads\/2024\/01\/Euro-Logo-1.png","contentUrl":"https:\/\/eurotilestone.com\/wp-content\/uploads\/2024\/01\/Euro-Logo-1.png","width":2500,"height":781,"caption":"Euro Tile & Stone"},"image":{"@id":"https:\/\/eurotilestone.com\/fr\/#\/schema\/logo\/image\/"},"sameAs":["https:\/\/www.instagram.com\/eurotilestone\/"]}]}},"_links":{"self":[{"href":"https:\/\/eurotilestone.com\/fr\/wp-json\/wp\/v2\/product\/43602","targetHints":{"allow":["GET"]}}],"collection":[{"href":"https:\/\/eurotilestone.com\/fr\/wp-json\/wp\/v2\/product"}],"about":[{"href":"https:\/\/eurotilestone.com\/fr\/wp-json\/wp\/v2\/types\/product"}],"wp:featuredmedia":[{"embeddable":true,"href":"https:\/\/eurotilestone.com\/fr\/wp-json\/wp\/v2\/media\/41258"}],"wp:attachment":[{"href":"https:\/\/eurotilestone.com\/fr\/wp-json\/wp\/v2\/media?parent=43602"}],"wp:term":[{"taxonomy":"product_brand","embeddable":true,"href":"https:\/\/eurotilestone.com\/fr\/wp-json\/wp\/v2\/product_brand?post=43602"},{"taxonomy":"product_cat","embeddable":true,"href":"https:\/\/eurotilestone.com\/fr\/wp-json\/wp\/v2\/product_cat?post=43602"},{"taxonomy":"product_tag","embeddable":true,"href":"https:\/\/eurotilestone.com\/fr\/wp-json\/wp\/v2\/product_tag?post=43602"}],"curies":[{"name":"wp","href":"https:\/\/api.w.org\/{rel}","templated":true}]}}