{"id":43467,"date":"2024-12-12T09:40:00","date_gmt":"2024-12-12T14:40:00","guid":{"rendered":"https:\/\/eurotilestone.com\/product\/sublime\/"},"modified":"2024-12-12T09:40:00","modified_gmt":"2024-12-12T14:40:00","slug":"sublime","status":"publish","type":"product","link":"https:\/\/eurotilestone.com\/fr\/produits\/sublime\/","title":{"rendered":"SUBLIME"},"content":{"rendered":"","protected":false},"excerpt":{"rendered":"","protected":false},"featured_media":41736,"template":"","meta":{"_acf_changed":false},"product_brand":[],"product_cat":[4379],"product_tag":[],"class_list":{"0":"post-43467","1":"product","2":"type-product","3":"status-publish","4":"has-post-thumbnail","6":"product_cat-floor-wall-tile-fr","7":"pa_colour-white-fr","8":"pa_colour-beige-fr","9":"pa_shape-rectangle-fr","10":"pa_variation_colour-blanco-sublime-fr","11":"pa_variation_colour-beige-sublime-fr","12":"pa_variation_colour-blanco-curve-sublime-fr","13":"pa_variation_colour-beige-curve-sublime-fr","14":"pa_variation_size_shape-8x24-mur","15":"pa_variation_size_shape-12x24-fr","17":"first","18":"instock","19":"sold-individually","20":"shipping-taxable","21":"purchasable","22":"product-type-variable"},"acf":[],"yoast_head":"<!-- This site is optimized with the Yoast SEO Premium plugin v26.6 (Yoast SEO v27.3) - https:\/\/yoast.com\/product\/yoast-seo-premium-wordpress\/ -->\n<title>SUBLIME - Euro Tile &amp; Stone<\/title>\n<meta name=\"description\" content=\"Inspir\u00e9e par l&#039;essence du marbre naturel, Sublime pr\u00e9sente une riche palette de tons doux et neutres et des d\u00e9tails de surface complexes qui rehaussent n&#039;importe quel espace. Parfaite pour les applications r\u00e9sidentielles et commerciales, sa polyvalence permet une int\u00e9gration transparente dans les int\u00e9rieurs modernes et classiques.\" \/>\n<meta name=\"robots\" content=\"index, follow, max-snippet:-1, max-image-preview:large, max-video-preview:-1\" \/>\n<link rel=\"canonical\" href=\"https:\/\/eurotilestone.com\/fr\/produits\/sublime\/\" \/>\n<meta property=\"og:locale\" content=\"fr_FR\" \/>\n<meta property=\"og:type\" content=\"article\" \/>\n<meta property=\"og:title\" content=\"SUBLIME\" \/>\n<meta property=\"og:description\" content=\"Inspir\u00e9e par l&#039;essence du marbre naturel, Sublime pr\u00e9sente une riche palette de tons doux et neutres et des d\u00e9tails de surface complexes qui rehaussent n&#039;importe quel espace. Parfaite pour les applications r\u00e9sidentielles et commerciales, sa polyvalence permet une int\u00e9gration transparente dans les int\u00e9rieurs modernes et classiques.\" \/>\n<meta property=\"og:url\" content=\"https:\/\/eurotilestone.com\/fr\/produits\/sublime\/\" \/>\n<meta property=\"og:site_name\" content=\"Euro Tile &amp; Stone\" \/>\n<meta property=\"og:image\" content=\"https:\/\/eurotilestone.com\/wp-content\/uploads\/2024\/12\/SUBLIME_BEIGE_PULIDO_60x120_LIVING-e1738880846303.jpg\" \/>\n\t<meta property=\"og:image:width\" content=\"1650\" \/>\n\t<meta property=\"og:image:height\" content=\"1330\" \/>\n\t<meta property=\"og:image:type\" content=\"image\/jpeg\" \/>\n<meta name=\"twitter:card\" content=\"summary_large_image\" \/>\n<script type=\"application\/ld+json\" class=\"yoast-schema-graph\">{\"@context\":\"https:\\\/\\\/schema.org\",\"@graph\":[{\"@type\":\"WebPage\",\"@id\":\"https:\\\/\\\/eurotilestone.com\\\/fr\\\/produits\\\/sublime\\\/\",\"url\":\"https:\\\/\\\/eurotilestone.com\\\/fr\\\/produits\\\/sublime\\\/\",\"name\":\"SUBLIME - Euro Tile &amp; Stone\",\"isPartOf\":{\"@id\":\"https:\\\/\\\/eurotilestone.com\\\/fr\\\/#website\"},\"primaryImageOfPage\":{\"@id\":\"https:\\\/\\\/eurotilestone.com\\\/fr\\\/produits\\\/sublime\\\/#primaryimage\"},\"image\":{\"@id\":\"https:\\\/\\\/eurotilestone.com\\\/fr\\\/produits\\\/sublime\\\/#primaryimage\"},\"thumbnailUrl\":\"https:\\\/\\\/eurotilestone.com\\\/wp-content\\\/uploads\\\/2024\\\/12\\\/SUBLIME_BEIGE_PULIDO_60x120_LIVING-e1738880846303.jpg\",\"datePublished\":\"2024-12-12T14:40:00+00:00\",\"description\":\"Inspir\u00e9e par l'essence du marbre naturel, Sublime pr\u00e9sente une riche palette de tons doux et neutres et des d\u00e9tails de surface complexes qui rehaussent n'importe quel espace. Parfaite pour les applications r\u00e9sidentielles et commerciales, sa polyvalence permet une int\u00e9gration transparente dans les int\u00e9rieurs modernes et classiques.\",\"breadcrumb\":{\"@id\":\"https:\\\/\\\/eurotilestone.com\\\/fr\\\/produits\\\/sublime\\\/#breadcrumb\"},\"inLanguage\":\"fr-FR\",\"potentialAction\":[{\"@type\":\"ReadAction\",\"target\":[\"https:\\\/\\\/eurotilestone.com\\\/fr\\\/produits\\\/sublime\\\/\"]}]},{\"@type\":\"ImageObject\",\"inLanguage\":\"fr-FR\",\"@id\":\"https:\\\/\\\/eurotilestone.com\\\/fr\\\/produits\\\/sublime\\\/#primaryimage\",\"url\":\"https:\\\/\\\/eurotilestone.com\\\/wp-content\\\/uploads\\\/2024\\\/12\\\/SUBLIME_BEIGE_PULIDO_60x120_LIVING-e1738880846303.jpg\",\"contentUrl\":\"https:\\\/\\\/eurotilestone.com\\\/wp-content\\\/uploads\\\/2024\\\/12\\\/SUBLIME_BEIGE_PULIDO_60x120_LIVING-e1738880846303.jpg\",\"width\":1650,\"height\":1330},{\"@type\":\"BreadcrumbList\",\"@id\":\"https:\\\/\\\/eurotilestone.com\\\/fr\\\/produits\\\/sublime\\\/#breadcrumb\",\"itemListElement\":[{\"@type\":\"ListItem\",\"position\":1,\"name\":\"Home\",\"item\":\"https:\\\/\\\/eurotilestone.com\\\/fr\\\/\"},{\"@type\":\"ListItem\",\"position\":2,\"name\":\"Boutique\",\"item\":\"https:\\\/\\\/eurotilestone.com\\\/fr\\\/boutique\\\/\"},{\"@type\":\"ListItem\",\"position\":3,\"name\":\"SUBLIME\"}]},{\"@type\":\"WebSite\",\"@id\":\"https:\\\/\\\/eurotilestone.com\\\/fr\\\/#website\",\"url\":\"https:\\\/\\\/eurotilestone.com\\\/fr\\\/\",\"name\":\"Euro Tile & Stone\",\"description\":\"\",\"publisher\":{\"@id\":\"https:\\\/\\\/eurotilestone.com\\\/fr\\\/#organization\"},\"potentialAction\":[{\"@type\":\"SearchAction\",\"target\":{\"@type\":\"EntryPoint\",\"urlTemplate\":\"https:\\\/\\\/eurotilestone.com\\\/fr\\\/?s={search_term_string}\"},\"query-input\":{\"@type\":\"PropertyValueSpecification\",\"valueRequired\":true,\"valueName\":\"search_term_string\"}}],\"inLanguage\":\"fr-FR\"},{\"@type\":\"Organization\",\"@id\":\"https:\\\/\\\/eurotilestone.com\\\/fr\\\/#organization\",\"name\":\"Euro Tile & Stone\",\"url\":\"https:\\\/\\\/eurotilestone.com\\\/fr\\\/\",\"logo\":{\"@type\":\"ImageObject\",\"inLanguage\":\"fr-FR\",\"@id\":\"https:\\\/\\\/eurotilestone.com\\\/fr\\\/#\\\/schema\\\/logo\\\/image\\\/\",\"url\":\"https:\\\/\\\/eurotilestone.com\\\/wp-content\\\/uploads\\\/2024\\\/01\\\/Euro-Logo-1.png\",\"contentUrl\":\"https:\\\/\\\/eurotilestone.com\\\/wp-content\\\/uploads\\\/2024\\\/01\\\/Euro-Logo-1.png\",\"width\":2500,\"height\":781,\"caption\":\"Euro Tile & Stone\"},\"image\":{\"@id\":\"https:\\\/\\\/eurotilestone.com\\\/fr\\\/#\\\/schema\\\/logo\\\/image\\\/\"},\"sameAs\":[\"https:\\\/\\\/www.instagram.com\\\/eurotilestone\\\/\"]}]}<\/script>\n<!-- \/ Yoast SEO Premium plugin. -->","yoast_head_json":{"title":"SUBLIME - Euro Tile &amp; Stone","description":"Inspir\u00e9e par l'essence du marbre naturel, Sublime pr\u00e9sente une riche palette de tons doux et neutres et des d\u00e9tails de surface complexes qui rehaussent n'importe quel espace. Parfaite pour les applications r\u00e9sidentielles et commerciales, sa polyvalence permet une int\u00e9gration transparente dans les int\u00e9rieurs modernes et classiques.","robots":{"index":"index","follow":"follow","max-snippet":"max-snippet:-1","max-image-preview":"max-image-preview:large","max-video-preview":"max-video-preview:-1"},"canonical":"https:\/\/eurotilestone.com\/fr\/produits\/sublime\/","og_locale":"fr_FR","og_type":"article","og_title":"SUBLIME","og_description":"Inspir\u00e9e par l'essence du marbre naturel, Sublime pr\u00e9sente une riche palette de tons doux et neutres et des d\u00e9tails de surface complexes qui rehaussent n'importe quel espace. Parfaite pour les applications r\u00e9sidentielles et commerciales, sa polyvalence permet une int\u00e9gration transparente dans les int\u00e9rieurs modernes et classiques.","og_url":"https:\/\/eurotilestone.com\/fr\/produits\/sublime\/","og_site_name":"Euro Tile &amp; Stone","og_image":[{"width":1650,"height":1330,"url":"https:\/\/eurotilestone.com\/wp-content\/uploads\/2024\/12\/SUBLIME_BEIGE_PULIDO_60x120_LIVING-e1738880846303.jpg","type":"image\/jpeg"}],"twitter_card":"summary_large_image","schema":{"@context":"https:\/\/schema.org","@graph":[{"@type":"WebPage","@id":"https:\/\/eurotilestone.com\/fr\/produits\/sublime\/","url":"https:\/\/eurotilestone.com\/fr\/produits\/sublime\/","name":"SUBLIME - Euro Tile &amp; Stone","isPartOf":{"@id":"https:\/\/eurotilestone.com\/fr\/#website"},"primaryImageOfPage":{"@id":"https:\/\/eurotilestone.com\/fr\/produits\/sublime\/#primaryimage"},"image":{"@id":"https:\/\/eurotilestone.com\/fr\/produits\/sublime\/#primaryimage"},"thumbnailUrl":"https:\/\/eurotilestone.com\/wp-content\/uploads\/2024\/12\/SUBLIME_BEIGE_PULIDO_60x120_LIVING-e1738880846303.jpg","datePublished":"2024-12-12T14:40:00+00:00","description":"Inspir\u00e9e par l'essence du marbre naturel, Sublime pr\u00e9sente une riche palette de tons doux et neutres et des d\u00e9tails de surface complexes qui rehaussent n'importe quel espace. Parfaite pour les applications r\u00e9sidentielles et commerciales, sa polyvalence permet une int\u00e9gration transparente dans les int\u00e9rieurs modernes et classiques.","breadcrumb":{"@id":"https:\/\/eurotilestone.com\/fr\/produits\/sublime\/#breadcrumb"},"inLanguage":"fr-FR","potentialAction":[{"@type":"ReadAction","target":["https:\/\/eurotilestone.com\/fr\/produits\/sublime\/"]}]},{"@type":"ImageObject","inLanguage":"fr-FR","@id":"https:\/\/eurotilestone.com\/fr\/produits\/sublime\/#primaryimage","url":"https:\/\/eurotilestone.com\/wp-content\/uploads\/2024\/12\/SUBLIME_BEIGE_PULIDO_60x120_LIVING-e1738880846303.jpg","contentUrl":"https:\/\/eurotilestone.com\/wp-content\/uploads\/2024\/12\/SUBLIME_BEIGE_PULIDO_60x120_LIVING-e1738880846303.jpg","width":1650,"height":1330},{"@type":"BreadcrumbList","@id":"https:\/\/eurotilestone.com\/fr\/produits\/sublime\/#breadcrumb","itemListElement":[{"@type":"ListItem","position":1,"name":"Home","item":"https:\/\/eurotilestone.com\/fr\/"},{"@type":"ListItem","position":2,"name":"Boutique","item":"https:\/\/eurotilestone.com\/fr\/boutique\/"},{"@type":"ListItem","position":3,"name":"SUBLIME"}]},{"@type":"WebSite","@id":"https:\/\/eurotilestone.com\/fr\/#website","url":"https:\/\/eurotilestone.com\/fr\/","name":"Euro Tile & Stone","description":"","publisher":{"@id":"https:\/\/eurotilestone.com\/fr\/#organization"},"potentialAction":[{"@type":"SearchAction","target":{"@type":"EntryPoint","urlTemplate":"https:\/\/eurotilestone.com\/fr\/?s={search_term_string}"},"query-input":{"@type":"PropertyValueSpecification","valueRequired":true,"valueName":"search_term_string"}}],"inLanguage":"fr-FR"},{"@type":"Organization","@id":"https:\/\/eurotilestone.com\/fr\/#organization","name":"Euro Tile & Stone","url":"https:\/\/eurotilestone.com\/fr\/","logo":{"@type":"ImageObject","inLanguage":"fr-FR","@id":"https:\/\/eurotilestone.com\/fr\/#\/schema\/logo\/image\/","url":"https:\/\/eurotilestone.com\/wp-content\/uploads\/2024\/01\/Euro-Logo-1.png","contentUrl":"https:\/\/eurotilestone.com\/wp-content\/uploads\/2024\/01\/Euro-Logo-1.png","width":2500,"height":781,"caption":"Euro Tile & Stone"},"image":{"@id":"https:\/\/eurotilestone.com\/fr\/#\/schema\/logo\/image\/"},"sameAs":["https:\/\/www.instagram.com\/eurotilestone\/"]}]}},"_links":{"self":[{"href":"https:\/\/eurotilestone.com\/fr\/wp-json\/wp\/v2\/product\/43467","targetHints":{"allow":["GET"]}}],"collection":[{"href":"https:\/\/eurotilestone.com\/fr\/wp-json\/wp\/v2\/product"}],"about":[{"href":"https:\/\/eurotilestone.com\/fr\/wp-json\/wp\/v2\/types\/product"}],"wp:featuredmedia":[{"embeddable":true,"href":"https:\/\/eurotilestone.com\/fr\/wp-json\/wp\/v2\/media\/41736"}],"wp:attachment":[{"href":"https:\/\/eurotilestone.com\/fr\/wp-json\/wp\/v2\/media?parent=43467"}],"wp:term":[{"taxonomy":"product_brand","embeddable":true,"href":"https:\/\/eurotilestone.com\/fr\/wp-json\/wp\/v2\/product_brand?post=43467"},{"taxonomy":"product_cat","embeddable":true,"href":"https:\/\/eurotilestone.com\/fr\/wp-json\/wp\/v2\/product_cat?post=43467"},{"taxonomy":"product_tag","embeddable":true,"href":"https:\/\/eurotilestone.com\/fr\/wp-json\/wp\/v2\/product_tag?post=43467"}],"curies":[{"name":"wp","href":"https:\/\/api.w.org\/{rel}","templated":true}]}}