{"id":43447,"date":"2024-12-09T13:30:37","date_gmt":"2024-12-09T18:30:37","guid":{"rendered":"https:\/\/eurotilestone.com\/product\/eden\/"},"modified":"2024-12-09T13:30:37","modified_gmt":"2024-12-09T18:30:37","slug":"eden","status":"publish","type":"product","link":"https:\/\/eurotilestone.com\/fr\/produits\/eden\/","title":{"rendered":"EDEN"},"content":{"rendered":"","protected":false},"excerpt":{"rendered":"","protected":false},"featured_media":41644,"template":"","meta":{"_acf_changed":false},"product_brand":[],"product_cat":[4536],"product_tag":[],"class_list":{"0":"post-43447","1":"product","2":"type-product","3":"status-publish","4":"has-post-thumbnail","6":"product_cat-mosaiques","7":"pa_colour-bleu","8":"pa_colour-vert","9":"pa_colour-orange-fr","10":"pa_colour-jaune","11":"pa_colour-beige-fr","12":"pa_shape-mosaique","13":"pa_shape-hexagone","14":"pa_variation_colour-mandorla-eden-fr","15":"pa_variation_colour-paglierino-eden-fr","16":"pa_variation_colour-pino-eden-fr","17":"pa_variation_colour-muschio-eden-fr","18":"pa_variation_colour-bottiglia-eden-fr","19":"pa_variation_colour-fulvo-eden-fr","20":"pa_variation_colour-celeste-eden","21":"pa_variation_size_shape-12x12-mosaique-hexagonale","23":"first","24":"instock","25":"sold-individually","26":"shipping-taxable","27":"purchasable","28":"product-type-variable"},"acf":[],"yoast_head":"<!-- This site is optimized with the Yoast SEO Premium plugin v26.6 (Yoast SEO v27.3) - https:\/\/yoast.com\/product\/yoast-seo-premium-wordpress\/ -->\n<title>EDEN - Euro Tile &amp; Stone<\/title>\n<meta name=\"description\" content=\"S&#039;inscrivant dans une vision d&#039;\u00e9volution continue, la collection Eden \u00e9tablit une nouvelle norme en mati\u00e8re de conception de mosa\u00efques en c\u00e9ramique. Cette collection pr\u00e9sente des couleurs \u00e9l\u00e9gantes dans des\" \/>\n<meta name=\"robots\" content=\"index, follow, max-snippet:-1, max-image-preview:large, max-video-preview:-1\" \/>\n<link rel=\"canonical\" href=\"https:\/\/eurotilestone.com\/fr\/produits\/eden\/\" \/>\n<meta property=\"og:locale\" content=\"fr_FR\" \/>\n<meta property=\"og:type\" content=\"article\" \/>\n<meta property=\"og:title\" content=\"EDEN\" \/>\n<meta property=\"og:description\" content=\"S&#039;inscrivant dans une vision d&#039;\u00e9volution continue, la collection Eden \u00e9tablit une nouvelle norme en mati\u00e8re de conception de mosa\u00efques en c\u00e9ramique. Cette collection pr\u00e9sente des couleurs \u00e9l\u00e9gantes dans des\" \/>\n<meta property=\"og:url\" content=\"https:\/\/eurotilestone.com\/fr\/produits\/eden\/\" \/>\n<meta property=\"og:site_name\" content=\"Euro Tile &amp; Stone\" \/>\n<meta property=\"og:image\" content=\"https:\/\/eurotilestone.com\/wp-content\/uploads\/2024\/12\/EDEN_3_Bakery_Crop.jpg\" \/>\n\t<meta property=\"og:image:width\" content=\"2000\" \/>\n\t<meta property=\"og:image:height\" content=\"2500\" \/>\n\t<meta property=\"og:image:type\" content=\"image\/jpeg\" \/>\n<meta name=\"twitter:card\" content=\"summary_large_image\" \/>\n<script type=\"application\/ld+json\" class=\"yoast-schema-graph\">{\"@context\":\"https:\\\/\\\/schema.org\",\"@graph\":[{\"@type\":\"WebPage\",\"@id\":\"https:\\\/\\\/eurotilestone.com\\\/fr\\\/produits\\\/eden\\\/\",\"url\":\"https:\\\/\\\/eurotilestone.com\\\/fr\\\/produits\\\/eden\\\/\",\"name\":\"EDEN - Euro Tile &amp; Stone\",\"isPartOf\":{\"@id\":\"https:\\\/\\\/eurotilestone.com\\\/fr\\\/#website\"},\"primaryImageOfPage\":{\"@id\":\"https:\\\/\\\/eurotilestone.com\\\/fr\\\/produits\\\/eden\\\/#primaryimage\"},\"image\":{\"@id\":\"https:\\\/\\\/eurotilestone.com\\\/fr\\\/produits\\\/eden\\\/#primaryimage\"},\"thumbnailUrl\":\"https:\\\/\\\/eurotilestone.com\\\/wp-content\\\/uploads\\\/2024\\\/12\\\/EDEN_3_Bakery_Crop.jpg\",\"datePublished\":\"2024-12-09T18:30:37+00:00\",\"description\":\"S'inscrivant dans une vision d'\u00e9volution continue, la collection Eden \u00e9tablit une nouvelle norme en mati\u00e8re de conception de mosa\u00efques en c\u00e9ramique. Cette collection pr\u00e9sente des couleurs \u00e9l\u00e9gantes dans des\",\"breadcrumb\":{\"@id\":\"https:\\\/\\\/eurotilestone.com\\\/fr\\\/produits\\\/eden\\\/#breadcrumb\"},\"inLanguage\":\"fr-FR\",\"potentialAction\":[{\"@type\":\"ReadAction\",\"target\":[\"https:\\\/\\\/eurotilestone.com\\\/fr\\\/produits\\\/eden\\\/\"]}]},{\"@type\":\"ImageObject\",\"inLanguage\":\"fr-FR\",\"@id\":\"https:\\\/\\\/eurotilestone.com\\\/fr\\\/produits\\\/eden\\\/#primaryimage\",\"url\":\"https:\\\/\\\/eurotilestone.com\\\/wp-content\\\/uploads\\\/2024\\\/12\\\/EDEN_3_Bakery_Crop.jpg\",\"contentUrl\":\"https:\\\/\\\/eurotilestone.com\\\/wp-content\\\/uploads\\\/2024\\\/12\\\/EDEN_3_Bakery_Crop.jpg\",\"width\":2000,\"height\":2500},{\"@type\":\"BreadcrumbList\",\"@id\":\"https:\\\/\\\/eurotilestone.com\\\/fr\\\/produits\\\/eden\\\/#breadcrumb\",\"itemListElement\":[{\"@type\":\"ListItem\",\"position\":1,\"name\":\"Home\",\"item\":\"https:\\\/\\\/eurotilestone.com\\\/fr\\\/\"},{\"@type\":\"ListItem\",\"position\":2,\"name\":\"Boutique\",\"item\":\"https:\\\/\\\/eurotilestone.com\\\/fr\\\/boutique\\\/\"},{\"@type\":\"ListItem\",\"position\":3,\"name\":\"EDEN\"}]},{\"@type\":\"WebSite\",\"@id\":\"https:\\\/\\\/eurotilestone.com\\\/fr\\\/#website\",\"url\":\"https:\\\/\\\/eurotilestone.com\\\/fr\\\/\",\"name\":\"Euro Tile & Stone\",\"description\":\"\",\"publisher\":{\"@id\":\"https:\\\/\\\/eurotilestone.com\\\/fr\\\/#organization\"},\"potentialAction\":[{\"@type\":\"SearchAction\",\"target\":{\"@type\":\"EntryPoint\",\"urlTemplate\":\"https:\\\/\\\/eurotilestone.com\\\/fr\\\/?s={search_term_string}\"},\"query-input\":{\"@type\":\"PropertyValueSpecification\",\"valueRequired\":true,\"valueName\":\"search_term_string\"}}],\"inLanguage\":\"fr-FR\"},{\"@type\":\"Organization\",\"@id\":\"https:\\\/\\\/eurotilestone.com\\\/fr\\\/#organization\",\"name\":\"Euro Tile & Stone\",\"url\":\"https:\\\/\\\/eurotilestone.com\\\/fr\\\/\",\"logo\":{\"@type\":\"ImageObject\",\"inLanguage\":\"fr-FR\",\"@id\":\"https:\\\/\\\/eurotilestone.com\\\/fr\\\/#\\\/schema\\\/logo\\\/image\\\/\",\"url\":\"https:\\\/\\\/eurotilestone.com\\\/wp-content\\\/uploads\\\/2024\\\/01\\\/Euro-Logo-1.png\",\"contentUrl\":\"https:\\\/\\\/eurotilestone.com\\\/wp-content\\\/uploads\\\/2024\\\/01\\\/Euro-Logo-1.png\",\"width\":2500,\"height\":781,\"caption\":\"Euro Tile & Stone\"},\"image\":{\"@id\":\"https:\\\/\\\/eurotilestone.com\\\/fr\\\/#\\\/schema\\\/logo\\\/image\\\/\"},\"sameAs\":[\"https:\\\/\\\/www.instagram.com\\\/eurotilestone\\\/\"]}]}<\/script>\n<!-- \/ Yoast SEO Premium plugin. -->","yoast_head_json":{"title":"EDEN - Euro Tile &amp; Stone","description":"S'inscrivant dans une vision d'\u00e9volution continue, la collection Eden \u00e9tablit une nouvelle norme en mati\u00e8re de conception de mosa\u00efques en c\u00e9ramique. Cette collection pr\u00e9sente des couleurs \u00e9l\u00e9gantes dans des","robots":{"index":"index","follow":"follow","max-snippet":"max-snippet:-1","max-image-preview":"max-image-preview:large","max-video-preview":"max-video-preview:-1"},"canonical":"https:\/\/eurotilestone.com\/fr\/produits\/eden\/","og_locale":"fr_FR","og_type":"article","og_title":"EDEN","og_description":"S'inscrivant dans une vision d'\u00e9volution continue, la collection Eden \u00e9tablit une nouvelle norme en mati\u00e8re de conception de mosa\u00efques en c\u00e9ramique. Cette collection pr\u00e9sente des couleurs \u00e9l\u00e9gantes dans des","og_url":"https:\/\/eurotilestone.com\/fr\/produits\/eden\/","og_site_name":"Euro Tile &amp; Stone","og_image":[{"width":2000,"height":2500,"url":"https:\/\/eurotilestone.com\/wp-content\/uploads\/2024\/12\/EDEN_3_Bakery_Crop.jpg","type":"image\/jpeg"}],"twitter_card":"summary_large_image","schema":{"@context":"https:\/\/schema.org","@graph":[{"@type":"WebPage","@id":"https:\/\/eurotilestone.com\/fr\/produits\/eden\/","url":"https:\/\/eurotilestone.com\/fr\/produits\/eden\/","name":"EDEN - Euro Tile &amp; Stone","isPartOf":{"@id":"https:\/\/eurotilestone.com\/fr\/#website"},"primaryImageOfPage":{"@id":"https:\/\/eurotilestone.com\/fr\/produits\/eden\/#primaryimage"},"image":{"@id":"https:\/\/eurotilestone.com\/fr\/produits\/eden\/#primaryimage"},"thumbnailUrl":"https:\/\/eurotilestone.com\/wp-content\/uploads\/2024\/12\/EDEN_3_Bakery_Crop.jpg","datePublished":"2024-12-09T18:30:37+00:00","description":"S'inscrivant dans une vision d'\u00e9volution continue, la collection Eden \u00e9tablit une nouvelle norme en mati\u00e8re de conception de mosa\u00efques en c\u00e9ramique. Cette collection pr\u00e9sente des couleurs \u00e9l\u00e9gantes dans des","breadcrumb":{"@id":"https:\/\/eurotilestone.com\/fr\/produits\/eden\/#breadcrumb"},"inLanguage":"fr-FR","potentialAction":[{"@type":"ReadAction","target":["https:\/\/eurotilestone.com\/fr\/produits\/eden\/"]}]},{"@type":"ImageObject","inLanguage":"fr-FR","@id":"https:\/\/eurotilestone.com\/fr\/produits\/eden\/#primaryimage","url":"https:\/\/eurotilestone.com\/wp-content\/uploads\/2024\/12\/EDEN_3_Bakery_Crop.jpg","contentUrl":"https:\/\/eurotilestone.com\/wp-content\/uploads\/2024\/12\/EDEN_3_Bakery_Crop.jpg","width":2000,"height":2500},{"@type":"BreadcrumbList","@id":"https:\/\/eurotilestone.com\/fr\/produits\/eden\/#breadcrumb","itemListElement":[{"@type":"ListItem","position":1,"name":"Home","item":"https:\/\/eurotilestone.com\/fr\/"},{"@type":"ListItem","position":2,"name":"Boutique","item":"https:\/\/eurotilestone.com\/fr\/boutique\/"},{"@type":"ListItem","position":3,"name":"EDEN"}]},{"@type":"WebSite","@id":"https:\/\/eurotilestone.com\/fr\/#website","url":"https:\/\/eurotilestone.com\/fr\/","name":"Euro Tile & Stone","description":"","publisher":{"@id":"https:\/\/eurotilestone.com\/fr\/#organization"},"potentialAction":[{"@type":"SearchAction","target":{"@type":"EntryPoint","urlTemplate":"https:\/\/eurotilestone.com\/fr\/?s={search_term_string}"},"query-input":{"@type":"PropertyValueSpecification","valueRequired":true,"valueName":"search_term_string"}}],"inLanguage":"fr-FR"},{"@type":"Organization","@id":"https:\/\/eurotilestone.com\/fr\/#organization","name":"Euro Tile & Stone","url":"https:\/\/eurotilestone.com\/fr\/","logo":{"@type":"ImageObject","inLanguage":"fr-FR","@id":"https:\/\/eurotilestone.com\/fr\/#\/schema\/logo\/image\/","url":"https:\/\/eurotilestone.com\/wp-content\/uploads\/2024\/01\/Euro-Logo-1.png","contentUrl":"https:\/\/eurotilestone.com\/wp-content\/uploads\/2024\/01\/Euro-Logo-1.png","width":2500,"height":781,"caption":"Euro Tile & Stone"},"image":{"@id":"https:\/\/eurotilestone.com\/fr\/#\/schema\/logo\/image\/"},"sameAs":["https:\/\/www.instagram.com\/eurotilestone\/"]}]}},"_links":{"self":[{"href":"https:\/\/eurotilestone.com\/fr\/wp-json\/wp\/v2\/product\/43447","targetHints":{"allow":["GET"]}}],"collection":[{"href":"https:\/\/eurotilestone.com\/fr\/wp-json\/wp\/v2\/product"}],"about":[{"href":"https:\/\/eurotilestone.com\/fr\/wp-json\/wp\/v2\/types\/product"}],"wp:featuredmedia":[{"embeddable":true,"href":"https:\/\/eurotilestone.com\/fr\/wp-json\/wp\/v2\/media\/41644"}],"wp:attachment":[{"href":"https:\/\/eurotilestone.com\/fr\/wp-json\/wp\/v2\/media?parent=43447"}],"wp:term":[{"taxonomy":"product_brand","embeddable":true,"href":"https:\/\/eurotilestone.com\/fr\/wp-json\/wp\/v2\/product_brand?post=43447"},{"taxonomy":"product_cat","embeddable":true,"href":"https:\/\/eurotilestone.com\/fr\/wp-json\/wp\/v2\/product_cat?post=43447"},{"taxonomy":"product_tag","embeddable":true,"href":"https:\/\/eurotilestone.com\/fr\/wp-json\/wp\/v2\/product_tag?post=43447"}],"curies":[{"name":"wp","href":"https:\/\/api.w.org\/{rel}","templated":true}]}}