{"id":43392,"date":"2025-01-06T14:42:24","date_gmt":"2025-01-06T19:42:24","guid":{"rendered":"https:\/\/eurotilestone.com\/product\/surton\/"},"modified":"2025-01-06T14:42:24","modified_gmt":"2025-01-06T19:42:24","slug":"surton","status":"publish","type":"product","link":"https:\/\/eurotilestone.com\/fr\/produits\/surton\/","title":{"rendered":"SURTON"},"content":{"rendered":"","protected":false},"excerpt":{"rendered":"","protected":false},"featured_media":41743,"template":"","meta":{"_acf_changed":false},"product_brand":[],"product_cat":[4379],"product_tag":[],"class_list":{"0":"post-43392","1":"product","2":"type-product","3":"status-publish","4":"has-post-thumbnail","6":"product_cat-floor-wall-tile-fr","7":"pa_colour-brun","8":"pa_colour-vert","9":"pa_colour-white-fr","10":"pa_colour-grey-fr","11":"pa_colour-beige-fr","12":"pa_colour-bleu","13":"pa_shape-carre","14":"pa_shape-rectangle-fr","15":"pa_variation_colour-dove-overtone-fr","16":"pa_variation_colour-terre-overtone","17":"pa_variation_colour-mousse-overtone","18":"pa_variation_colour-ocean-overtone-fr","19":"pa_variation_colour-craie-overtone","20":"pa_variation_colour-poudre-overtone","21":"pa_variation_size_shape-24x48-fr","22":"pa_variation_size_shape-24x24-carre","24":"first","25":"instock","26":"sold-individually","27":"shipping-taxable","28":"purchasable","29":"product-type-variable"},"acf":[],"yoast_head":"<!-- This site is optimized with the Yoast SEO Premium plugin v26.6 (Yoast SEO v27.3) - https:\/\/yoast.com\/product\/yoast-seo-premium-wordpress\/ -->\n<title>SURTON - Euro Tile &amp; Stone<\/title>\n<meta name=\"description\" content=\"La collection Overtone red\u00e9finit la beaut\u00e9 du gr\u00e8s c\u00e9rame avec un m\u00e9lange harmonieux de textures naturelles et d&#039;\u00e9l\u00e9gance contemporaine. Inspir\u00e9e par la profondeur et le mouvement de la pierre naturelle, cette collection pr\u00e9sente de subtiles variations de tons et des d\u00e9tails raffin\u00e9s qui cr\u00e9ent une esth\u00e9tique \u00e0 la fois sophistiqu\u00e9e et organique.\" \/>\n<meta name=\"robots\" content=\"index, follow, max-snippet:-1, max-image-preview:large, max-video-preview:-1\" \/>\n<link rel=\"canonical\" href=\"https:\/\/eurotilestone.com\/fr\/produits\/surton\/\" \/>\n<meta property=\"og:locale\" content=\"fr_FR\" \/>\n<meta property=\"og:type\" content=\"article\" \/>\n<meta property=\"og:title\" content=\"SURTON\" \/>\n<meta property=\"og:description\" content=\"La collection Overtone red\u00e9finit la beaut\u00e9 du gr\u00e8s c\u00e9rame avec un m\u00e9lange harmonieux de textures naturelles et d&#039;\u00e9l\u00e9gance contemporaine. Inspir\u00e9e par la profondeur et le mouvement de la pierre naturelle, cette collection pr\u00e9sente de subtiles variations de tons et des d\u00e9tails raffin\u00e9s qui cr\u00e9ent une esth\u00e9tique \u00e0 la fois sophistiqu\u00e9e et organique.\" \/>\n<meta property=\"og:url\" content=\"https:\/\/eurotilestone.com\/fr\/produits\/surton\/\" \/>\n<meta property=\"og:site_name\" content=\"Euro Tile &amp; Stone\" \/>\n<meta property=\"og:image\" content=\"https:\/\/eurotilestone.com\/wp-content\/uploads\/2025\/01\/AMB_OVERT_POWDER_MOSS_EARTH_BAGNO.jpg\" \/>\n\t<meta property=\"og:image:width\" content=\"1875\" \/>\n\t<meta property=\"og:image:height\" content=\"2500\" \/>\n\t<meta property=\"og:image:type\" content=\"image\/jpeg\" \/>\n<meta name=\"twitter:card\" content=\"summary_large_image\" \/>\n<script type=\"application\/ld+json\" class=\"yoast-schema-graph\">{\"@context\":\"https:\\\/\\\/schema.org\",\"@graph\":[{\"@type\":\"WebPage\",\"@id\":\"https:\\\/\\\/eurotilestone.com\\\/fr\\\/produits\\\/surton\\\/\",\"url\":\"https:\\\/\\\/eurotilestone.com\\\/fr\\\/produits\\\/surton\\\/\",\"name\":\"SURTON - Euro Tile &amp; Stone\",\"isPartOf\":{\"@id\":\"https:\\\/\\\/eurotilestone.com\\\/fr\\\/#website\"},\"primaryImageOfPage\":{\"@id\":\"https:\\\/\\\/eurotilestone.com\\\/fr\\\/produits\\\/surton\\\/#primaryimage\"},\"image\":{\"@id\":\"https:\\\/\\\/eurotilestone.com\\\/fr\\\/produits\\\/surton\\\/#primaryimage\"},\"thumbnailUrl\":\"https:\\\/\\\/eurotilestone.com\\\/wp-content\\\/uploads\\\/2025\\\/01\\\/AMB_OVERT_POWDER_MOSS_EARTH_BAGNO.jpg\",\"datePublished\":\"2025-01-06T19:42:24+00:00\",\"description\":\"La collection Overtone red\u00e9finit la beaut\u00e9 du gr\u00e8s c\u00e9rame avec un m\u00e9lange harmonieux de textures naturelles et d'\u00e9l\u00e9gance contemporaine. Inspir\u00e9e par la profondeur et le mouvement de la pierre naturelle, cette collection pr\u00e9sente de subtiles variations de tons et des d\u00e9tails raffin\u00e9s qui cr\u00e9ent une esth\u00e9tique \u00e0 la fois sophistiqu\u00e9e et organique.\",\"breadcrumb\":{\"@id\":\"https:\\\/\\\/eurotilestone.com\\\/fr\\\/produits\\\/surton\\\/#breadcrumb\"},\"inLanguage\":\"fr-FR\",\"potentialAction\":[{\"@type\":\"ReadAction\",\"target\":[\"https:\\\/\\\/eurotilestone.com\\\/fr\\\/produits\\\/surton\\\/\"]}]},{\"@type\":\"ImageObject\",\"inLanguage\":\"fr-FR\",\"@id\":\"https:\\\/\\\/eurotilestone.com\\\/fr\\\/produits\\\/surton\\\/#primaryimage\",\"url\":\"https:\\\/\\\/eurotilestone.com\\\/wp-content\\\/uploads\\\/2025\\\/01\\\/AMB_OVERT_POWDER_MOSS_EARTH_BAGNO.jpg\",\"contentUrl\":\"https:\\\/\\\/eurotilestone.com\\\/wp-content\\\/uploads\\\/2025\\\/01\\\/AMB_OVERT_POWDER_MOSS_EARTH_BAGNO.jpg\",\"width\":1875,\"height\":2500},{\"@type\":\"BreadcrumbList\",\"@id\":\"https:\\\/\\\/eurotilestone.com\\\/fr\\\/produits\\\/surton\\\/#breadcrumb\",\"itemListElement\":[{\"@type\":\"ListItem\",\"position\":1,\"name\":\"Home\",\"item\":\"https:\\\/\\\/eurotilestone.com\\\/fr\\\/\"},{\"@type\":\"ListItem\",\"position\":2,\"name\":\"Boutique\",\"item\":\"https:\\\/\\\/eurotilestone.com\\\/fr\\\/boutique\\\/\"},{\"@type\":\"ListItem\",\"position\":3,\"name\":\"SURTON\"}]},{\"@type\":\"WebSite\",\"@id\":\"https:\\\/\\\/eurotilestone.com\\\/fr\\\/#website\",\"url\":\"https:\\\/\\\/eurotilestone.com\\\/fr\\\/\",\"name\":\"Euro Tile & Stone\",\"description\":\"\",\"publisher\":{\"@id\":\"https:\\\/\\\/eurotilestone.com\\\/fr\\\/#organization\"},\"potentialAction\":[{\"@type\":\"SearchAction\",\"target\":{\"@type\":\"EntryPoint\",\"urlTemplate\":\"https:\\\/\\\/eurotilestone.com\\\/fr\\\/?s={search_term_string}\"},\"query-input\":{\"@type\":\"PropertyValueSpecification\",\"valueRequired\":true,\"valueName\":\"search_term_string\"}}],\"inLanguage\":\"fr-FR\"},{\"@type\":\"Organization\",\"@id\":\"https:\\\/\\\/eurotilestone.com\\\/fr\\\/#organization\",\"name\":\"Euro Tile & Stone\",\"url\":\"https:\\\/\\\/eurotilestone.com\\\/fr\\\/\",\"logo\":{\"@type\":\"ImageObject\",\"inLanguage\":\"fr-FR\",\"@id\":\"https:\\\/\\\/eurotilestone.com\\\/fr\\\/#\\\/schema\\\/logo\\\/image\\\/\",\"url\":\"https:\\\/\\\/eurotilestone.com\\\/wp-content\\\/uploads\\\/2024\\\/01\\\/Euro-Logo-1.png\",\"contentUrl\":\"https:\\\/\\\/eurotilestone.com\\\/wp-content\\\/uploads\\\/2024\\\/01\\\/Euro-Logo-1.png\",\"width\":2500,\"height\":781,\"caption\":\"Euro Tile & Stone\"},\"image\":{\"@id\":\"https:\\\/\\\/eurotilestone.com\\\/fr\\\/#\\\/schema\\\/logo\\\/image\\\/\"},\"sameAs\":[\"https:\\\/\\\/www.instagram.com\\\/eurotilestone\\\/\"]}]}<\/script>\n<!-- \/ Yoast SEO Premium plugin. -->","yoast_head_json":{"title":"SURTON - Euro Tile &amp; Stone","description":"La collection Overtone red\u00e9finit la beaut\u00e9 du gr\u00e8s c\u00e9rame avec un m\u00e9lange harmonieux de textures naturelles et d'\u00e9l\u00e9gance contemporaine. Inspir\u00e9e par la profondeur et le mouvement de la pierre naturelle, cette collection pr\u00e9sente de subtiles variations de tons et des d\u00e9tails raffin\u00e9s qui cr\u00e9ent une esth\u00e9tique \u00e0 la fois sophistiqu\u00e9e et organique.","robots":{"index":"index","follow":"follow","max-snippet":"max-snippet:-1","max-image-preview":"max-image-preview:large","max-video-preview":"max-video-preview:-1"},"canonical":"https:\/\/eurotilestone.com\/fr\/produits\/surton\/","og_locale":"fr_FR","og_type":"article","og_title":"SURTON","og_description":"La collection Overtone red\u00e9finit la beaut\u00e9 du gr\u00e8s c\u00e9rame avec un m\u00e9lange harmonieux de textures naturelles et d'\u00e9l\u00e9gance contemporaine. Inspir\u00e9e par la profondeur et le mouvement de la pierre naturelle, cette collection pr\u00e9sente de subtiles variations de tons et des d\u00e9tails raffin\u00e9s qui cr\u00e9ent une esth\u00e9tique \u00e0 la fois sophistiqu\u00e9e et organique.","og_url":"https:\/\/eurotilestone.com\/fr\/produits\/surton\/","og_site_name":"Euro Tile &amp; Stone","og_image":[{"width":1875,"height":2500,"url":"https:\/\/eurotilestone.com\/wp-content\/uploads\/2025\/01\/AMB_OVERT_POWDER_MOSS_EARTH_BAGNO.jpg","type":"image\/jpeg"}],"twitter_card":"summary_large_image","schema":{"@context":"https:\/\/schema.org","@graph":[{"@type":"WebPage","@id":"https:\/\/eurotilestone.com\/fr\/produits\/surton\/","url":"https:\/\/eurotilestone.com\/fr\/produits\/surton\/","name":"SURTON - Euro Tile &amp; Stone","isPartOf":{"@id":"https:\/\/eurotilestone.com\/fr\/#website"},"primaryImageOfPage":{"@id":"https:\/\/eurotilestone.com\/fr\/produits\/surton\/#primaryimage"},"image":{"@id":"https:\/\/eurotilestone.com\/fr\/produits\/surton\/#primaryimage"},"thumbnailUrl":"https:\/\/eurotilestone.com\/wp-content\/uploads\/2025\/01\/AMB_OVERT_POWDER_MOSS_EARTH_BAGNO.jpg","datePublished":"2025-01-06T19:42:24+00:00","description":"La collection Overtone red\u00e9finit la beaut\u00e9 du gr\u00e8s c\u00e9rame avec un m\u00e9lange harmonieux de textures naturelles et d'\u00e9l\u00e9gance contemporaine. Inspir\u00e9e par la profondeur et le mouvement de la pierre naturelle, cette collection pr\u00e9sente de subtiles variations de tons et des d\u00e9tails raffin\u00e9s qui cr\u00e9ent une esth\u00e9tique \u00e0 la fois sophistiqu\u00e9e et organique.","breadcrumb":{"@id":"https:\/\/eurotilestone.com\/fr\/produits\/surton\/#breadcrumb"},"inLanguage":"fr-FR","potentialAction":[{"@type":"ReadAction","target":["https:\/\/eurotilestone.com\/fr\/produits\/surton\/"]}]},{"@type":"ImageObject","inLanguage":"fr-FR","@id":"https:\/\/eurotilestone.com\/fr\/produits\/surton\/#primaryimage","url":"https:\/\/eurotilestone.com\/wp-content\/uploads\/2025\/01\/AMB_OVERT_POWDER_MOSS_EARTH_BAGNO.jpg","contentUrl":"https:\/\/eurotilestone.com\/wp-content\/uploads\/2025\/01\/AMB_OVERT_POWDER_MOSS_EARTH_BAGNO.jpg","width":1875,"height":2500},{"@type":"BreadcrumbList","@id":"https:\/\/eurotilestone.com\/fr\/produits\/surton\/#breadcrumb","itemListElement":[{"@type":"ListItem","position":1,"name":"Home","item":"https:\/\/eurotilestone.com\/fr\/"},{"@type":"ListItem","position":2,"name":"Boutique","item":"https:\/\/eurotilestone.com\/fr\/boutique\/"},{"@type":"ListItem","position":3,"name":"SURTON"}]},{"@type":"WebSite","@id":"https:\/\/eurotilestone.com\/fr\/#website","url":"https:\/\/eurotilestone.com\/fr\/","name":"Euro Tile & Stone","description":"","publisher":{"@id":"https:\/\/eurotilestone.com\/fr\/#organization"},"potentialAction":[{"@type":"SearchAction","target":{"@type":"EntryPoint","urlTemplate":"https:\/\/eurotilestone.com\/fr\/?s={search_term_string}"},"query-input":{"@type":"PropertyValueSpecification","valueRequired":true,"valueName":"search_term_string"}}],"inLanguage":"fr-FR"},{"@type":"Organization","@id":"https:\/\/eurotilestone.com\/fr\/#organization","name":"Euro Tile & Stone","url":"https:\/\/eurotilestone.com\/fr\/","logo":{"@type":"ImageObject","inLanguage":"fr-FR","@id":"https:\/\/eurotilestone.com\/fr\/#\/schema\/logo\/image\/","url":"https:\/\/eurotilestone.com\/wp-content\/uploads\/2024\/01\/Euro-Logo-1.png","contentUrl":"https:\/\/eurotilestone.com\/wp-content\/uploads\/2024\/01\/Euro-Logo-1.png","width":2500,"height":781,"caption":"Euro Tile & Stone"},"image":{"@id":"https:\/\/eurotilestone.com\/fr\/#\/schema\/logo\/image\/"},"sameAs":["https:\/\/www.instagram.com\/eurotilestone\/"]}]}},"_links":{"self":[{"href":"https:\/\/eurotilestone.com\/fr\/wp-json\/wp\/v2\/product\/43392","targetHints":{"allow":["GET"]}}],"collection":[{"href":"https:\/\/eurotilestone.com\/fr\/wp-json\/wp\/v2\/product"}],"about":[{"href":"https:\/\/eurotilestone.com\/fr\/wp-json\/wp\/v2\/types\/product"}],"wp:featuredmedia":[{"embeddable":true,"href":"https:\/\/eurotilestone.com\/fr\/wp-json\/wp\/v2\/media\/41743"}],"wp:attachment":[{"href":"https:\/\/eurotilestone.com\/fr\/wp-json\/wp\/v2\/media?parent=43392"}],"wp:term":[{"taxonomy":"product_brand","embeddable":true,"href":"https:\/\/eurotilestone.com\/fr\/wp-json\/wp\/v2\/product_brand?post=43392"},{"taxonomy":"product_cat","embeddable":true,"href":"https:\/\/eurotilestone.com\/fr\/wp-json\/wp\/v2\/product_cat?post=43392"},{"taxonomy":"product_tag","embeddable":true,"href":"https:\/\/eurotilestone.com\/fr\/wp-json\/wp\/v2\/product_tag?post=43392"}],"curies":[{"name":"wp","href":"https:\/\/api.w.org\/{rel}","templated":true}]}}