{"id":43388,"date":"2025-02-06T12:00:31","date_gmt":"2025-02-06T17:00:31","guid":{"rendered":"https:\/\/eurotilestone.com\/product\/kaamos\/"},"modified":"2025-06-17T04:07:50","modified_gmt":"2025-06-17T08:07:50","slug":"kaamos","status":"publish","type":"product","link":"https:\/\/eurotilestone.com\/fr\/produits\/kaamos\/","title":{"rendered":"Kaamos"},"content":{"rendered":"","protected":false},"excerpt":{"rendered":"","protected":false},"featured_media":41797,"template":"","meta":{"_acf_changed":false},"product_brand":[],"product_cat":[4379],"product_tag":[],"class_list":{"0":"post-43388","1":"product","2":"type-product","3":"status-publish","4":"has-post-thumbnail","6":"product_cat-floor-wall-tile-fr","7":"pa_colour-noir","8":"pa_colour-grey-fr","9":"pa_colour-beige-fr","10":"pa_shape-carre","11":"pa_variation_colour-ivory-kaamos-fr","12":"pa_variation_colour-gris-kaamos","13":"pa_variation_colour-noir-kaamos","14":"pa_variation_size_shape-24x24-carre","16":"first","17":"instock","18":"sold-individually","19":"shipping-taxable","20":"purchasable","21":"product-type-variable"},"acf":[],"yoast_head":"<!-- This site is optimized with the Yoast SEO Premium plugin v26.6 (Yoast SEO v27.3) - https:\/\/yoast.com\/product\/yoast-seo-premium-wordpress\/ -->\n<title>Kaamos - Euro Tile &amp; Stone<\/title>\n<meta name=\"description\" content=\"La s\u00e9rie KAAMOS red\u00e9finit la polyvalence avec des carreaux de porcelaine non \u00e9maill\u00e9e hautement fritt\u00e9s qui allient de mani\u00e8re transparente l&#039;esth\u00e9tique de la pierre naturelle \u00e0 une qualit\u00e9 exceptionnelle.\" \/>\n<meta name=\"robots\" content=\"index, follow, max-snippet:-1, max-image-preview:large, max-video-preview:-1\" \/>\n<link rel=\"canonical\" href=\"https:\/\/eurotilestone.com\/fr\/produits\/kaamos\/\" \/>\n<meta property=\"og:locale\" content=\"fr_FR\" \/>\n<meta property=\"og:type\" content=\"article\" \/>\n<meta property=\"og:title\" content=\"Kaamos\" \/>\n<meta property=\"og:description\" content=\"La s\u00e9rie KAAMOS red\u00e9finit la polyvalence avec des carreaux de porcelaine non \u00e9maill\u00e9e hautement fritt\u00e9s qui allient de mani\u00e8re transparente l&#039;esth\u00e9tique de la pierre naturelle \u00e0 une qualit\u00e9 exceptionnelle.\" \/>\n<meta property=\"og:url\" content=\"https:\/\/eurotilestone.com\/fr\/produits\/kaamos\/\" \/>\n<meta property=\"og:site_name\" content=\"Euro Tile &amp; Stone\" \/>\n<meta property=\"article:modified_time\" content=\"2025-06-17T08:07:50+00:00\" \/>\n<meta property=\"og:image\" content=\"https:\/\/eurotilestone.com\/wp-content\/uploads\/2025\/02\/v_kaamos_7872.jpg\" \/>\n\t<meta property=\"og:image:width\" content=\"800\" \/>\n\t<meta property=\"og:image:height\" content=\"1600\" \/>\n\t<meta property=\"og:image:type\" content=\"image\/jpeg\" \/>\n<meta name=\"twitter:card\" content=\"summary_large_image\" \/>\n<script type=\"application\/ld+json\" class=\"yoast-schema-graph\">{\"@context\":\"https:\\\/\\\/schema.org\",\"@graph\":[{\"@type\":\"WebPage\",\"@id\":\"https:\\\/\\\/eurotilestone.com\\\/fr\\\/produits\\\/kaamos\\\/\",\"url\":\"https:\\\/\\\/eurotilestone.com\\\/fr\\\/produits\\\/kaamos\\\/\",\"name\":\"Kaamos - Euro Tile &amp; Stone\",\"isPartOf\":{\"@id\":\"https:\\\/\\\/eurotilestone.com\\\/fr\\\/#website\"},\"primaryImageOfPage\":{\"@id\":\"https:\\\/\\\/eurotilestone.com\\\/fr\\\/produits\\\/kaamos\\\/#primaryimage\"},\"image\":{\"@id\":\"https:\\\/\\\/eurotilestone.com\\\/fr\\\/produits\\\/kaamos\\\/#primaryimage\"},\"thumbnailUrl\":\"https:\\\/\\\/eurotilestone.com\\\/wp-content\\\/uploads\\\/2025\\\/02\\\/v_kaamos_7872.jpg\",\"datePublished\":\"2025-02-06T17:00:31+00:00\",\"dateModified\":\"2025-06-17T08:07:50+00:00\",\"description\":\"La s\u00e9rie KAAMOS red\u00e9finit la polyvalence avec des carreaux de porcelaine non \u00e9maill\u00e9e hautement fritt\u00e9s qui allient de mani\u00e8re transparente l'esth\u00e9tique de la pierre naturelle \u00e0 une qualit\u00e9 exceptionnelle.\",\"breadcrumb\":{\"@id\":\"https:\\\/\\\/eurotilestone.com\\\/fr\\\/produits\\\/kaamos\\\/#breadcrumb\"},\"inLanguage\":\"fr-FR\",\"potentialAction\":[{\"@type\":\"ReadAction\",\"target\":[\"https:\\\/\\\/eurotilestone.com\\\/fr\\\/produits\\\/kaamos\\\/\"]}]},{\"@type\":\"ImageObject\",\"inLanguage\":\"fr-FR\",\"@id\":\"https:\\\/\\\/eurotilestone.com\\\/fr\\\/produits\\\/kaamos\\\/#primaryimage\",\"url\":\"https:\\\/\\\/eurotilestone.com\\\/wp-content\\\/uploads\\\/2025\\\/02\\\/v_kaamos_7872.jpg\",\"contentUrl\":\"https:\\\/\\\/eurotilestone.com\\\/wp-content\\\/uploads\\\/2025\\\/02\\\/v_kaamos_7872.jpg\",\"width\":800,\"height\":1600},{\"@type\":\"BreadcrumbList\",\"@id\":\"https:\\\/\\\/eurotilestone.com\\\/fr\\\/produits\\\/kaamos\\\/#breadcrumb\",\"itemListElement\":[{\"@type\":\"ListItem\",\"position\":1,\"name\":\"Home\",\"item\":\"https:\\\/\\\/eurotilestone.com\\\/fr\\\/\"},{\"@type\":\"ListItem\",\"position\":2,\"name\":\"Boutique\",\"item\":\"https:\\\/\\\/eurotilestone.com\\\/fr\\\/boutique\\\/\"},{\"@type\":\"ListItem\",\"position\":3,\"name\":\"Kaamos\"}]},{\"@type\":\"WebSite\",\"@id\":\"https:\\\/\\\/eurotilestone.com\\\/fr\\\/#website\",\"url\":\"https:\\\/\\\/eurotilestone.com\\\/fr\\\/\",\"name\":\"Euro Tile & Stone\",\"description\":\"\",\"publisher\":{\"@id\":\"https:\\\/\\\/eurotilestone.com\\\/fr\\\/#organization\"},\"potentialAction\":[{\"@type\":\"SearchAction\",\"target\":{\"@type\":\"EntryPoint\",\"urlTemplate\":\"https:\\\/\\\/eurotilestone.com\\\/fr\\\/?s={search_term_string}\"},\"query-input\":{\"@type\":\"PropertyValueSpecification\",\"valueRequired\":true,\"valueName\":\"search_term_string\"}}],\"inLanguage\":\"fr-FR\"},{\"@type\":\"Organization\",\"@id\":\"https:\\\/\\\/eurotilestone.com\\\/fr\\\/#organization\",\"name\":\"Euro Tile & Stone\",\"url\":\"https:\\\/\\\/eurotilestone.com\\\/fr\\\/\",\"logo\":{\"@type\":\"ImageObject\",\"inLanguage\":\"fr-FR\",\"@id\":\"https:\\\/\\\/eurotilestone.com\\\/fr\\\/#\\\/schema\\\/logo\\\/image\\\/\",\"url\":\"https:\\\/\\\/eurotilestone.com\\\/wp-content\\\/uploads\\\/2024\\\/01\\\/Euro-Logo-1.png\",\"contentUrl\":\"https:\\\/\\\/eurotilestone.com\\\/wp-content\\\/uploads\\\/2024\\\/01\\\/Euro-Logo-1.png\",\"width\":2500,\"height\":781,\"caption\":\"Euro Tile & Stone\"},\"image\":{\"@id\":\"https:\\\/\\\/eurotilestone.com\\\/fr\\\/#\\\/schema\\\/logo\\\/image\\\/\"},\"sameAs\":[\"https:\\\/\\\/www.instagram.com\\\/eurotilestone\\\/\"]}]}<\/script>\n<!-- \/ Yoast SEO Premium plugin. -->","yoast_head_json":{"title":"Kaamos - Euro Tile &amp; Stone","description":"La s\u00e9rie KAAMOS red\u00e9finit la polyvalence avec des carreaux de porcelaine non \u00e9maill\u00e9e hautement fritt\u00e9s qui allient de mani\u00e8re transparente l'esth\u00e9tique de la pierre naturelle \u00e0 une qualit\u00e9 exceptionnelle.","robots":{"index":"index","follow":"follow","max-snippet":"max-snippet:-1","max-image-preview":"max-image-preview:large","max-video-preview":"max-video-preview:-1"},"canonical":"https:\/\/eurotilestone.com\/fr\/produits\/kaamos\/","og_locale":"fr_FR","og_type":"article","og_title":"Kaamos","og_description":"La s\u00e9rie KAAMOS red\u00e9finit la polyvalence avec des carreaux de porcelaine non \u00e9maill\u00e9e hautement fritt\u00e9s qui allient de mani\u00e8re transparente l'esth\u00e9tique de la pierre naturelle \u00e0 une qualit\u00e9 exceptionnelle.","og_url":"https:\/\/eurotilestone.com\/fr\/produits\/kaamos\/","og_site_name":"Euro Tile &amp; Stone","article_modified_time":"2025-06-17T08:07:50+00:00","og_image":[{"width":800,"height":1600,"url":"https:\/\/eurotilestone.com\/wp-content\/uploads\/2025\/02\/v_kaamos_7872.jpg","type":"image\/jpeg"}],"twitter_card":"summary_large_image","schema":{"@context":"https:\/\/schema.org","@graph":[{"@type":"WebPage","@id":"https:\/\/eurotilestone.com\/fr\/produits\/kaamos\/","url":"https:\/\/eurotilestone.com\/fr\/produits\/kaamos\/","name":"Kaamos - Euro Tile &amp; Stone","isPartOf":{"@id":"https:\/\/eurotilestone.com\/fr\/#website"},"primaryImageOfPage":{"@id":"https:\/\/eurotilestone.com\/fr\/produits\/kaamos\/#primaryimage"},"image":{"@id":"https:\/\/eurotilestone.com\/fr\/produits\/kaamos\/#primaryimage"},"thumbnailUrl":"https:\/\/eurotilestone.com\/wp-content\/uploads\/2025\/02\/v_kaamos_7872.jpg","datePublished":"2025-02-06T17:00:31+00:00","dateModified":"2025-06-17T08:07:50+00:00","description":"La s\u00e9rie KAAMOS red\u00e9finit la polyvalence avec des carreaux de porcelaine non \u00e9maill\u00e9e hautement fritt\u00e9s qui allient de mani\u00e8re transparente l'esth\u00e9tique de la pierre naturelle \u00e0 une qualit\u00e9 exceptionnelle.","breadcrumb":{"@id":"https:\/\/eurotilestone.com\/fr\/produits\/kaamos\/#breadcrumb"},"inLanguage":"fr-FR","potentialAction":[{"@type":"ReadAction","target":["https:\/\/eurotilestone.com\/fr\/produits\/kaamos\/"]}]},{"@type":"ImageObject","inLanguage":"fr-FR","@id":"https:\/\/eurotilestone.com\/fr\/produits\/kaamos\/#primaryimage","url":"https:\/\/eurotilestone.com\/wp-content\/uploads\/2025\/02\/v_kaamos_7872.jpg","contentUrl":"https:\/\/eurotilestone.com\/wp-content\/uploads\/2025\/02\/v_kaamos_7872.jpg","width":800,"height":1600},{"@type":"BreadcrumbList","@id":"https:\/\/eurotilestone.com\/fr\/produits\/kaamos\/#breadcrumb","itemListElement":[{"@type":"ListItem","position":1,"name":"Home","item":"https:\/\/eurotilestone.com\/fr\/"},{"@type":"ListItem","position":2,"name":"Boutique","item":"https:\/\/eurotilestone.com\/fr\/boutique\/"},{"@type":"ListItem","position":3,"name":"Kaamos"}]},{"@type":"WebSite","@id":"https:\/\/eurotilestone.com\/fr\/#website","url":"https:\/\/eurotilestone.com\/fr\/","name":"Euro Tile & Stone","description":"","publisher":{"@id":"https:\/\/eurotilestone.com\/fr\/#organization"},"potentialAction":[{"@type":"SearchAction","target":{"@type":"EntryPoint","urlTemplate":"https:\/\/eurotilestone.com\/fr\/?s={search_term_string}"},"query-input":{"@type":"PropertyValueSpecification","valueRequired":true,"valueName":"search_term_string"}}],"inLanguage":"fr-FR"},{"@type":"Organization","@id":"https:\/\/eurotilestone.com\/fr\/#organization","name":"Euro Tile & Stone","url":"https:\/\/eurotilestone.com\/fr\/","logo":{"@type":"ImageObject","inLanguage":"fr-FR","@id":"https:\/\/eurotilestone.com\/fr\/#\/schema\/logo\/image\/","url":"https:\/\/eurotilestone.com\/wp-content\/uploads\/2024\/01\/Euro-Logo-1.png","contentUrl":"https:\/\/eurotilestone.com\/wp-content\/uploads\/2024\/01\/Euro-Logo-1.png","width":2500,"height":781,"caption":"Euro Tile & Stone"},"image":{"@id":"https:\/\/eurotilestone.com\/fr\/#\/schema\/logo\/image\/"},"sameAs":["https:\/\/www.instagram.com\/eurotilestone\/"]}]}},"_links":{"self":[{"href":"https:\/\/eurotilestone.com\/fr\/wp-json\/wp\/v2\/product\/43388","targetHints":{"allow":["GET"]}}],"collection":[{"href":"https:\/\/eurotilestone.com\/fr\/wp-json\/wp\/v2\/product"}],"about":[{"href":"https:\/\/eurotilestone.com\/fr\/wp-json\/wp\/v2\/types\/product"}],"wp:featuredmedia":[{"embeddable":true,"href":"https:\/\/eurotilestone.com\/fr\/wp-json\/wp\/v2\/media\/41797"}],"wp:attachment":[{"href":"https:\/\/eurotilestone.com\/fr\/wp-json\/wp\/v2\/media?parent=43388"}],"wp:term":[{"taxonomy":"product_brand","embeddable":true,"href":"https:\/\/eurotilestone.com\/fr\/wp-json\/wp\/v2\/product_brand?post=43388"},{"taxonomy":"product_cat","embeddable":true,"href":"https:\/\/eurotilestone.com\/fr\/wp-json\/wp\/v2\/product_cat?post=43388"},{"taxonomy":"product_tag","embeddable":true,"href":"https:\/\/eurotilestone.com\/fr\/wp-json\/wp\/v2\/product_tag?post=43388"}],"curies":[{"name":"wp","href":"https:\/\/api.w.org\/{rel}","templated":true}]}}