{"id":43252,"date":"2019-04-16T18:37:07","date_gmt":"2019-04-16T22:37:07","guid":{"rendered":"https:\/\/eurotilestone.com\/a-propos\/"},"modified":"2019-04-16T18:37:07","modified_gmt":"2019-04-16T22:37:07","slug":"a-propos","status":"publish","type":"page","link":"https:\/\/eurotilestone.com\/fr\/a-propos\/","title":{"rendered":"\u00c0 PROPOS"},"content":{"rendered":"","protected":false},"excerpt":{"rendered":"","protected":false},"author":1,"featured_media":0,"parent":0,"menu_order":24,"comment_status":"closed","ping_status":"closed","template":"templates\/about.php","meta":{"_acf_changed":false,"footnotes":""},"class_list":["post-43252","page","type-page","status-publish","hentry"],"acf":[],"yoast_head":"<!-- This site is optimized with the Yoast SEO Premium plugin v26.6 (Yoast SEO v27.3) - https:\/\/yoast.com\/product\/yoast-seo-premium-wordpress\/ -->\n<title>A propos d&#039;Euro Tile &amp; Stone - Notre histoire, nos valeurs d&#039;entreprise et plus encore<\/title>\n<meta name=\"description\" content=\"D\u00e9couvrez notre histoire, nos principes directeurs, notre engagement dans la communaut\u00e9, les associations dont nous faisons partie et comment nous contacter pour travailler avec nous.\" \/>\n<meta name=\"robots\" content=\"index, follow, max-snippet:-1, max-image-preview:large, max-video-preview:-1\" \/>\n<link rel=\"canonical\" href=\"https:\/\/eurotilestone.com\/fr\/a-propos\/\" \/>\n<meta property=\"og:locale\" content=\"fr_FR\" \/>\n<meta property=\"og:type\" content=\"article\" \/>\n<meta property=\"og:title\" content=\"\u00c0 PROPOS\" \/>\n<meta property=\"og:description\" content=\"D\u00e9couvrez notre histoire, nos principes directeurs, notre engagement dans la communaut\u00e9, les associations dont nous faisons partie et comment nous contacter pour travailler avec nous.\" \/>\n<meta property=\"og:url\" content=\"https:\/\/eurotilestone.com\/fr\/a-propos\/\" \/>\n<meta property=\"og:site_name\" content=\"Euro Tile &amp; Stone\" \/>\n<meta name=\"twitter:card\" content=\"summary_large_image\" \/>\n<script type=\"application\/ld+json\" class=\"yoast-schema-graph\">{\"@context\":\"https:\\\/\\\/schema.org\",\"@graph\":[{\"@type\":\"WebPage\",\"@id\":\"https:\\\/\\\/eurotilestone.com\\\/fr\\\/a-propos\\\/\",\"url\":\"https:\\\/\\\/eurotilestone.com\\\/fr\\\/a-propos\\\/\",\"name\":\"A propos d'Euro Tile & Stone - Notre histoire, nos valeurs d'entreprise et plus encore\",\"isPartOf\":{\"@id\":\"https:\\\/\\\/eurotilestone.com\\\/fr\\\/#website\"},\"datePublished\":\"2019-04-16T22:37:07+00:00\",\"description\":\"D\u00e9couvrez notre histoire, nos principes directeurs, notre engagement dans la communaut\u00e9, les associations dont nous faisons partie et comment nous contacter pour travailler avec nous.\",\"breadcrumb\":{\"@id\":\"https:\\\/\\\/eurotilestone.com\\\/fr\\\/a-propos\\\/#breadcrumb\"},\"inLanguage\":\"fr-FR\",\"potentialAction\":[{\"@type\":\"ReadAction\",\"target\":[\"https:\\\/\\\/eurotilestone.com\\\/fr\\\/a-propos\\\/\"]}]},{\"@type\":\"BreadcrumbList\",\"@id\":\"https:\\\/\\\/eurotilestone.com\\\/fr\\\/a-propos\\\/#breadcrumb\",\"itemListElement\":[{\"@type\":\"ListItem\",\"position\":1,\"name\":\"Home\",\"item\":\"https:\\\/\\\/eurotilestone.com\\\/fr\\\/\"},{\"@type\":\"ListItem\",\"position\":2,\"name\":\"\u00c0 PROPOS\"}]},{\"@type\":\"WebSite\",\"@id\":\"https:\\\/\\\/eurotilestone.com\\\/fr\\\/#website\",\"url\":\"https:\\\/\\\/eurotilestone.com\\\/fr\\\/\",\"name\":\"Euro Tile & Stone\",\"description\":\"\",\"publisher\":{\"@id\":\"https:\\\/\\\/eurotilestone.com\\\/fr\\\/#organization\"},\"potentialAction\":[{\"@type\":\"SearchAction\",\"target\":{\"@type\":\"EntryPoint\",\"urlTemplate\":\"https:\\\/\\\/eurotilestone.com\\\/fr\\\/?s={search_term_string}\"},\"query-input\":{\"@type\":\"PropertyValueSpecification\",\"valueRequired\":true,\"valueName\":\"search_term_string\"}}],\"inLanguage\":\"fr-FR\"},{\"@type\":\"Organization\",\"@id\":\"https:\\\/\\\/eurotilestone.com\\\/fr\\\/#organization\",\"name\":\"Euro Tile & Stone\",\"url\":\"https:\\\/\\\/eurotilestone.com\\\/fr\\\/\",\"logo\":{\"@type\":\"ImageObject\",\"inLanguage\":\"fr-FR\",\"@id\":\"https:\\\/\\\/eurotilestone.com\\\/fr\\\/#\\\/schema\\\/logo\\\/image\\\/\",\"url\":\"https:\\\/\\\/eurotilestone.com\\\/wp-content\\\/uploads\\\/2024\\\/01\\\/Euro-Logo-1.png\",\"contentUrl\":\"https:\\\/\\\/eurotilestone.com\\\/wp-content\\\/uploads\\\/2024\\\/01\\\/Euro-Logo-1.png\",\"width\":2500,\"height\":781,\"caption\":\"Euro Tile & Stone\"},\"image\":{\"@id\":\"https:\\\/\\\/eurotilestone.com\\\/fr\\\/#\\\/schema\\\/logo\\\/image\\\/\"},\"sameAs\":[\"https:\\\/\\\/www.instagram.com\\\/eurotilestone\\\/\"]}]}<\/script>\n<!-- \/ Yoast SEO Premium plugin. -->","yoast_head_json":{"title":"A propos d'Euro Tile & Stone - Notre histoire, nos valeurs d'entreprise et plus encore","description":"D\u00e9couvrez notre histoire, nos principes directeurs, notre engagement dans la communaut\u00e9, les associations dont nous faisons partie et comment nous contacter pour travailler avec nous.","robots":{"index":"index","follow":"follow","max-snippet":"max-snippet:-1","max-image-preview":"max-image-preview:large","max-video-preview":"max-video-preview:-1"},"canonical":"https:\/\/eurotilestone.com\/fr\/a-propos\/","og_locale":"fr_FR","og_type":"article","og_title":"\u00c0 PROPOS","og_description":"D\u00e9couvrez notre histoire, nos principes directeurs, notre engagement dans la communaut\u00e9, les associations dont nous faisons partie et comment nous contacter pour travailler avec nous.","og_url":"https:\/\/eurotilestone.com\/fr\/a-propos\/","og_site_name":"Euro Tile &amp; Stone","twitter_card":"summary_large_image","schema":{"@context":"https:\/\/schema.org","@graph":[{"@type":"WebPage","@id":"https:\/\/eurotilestone.com\/fr\/a-propos\/","url":"https:\/\/eurotilestone.com\/fr\/a-propos\/","name":"A propos d'Euro Tile & Stone - Notre histoire, nos valeurs d'entreprise et plus encore","isPartOf":{"@id":"https:\/\/eurotilestone.com\/fr\/#website"},"datePublished":"2019-04-16T22:37:07+00:00","description":"D\u00e9couvrez notre histoire, nos principes directeurs, notre engagement dans la communaut\u00e9, les associations dont nous faisons partie et comment nous contacter pour travailler avec nous.","breadcrumb":{"@id":"https:\/\/eurotilestone.com\/fr\/a-propos\/#breadcrumb"},"inLanguage":"fr-FR","potentialAction":[{"@type":"ReadAction","target":["https:\/\/eurotilestone.com\/fr\/a-propos\/"]}]},{"@type":"BreadcrumbList","@id":"https:\/\/eurotilestone.com\/fr\/a-propos\/#breadcrumb","itemListElement":[{"@type":"ListItem","position":1,"name":"Home","item":"https:\/\/eurotilestone.com\/fr\/"},{"@type":"ListItem","position":2,"name":"\u00c0 PROPOS"}]},{"@type":"WebSite","@id":"https:\/\/eurotilestone.com\/fr\/#website","url":"https:\/\/eurotilestone.com\/fr\/","name":"Euro Tile & Stone","description":"","publisher":{"@id":"https:\/\/eurotilestone.com\/fr\/#organization"},"potentialAction":[{"@type":"SearchAction","target":{"@type":"EntryPoint","urlTemplate":"https:\/\/eurotilestone.com\/fr\/?s={search_term_string}"},"query-input":{"@type":"PropertyValueSpecification","valueRequired":true,"valueName":"search_term_string"}}],"inLanguage":"fr-FR"},{"@type":"Organization","@id":"https:\/\/eurotilestone.com\/fr\/#organization","name":"Euro Tile & Stone","url":"https:\/\/eurotilestone.com\/fr\/","logo":{"@type":"ImageObject","inLanguage":"fr-FR","@id":"https:\/\/eurotilestone.com\/fr\/#\/schema\/logo\/image\/","url":"https:\/\/eurotilestone.com\/wp-content\/uploads\/2024\/01\/Euro-Logo-1.png","contentUrl":"https:\/\/eurotilestone.com\/wp-content\/uploads\/2024\/01\/Euro-Logo-1.png","width":2500,"height":781,"caption":"Euro Tile & Stone"},"image":{"@id":"https:\/\/eurotilestone.com\/fr\/#\/schema\/logo\/image\/"},"sameAs":["https:\/\/www.instagram.com\/eurotilestone\/"]}]}},"_links":{"self":[{"href":"https:\/\/eurotilestone.com\/fr\/wp-json\/wp\/v2\/pages\/43252","targetHints":{"allow":["GET"]}}],"collection":[{"href":"https:\/\/eurotilestone.com\/fr\/wp-json\/wp\/v2\/pages"}],"about":[{"href":"https:\/\/eurotilestone.com\/fr\/wp-json\/wp\/v2\/types\/page"}],"author":[{"embeddable":true,"href":"https:\/\/eurotilestone.com\/fr\/wp-json\/wp\/v2\/users\/1"}],"replies":[{"embeddable":true,"href":"https:\/\/eurotilestone.com\/fr\/wp-json\/wp\/v2\/comments?post=43252"}],"version-history":[{"count":0,"href":"https:\/\/eurotilestone.com\/fr\/wp-json\/wp\/v2\/pages\/43252\/revisions"}],"wp:attachment":[{"href":"https:\/\/eurotilestone.com\/fr\/wp-json\/wp\/v2\/media?parent=43252"}],"curies":[{"name":"wp","href":"https:\/\/api.w.org\/{rel}","templated":true}]}}