{"id":43248,"date":"2019-04-16T18:41:07","date_gmt":"2019-04-16T22:41:07","guid":{"rendered":"https:\/\/eurotilestone.com\/commercial\/"},"modified":"2025-07-08T16:34:56","modified_gmt":"2025-07-08T20:34:56","slug":"commercial","status":"publish","type":"page","link":"https:\/\/eurotilestone.com\/fr\/inspiration-2\/commercial\/","title":{"rendered":"COMMERCIAL"},"content":{"rendered":"","protected":false},"excerpt":{"rendered":"","protected":false},"author":1,"featured_media":0,"parent":43247,"menu_order":21,"comment_status":"closed","ping_status":"closed","template":"templates\/commercial-gallery.php","meta":{"_acf_changed":false,"footnotes":""},"class_list":["post-43248","page","type-page","status-publish","hentry"],"acf":[],"yoast_head":"<!-- This site is optimized with the Yoast SEO Premium plugin v26.6 (Yoast SEO v27.3) - https:\/\/yoast.com\/product\/yoast-seo-premium-wordpress\/ -->\n<title>Euro Tile &amp; Stone - Galerie d&#039;inspiration de design commercial<\/title>\n<meta name=\"description\" content=\"Laissez-vous inspirer par notre galerie d&#039;inspiration de design commercial. Trouvez le produit id\u00e9al pour votre bureau, restaurant, h\u00f4tel, \u00e9cole ou espace public.\" \/>\n<meta name=\"robots\" content=\"index, follow, max-snippet:-1, max-image-preview:large, max-video-preview:-1\" \/>\n<link rel=\"canonical\" href=\"https:\/\/eurotilestone.com\/fr\/inspiration-2\/commercial\/\" \/>\n<meta property=\"og:locale\" content=\"fr_FR\" \/>\n<meta property=\"og:type\" content=\"article\" \/>\n<meta property=\"og:title\" content=\"COMMERCIAL\" \/>\n<meta property=\"og:description\" content=\"Laissez-vous inspirer par notre galerie d&#039;inspiration de design commercial. Trouvez le produit id\u00e9al pour votre bureau, restaurant, h\u00f4tel, \u00e9cole ou espace public.\" \/>\n<meta property=\"og:url\" content=\"https:\/\/eurotilestone.com\/fr\/inspiration-2\/commercial\/\" \/>\n<meta property=\"og:site_name\" content=\"Euro Tile &amp; Stone\" \/>\n<meta property=\"article:modified_time\" content=\"2025-07-08T20:34:56+00:00\" \/>\n<meta name=\"twitter:card\" content=\"summary_large_image\" \/>\n<meta name=\"twitter:label1\" content=\"Dur\u00e9e de lecture estim\u00e9e\" \/>\n\t<meta name=\"twitter:data1\" content=\"1 minute\" \/>\n<script type=\"application\/ld+json\" class=\"yoast-schema-graph\">{\"@context\":\"https:\\\/\\\/schema.org\",\"@graph\":[{\"@type\":\"WebPage\",\"@id\":\"https:\\\/\\\/eurotilestone.com\\\/fr\\\/inspiration-2\\\/commercial\\\/\",\"url\":\"https:\\\/\\\/eurotilestone.com\\\/fr\\\/inspiration-2\\\/commercial\\\/\",\"name\":\"Euro Tile & Stone - Galerie d'inspiration de design commercial\",\"isPartOf\":{\"@id\":\"https:\\\/\\\/eurotilestone.com\\\/fr\\\/#website\"},\"datePublished\":\"2019-04-16T22:41:07+00:00\",\"dateModified\":\"2025-07-08T20:34:56+00:00\",\"description\":\"Laissez-vous inspirer par notre galerie d'inspiration de design commercial. Trouvez le produit id\u00e9al pour votre bureau, restaurant, h\u00f4tel, \u00e9cole ou espace public.\",\"breadcrumb\":{\"@id\":\"https:\\\/\\\/eurotilestone.com\\\/fr\\\/inspiration-2\\\/commercial\\\/#breadcrumb\"},\"inLanguage\":\"fr-FR\",\"potentialAction\":[{\"@type\":\"ReadAction\",\"target\":[\"https:\\\/\\\/eurotilestone.com\\\/fr\\\/inspiration-2\\\/commercial\\\/\"]}]},{\"@type\":\"BreadcrumbList\",\"@id\":\"https:\\\/\\\/eurotilestone.com\\\/fr\\\/inspiration-2\\\/commercial\\\/#breadcrumb\",\"itemListElement\":[{\"@type\":\"ListItem\",\"position\":1,\"name\":\"Home\",\"item\":\"https:\\\/\\\/eurotilestone.com\\\/fr\\\/\"},{\"@type\":\"ListItem\",\"position\":2,\"name\":\"INSPIRATION\",\"item\":\"https:\\\/\\\/eurotilestone.com\\\/fr\\\/inspiration-2\\\/\"},{\"@type\":\"ListItem\",\"position\":3,\"name\":\"COMMERCIAL\"}]},{\"@type\":\"WebSite\",\"@id\":\"https:\\\/\\\/eurotilestone.com\\\/fr\\\/#website\",\"url\":\"https:\\\/\\\/eurotilestone.com\\\/fr\\\/\",\"name\":\"Euro Tile & Stone\",\"description\":\"\",\"publisher\":{\"@id\":\"https:\\\/\\\/eurotilestone.com\\\/fr\\\/#organization\"},\"potentialAction\":[{\"@type\":\"SearchAction\",\"target\":{\"@type\":\"EntryPoint\",\"urlTemplate\":\"https:\\\/\\\/eurotilestone.com\\\/fr\\\/?s={search_term_string}\"},\"query-input\":{\"@type\":\"PropertyValueSpecification\",\"valueRequired\":true,\"valueName\":\"search_term_string\"}}],\"inLanguage\":\"fr-FR\"},{\"@type\":\"Organization\",\"@id\":\"https:\\\/\\\/eurotilestone.com\\\/fr\\\/#organization\",\"name\":\"Euro Tile & Stone\",\"url\":\"https:\\\/\\\/eurotilestone.com\\\/fr\\\/\",\"logo\":{\"@type\":\"ImageObject\",\"inLanguage\":\"fr-FR\",\"@id\":\"https:\\\/\\\/eurotilestone.com\\\/fr\\\/#\\\/schema\\\/logo\\\/image\\\/\",\"url\":\"https:\\\/\\\/eurotilestone.com\\\/wp-content\\\/uploads\\\/2024\\\/01\\\/Euro-Logo-1.png\",\"contentUrl\":\"https:\\\/\\\/eurotilestone.com\\\/wp-content\\\/uploads\\\/2024\\\/01\\\/Euro-Logo-1.png\",\"width\":2500,\"height\":781,\"caption\":\"Euro Tile & Stone\"},\"image\":{\"@id\":\"https:\\\/\\\/eurotilestone.com\\\/fr\\\/#\\\/schema\\\/logo\\\/image\\\/\"},\"sameAs\":[\"https:\\\/\\\/www.instagram.com\\\/eurotilestone\\\/\"]}]}<\/script>\n<!-- \/ Yoast SEO Premium plugin. -->","yoast_head_json":{"title":"Euro Tile & Stone - Galerie d'inspiration de design commercial","description":"Laissez-vous inspirer par notre galerie d'inspiration de design commercial. Trouvez le produit id\u00e9al pour votre bureau, restaurant, h\u00f4tel, \u00e9cole ou espace public.","robots":{"index":"index","follow":"follow","max-snippet":"max-snippet:-1","max-image-preview":"max-image-preview:large","max-video-preview":"max-video-preview:-1"},"canonical":"https:\/\/eurotilestone.com\/fr\/inspiration-2\/commercial\/","og_locale":"fr_FR","og_type":"article","og_title":"COMMERCIAL","og_description":"Laissez-vous inspirer par notre galerie d'inspiration de design commercial. Trouvez le produit id\u00e9al pour votre bureau, restaurant, h\u00f4tel, \u00e9cole ou espace public.","og_url":"https:\/\/eurotilestone.com\/fr\/inspiration-2\/commercial\/","og_site_name":"Euro Tile &amp; Stone","article_modified_time":"2025-07-08T20:34:56+00:00","twitter_card":"summary_large_image","twitter_misc":{"Dur\u00e9e de lecture estim\u00e9e":"1 minute"},"schema":{"@context":"https:\/\/schema.org","@graph":[{"@type":"WebPage","@id":"https:\/\/eurotilestone.com\/fr\/inspiration-2\/commercial\/","url":"https:\/\/eurotilestone.com\/fr\/inspiration-2\/commercial\/","name":"Euro Tile & Stone - Galerie d'inspiration de design commercial","isPartOf":{"@id":"https:\/\/eurotilestone.com\/fr\/#website"},"datePublished":"2019-04-16T22:41:07+00:00","dateModified":"2025-07-08T20:34:56+00:00","description":"Laissez-vous inspirer par notre galerie d'inspiration de design commercial. Trouvez le produit id\u00e9al pour votre bureau, restaurant, h\u00f4tel, \u00e9cole ou espace public.","breadcrumb":{"@id":"https:\/\/eurotilestone.com\/fr\/inspiration-2\/commercial\/#breadcrumb"},"inLanguage":"fr-FR","potentialAction":[{"@type":"ReadAction","target":["https:\/\/eurotilestone.com\/fr\/inspiration-2\/commercial\/"]}]},{"@type":"BreadcrumbList","@id":"https:\/\/eurotilestone.com\/fr\/inspiration-2\/commercial\/#breadcrumb","itemListElement":[{"@type":"ListItem","position":1,"name":"Home","item":"https:\/\/eurotilestone.com\/fr\/"},{"@type":"ListItem","position":2,"name":"INSPIRATION","item":"https:\/\/eurotilestone.com\/fr\/inspiration-2\/"},{"@type":"ListItem","position":3,"name":"COMMERCIAL"}]},{"@type":"WebSite","@id":"https:\/\/eurotilestone.com\/fr\/#website","url":"https:\/\/eurotilestone.com\/fr\/","name":"Euro Tile & Stone","description":"","publisher":{"@id":"https:\/\/eurotilestone.com\/fr\/#organization"},"potentialAction":[{"@type":"SearchAction","target":{"@type":"EntryPoint","urlTemplate":"https:\/\/eurotilestone.com\/fr\/?s={search_term_string}"},"query-input":{"@type":"PropertyValueSpecification","valueRequired":true,"valueName":"search_term_string"}}],"inLanguage":"fr-FR"},{"@type":"Organization","@id":"https:\/\/eurotilestone.com\/fr\/#organization","name":"Euro Tile & Stone","url":"https:\/\/eurotilestone.com\/fr\/","logo":{"@type":"ImageObject","inLanguage":"fr-FR","@id":"https:\/\/eurotilestone.com\/fr\/#\/schema\/logo\/image\/","url":"https:\/\/eurotilestone.com\/wp-content\/uploads\/2024\/01\/Euro-Logo-1.png","contentUrl":"https:\/\/eurotilestone.com\/wp-content\/uploads\/2024\/01\/Euro-Logo-1.png","width":2500,"height":781,"caption":"Euro Tile & Stone"},"image":{"@id":"https:\/\/eurotilestone.com\/fr\/#\/schema\/logo\/image\/"},"sameAs":["https:\/\/www.instagram.com\/eurotilestone\/"]}]}},"_links":{"self":[{"href":"https:\/\/eurotilestone.com\/fr\/wp-json\/wp\/v2\/pages\/43248","targetHints":{"allow":["GET"]}}],"collection":[{"href":"https:\/\/eurotilestone.com\/fr\/wp-json\/wp\/v2\/pages"}],"about":[{"href":"https:\/\/eurotilestone.com\/fr\/wp-json\/wp\/v2\/types\/page"}],"author":[{"embeddable":true,"href":"https:\/\/eurotilestone.com\/fr\/wp-json\/wp\/v2\/users\/1"}],"replies":[{"embeddable":true,"href":"https:\/\/eurotilestone.com\/fr\/wp-json\/wp\/v2\/comments?post=43248"}],"version-history":[{"count":1,"href":"https:\/\/eurotilestone.com\/fr\/wp-json\/wp\/v2\/pages\/43248\/revisions"}],"predecessor-version":[{"id":48381,"href":"https:\/\/eurotilestone.com\/fr\/wp-json\/wp\/v2\/pages\/43248\/revisions\/48381"}],"up":[{"embeddable":true,"href":"https:\/\/eurotilestone.com\/fr\/wp-json\/wp\/v2\/pages\/43247"}],"wp:attachment":[{"href":"https:\/\/eurotilestone.com\/fr\/wp-json\/wp\/v2\/media?parent=43248"}],"curies":[{"name":"wp","href":"https:\/\/api.w.org\/{rel}","templated":true}]}}