{"id":43225,"date":"2022-01-10T15:23:41","date_gmt":"2022-01-10T20:23:41","guid":{"rendered":"https:\/\/eurotilestone.com\/carrieres\/"},"modified":"2025-06-16T06:31:07","modified_gmt":"2025-06-16T10:31:07","slug":"carrieres","status":"publish","type":"page","link":"https:\/\/eurotilestone.com\/fr\/a-propos\/carrieres\/","title":{"rendered":"Carri\u00e8res"},"content":{"rendered":"<h2>QUI SOMMES-NOUS ?<\/h2>\n<p>Euro Tile &amp; Stone propose des collections soigneusement s\u00e9lectionn\u00e9es de carreaux de porcelaine, de marbre et de plans de travail provenant du monde entier, associ\u00e9es \u00e0 un service, une expertise et une cha\u00eene d&rsquo;approvisionnement exceptionnels afin d&rsquo;offrir \u00e0 nos clients une excellente exp\u00e9rience. Nous aidons \u00e0 transformer l&rsquo;espace de nos clients pour cr\u00e9er l&rsquo;atmosph\u00e8re, l&rsquo;ambiance et le sentiment qu&rsquo;ils recherchent. <\/p>\n<p>&nbsp;<\/p>\n<h2>POURQUOI TRAVAILLER AVEC NOUS ?<\/h2>\n<p>Chez Euro Tile and Stone, nos quatre principes directeurs sont de traiter les clients comme des membres de la famille, de ne vendre que des produits de haute qualit\u00e9 auxquels nous croyons, d&rsquo;investir pour disposer d&rsquo;un stock important et d&#8217;embaucher des personnes qui partagent notre passion et nos valeurs. Nous nous engageons \u00e0 continuer \u00e0 offrir un service et une attention exceptionnels \u00e0 chacun de nos clients. Avec plus de 30 ans d&rsquo;exp\u00e9rience, nous mettons un point d&rsquo;honneur \u00e0 nouer des relations, ce que nos clients appr\u00e9cient.  <\/p>\n<ul>\n<li>Nous nous engageons fermement aupr\u00e8s de nos employ\u00e9s, tout comme aupr\u00e8s de nos clients, car nous reconnaissons que notre personnel est essentiel au succ\u00e8s et \u00e0 la croissance de notre entreprise<\/li>\n<li>Vous aurez la libert\u00e9 d&rsquo;exprimer vos talents \u00e0 votre mani\u00e8re.<\/li>\n<li>Vous b\u00e9n\u00e9ficierez d&rsquo;un salaire comp\u00e9titif, d&rsquo;une prime et d&rsquo;un plan d&rsquo;avantages sociaux.<\/li>\n<li>Vous avez un fort potentiel de croissance et d&rsquo;\u00e9volution de carri\u00e8re<\/li>\n<li>Notre culture d&rsquo;entreprise est plut\u00f4t cool. Nous avons un flair international et design, avec une culture amusante, collaborative et bienveillante, et des personnes exceptionnelles. <\/li>\n<li>Nous sommes diversifi\u00e9s en termes de culture, mais aussi d&rsquo;opinions et d&rsquo;\u00e9coles de pens\u00e9e.<\/li>\n<li>Nous proposons une formation continue sur les produits et aimons partager nos connaissances avec les membres de notre \u00e9quipe.<\/li>\n<li>Nous rendons service \u00e0 notre communaut\u00e9 de multiples fa\u00e7ons et nous aimons que nos employ\u00e9s participent \u00e0 nos \u00e9v\u00e9nements caritatifs.<\/li>\n<li>Nous avons affin\u00e9 l&rsquo;exp\u00e9rience d&rsquo;achat dans un magasin de rev\u00eatements de sol et nous continuerons \u00e0 l&rsquo;am\u00e9liorer.<\/li>\n<li>Nous acceptons sinc\u00e8rement le retour d&rsquo;information et nous nous adaptons en fonction de celui-ci.<\/li>\n<li>Nous appr\u00e9cions les activit\u00e9s d&rsquo;\u00e9quipe telles que les d\u00e9jeuners de f\u00eate, les tombolas de collecte de fonds, les soir\u00e9es bowling, et bien plus encore !<\/li>\n<\/ul>\n<p>Si vous souhaitez travailler avec nous, mais que vous pensez que votre exp\u00e9rience <i>ne<\/i> correspond pas \u00e0 ce que nous recherchons, n&rsquo;h\u00e9sitez pas \u00e0 poser votre candidature. L&rsquo;exp\u00e9rience se pr\u00e9sente sous de nombreuses formes, les comp\u00e9tences sont transf\u00e9rables et la passion fait beaucoup. Nous savons que la diversit\u00e9 favorise la r\u00e9solution des probl\u00e8mes et la cr\u00e9ativit\u00e9. C&rsquo;est pourquoi nous nous effor\u00e7ons d&rsquo;ajouter de nouvelles perspectives \u00e0 l&rsquo;\u00e9quipe et encourageons tout le monde \u00e0 poser sa candidature.  <\/p>\n<p>Euro Tile &amp; Stone accueille et encourage les candidatures de personnes handicap\u00e9es et reconna\u00eet l&rsquo;importance de l \u00ab \u00e9galit\u00e9, de la diversit\u00e9 et de l&rsquo;inclusion. Des am\u00e9nagements sont disponibles pour les candidats handicap\u00e9s tout au long du processus de recrutement, de s\u00e9lection et d \u00bb \u00e9valuation. Si vous avez besoin d&rsquo;un am\u00e9nagement, veuillez nous en informer \u00e0 l&rsquo;avance et nous travaillerons avec vous pour r\u00e9pondre \u00e0 vos besoins.  <\/p>\n<p><a href=\"https:\/\/ca.indeed.com\/cmp\/Euro-Tile-&amp;-Stone-2\/jobs\" target=\"_blank\" rel=\"noopener\" class=\"btn\">Voir les opportunit\u00e9s<\/a><\/p>\n<p>&nbsp;<\/p>\n","protected":false},"excerpt":{"rendered":"<p>QUI SOMMES-NOUS ? Euro Tile &amp; Stone propose des collections soigneusement s\u00e9lectionn\u00e9es de carreaux de porcelaine, de marbre et de plans de travail provenant du monde entier, associ\u00e9es \u00e0 un service, une expertise et une cha\u00eene d&rsquo;approvisionnement exceptionnels afin d&rsquo;offrir \u00e0 nos clients une excellente exp\u00e9rience. Nous aidons \u00e0 transformer l&rsquo;espace de nos clients pour &hellip; <\/p>\n","protected":false},"author":1381,"featured_media":0,"parent":43252,"menu_order":0,"comment_status":"closed","ping_status":"closed","template":"","meta":{"_acf_changed":false,"footnotes":""},"class_list":["post-43225","page","type-page","status-publish","hentry"],"acf":[],"yoast_head":"<!-- This site is optimized with the Yoast SEO Premium plugin v26.6 (Yoast SEO v27.3) - https:\/\/yoast.com\/product\/yoast-seo-premium-wordpress\/ -->\n<title>Carri\u00e8res - Euro Tile &amp; Stone<\/title>\n<meta name=\"robots\" content=\"index, follow, max-snippet:-1, max-image-preview:large, max-video-preview:-1\" \/>\n<link rel=\"canonical\" href=\"https:\/\/eurotilestone.com\/fr\/a-propos\/carrieres\/\" \/>\n<meta property=\"og:locale\" content=\"fr_FR\" \/>\n<meta property=\"og:type\" content=\"article\" \/>\n<meta property=\"og:title\" content=\"Carri\u00e8res\" \/>\n<meta property=\"og:description\" content=\"QUI SOMMES-NOUS ? Euro Tile &amp; Stone propose des collections soigneusement s\u00e9lectionn\u00e9es de carreaux de porcelaine, de marbre et de plans de travail provenant du monde entier, associ\u00e9es \u00e0 un service, une expertise et une cha\u00eene d&rsquo;approvisionnement exceptionnels afin d&rsquo;offrir \u00e0 nos clients une excellente exp\u00e9rience. Nous aidons \u00e0 transformer l&rsquo;espace de nos clients pour &hellip;\" \/>\n<meta property=\"og:url\" content=\"https:\/\/eurotilestone.com\/fr\/a-propos\/carrieres\/\" \/>\n<meta property=\"og:site_name\" content=\"Euro Tile &amp; Stone\" \/>\n<meta property=\"article:modified_time\" content=\"2025-06-16T10:31:07+00:00\" \/>\n<meta name=\"twitter:card\" content=\"summary_large_image\" \/>\n<meta name=\"twitter:label1\" content=\"Dur\u00e9e de lecture estim\u00e9e\" \/>\n\t<meta name=\"twitter:data1\" content=\"3 minutes\" \/>\n<script type=\"application\/ld+json\" class=\"yoast-schema-graph\">{\"@context\":\"https:\\\/\\\/schema.org\",\"@graph\":[{\"@type\":\"WebPage\",\"@id\":\"https:\\\/\\\/eurotilestone.com\\\/fr\\\/a-propos\\\/carrieres\\\/\",\"url\":\"https:\\\/\\\/eurotilestone.com\\\/fr\\\/a-propos\\\/carrieres\\\/\",\"name\":\"Carri\u00e8res - Euro Tile &amp; Stone\",\"isPartOf\":{\"@id\":\"https:\\\/\\\/eurotilestone.com\\\/fr\\\/#website\"},\"datePublished\":\"2022-01-10T20:23:41+00:00\",\"dateModified\":\"2025-06-16T10:31:07+00:00\",\"breadcrumb\":{\"@id\":\"https:\\\/\\\/eurotilestone.com\\\/fr\\\/a-propos\\\/carrieres\\\/#breadcrumb\"},\"inLanguage\":\"fr-FR\",\"potentialAction\":[{\"@type\":\"ReadAction\",\"target\":[\"https:\\\/\\\/eurotilestone.com\\\/fr\\\/a-propos\\\/carrieres\\\/\"]}]},{\"@type\":\"BreadcrumbList\",\"@id\":\"https:\\\/\\\/eurotilestone.com\\\/fr\\\/a-propos\\\/carrieres\\\/#breadcrumb\",\"itemListElement\":[{\"@type\":\"ListItem\",\"position\":1,\"name\":\"Home\",\"item\":\"https:\\\/\\\/eurotilestone.com\\\/fr\\\/\"},{\"@type\":\"ListItem\",\"position\":2,\"name\":\"\u00c0 PROPOS\",\"item\":\"https:\\\/\\\/eurotilestone.com\\\/fr\\\/a-propos\\\/\"},{\"@type\":\"ListItem\",\"position\":3,\"name\":\"Carri\u00e8res\"}]},{\"@type\":\"WebSite\",\"@id\":\"https:\\\/\\\/eurotilestone.com\\\/fr\\\/#website\",\"url\":\"https:\\\/\\\/eurotilestone.com\\\/fr\\\/\",\"name\":\"Euro Tile & Stone\",\"description\":\"\",\"publisher\":{\"@id\":\"https:\\\/\\\/eurotilestone.com\\\/fr\\\/#organization\"},\"potentialAction\":[{\"@type\":\"SearchAction\",\"target\":{\"@type\":\"EntryPoint\",\"urlTemplate\":\"https:\\\/\\\/eurotilestone.com\\\/fr\\\/?s={search_term_string}\"},\"query-input\":{\"@type\":\"PropertyValueSpecification\",\"valueRequired\":true,\"valueName\":\"search_term_string\"}}],\"inLanguage\":\"fr-FR\"},{\"@type\":\"Organization\",\"@id\":\"https:\\\/\\\/eurotilestone.com\\\/fr\\\/#organization\",\"name\":\"Euro Tile & Stone\",\"url\":\"https:\\\/\\\/eurotilestone.com\\\/fr\\\/\",\"logo\":{\"@type\":\"ImageObject\",\"inLanguage\":\"fr-FR\",\"@id\":\"https:\\\/\\\/eurotilestone.com\\\/fr\\\/#\\\/schema\\\/logo\\\/image\\\/\",\"url\":\"https:\\\/\\\/eurotilestone.com\\\/wp-content\\\/uploads\\\/2024\\\/01\\\/Euro-Logo-1.png\",\"contentUrl\":\"https:\\\/\\\/eurotilestone.com\\\/wp-content\\\/uploads\\\/2024\\\/01\\\/Euro-Logo-1.png\",\"width\":2500,\"height\":781,\"caption\":\"Euro Tile & Stone\"},\"image\":{\"@id\":\"https:\\\/\\\/eurotilestone.com\\\/fr\\\/#\\\/schema\\\/logo\\\/image\\\/\"},\"sameAs\":[\"https:\\\/\\\/www.instagram.com\\\/eurotilestone\\\/\"]}]}<\/script>\n<!-- \/ Yoast SEO Premium plugin. -->","yoast_head_json":{"title":"Carri\u00e8res - Euro Tile &amp; Stone","robots":{"index":"index","follow":"follow","max-snippet":"max-snippet:-1","max-image-preview":"max-image-preview:large","max-video-preview":"max-video-preview:-1"},"canonical":"https:\/\/eurotilestone.com\/fr\/a-propos\/carrieres\/","og_locale":"fr_FR","og_type":"article","og_title":"Carri\u00e8res","og_description":"QUI SOMMES-NOUS ? Euro Tile &amp; Stone propose des collections soigneusement s\u00e9lectionn\u00e9es de carreaux de porcelaine, de marbre et de plans de travail provenant du monde entier, associ\u00e9es \u00e0 un service, une expertise et une cha\u00eene d&rsquo;approvisionnement exceptionnels afin d&rsquo;offrir \u00e0 nos clients une excellente exp\u00e9rience. Nous aidons \u00e0 transformer l&rsquo;espace de nos clients pour &hellip;","og_url":"https:\/\/eurotilestone.com\/fr\/a-propos\/carrieres\/","og_site_name":"Euro Tile &amp; Stone","article_modified_time":"2025-06-16T10:31:07+00:00","twitter_card":"summary_large_image","twitter_misc":{"Dur\u00e9e de lecture estim\u00e9e":"3 minutes"},"schema":{"@context":"https:\/\/schema.org","@graph":[{"@type":"WebPage","@id":"https:\/\/eurotilestone.com\/fr\/a-propos\/carrieres\/","url":"https:\/\/eurotilestone.com\/fr\/a-propos\/carrieres\/","name":"Carri\u00e8res - Euro Tile &amp; Stone","isPartOf":{"@id":"https:\/\/eurotilestone.com\/fr\/#website"},"datePublished":"2022-01-10T20:23:41+00:00","dateModified":"2025-06-16T10:31:07+00:00","breadcrumb":{"@id":"https:\/\/eurotilestone.com\/fr\/a-propos\/carrieres\/#breadcrumb"},"inLanguage":"fr-FR","potentialAction":[{"@type":"ReadAction","target":["https:\/\/eurotilestone.com\/fr\/a-propos\/carrieres\/"]}]},{"@type":"BreadcrumbList","@id":"https:\/\/eurotilestone.com\/fr\/a-propos\/carrieres\/#breadcrumb","itemListElement":[{"@type":"ListItem","position":1,"name":"Home","item":"https:\/\/eurotilestone.com\/fr\/"},{"@type":"ListItem","position":2,"name":"\u00c0 PROPOS","item":"https:\/\/eurotilestone.com\/fr\/a-propos\/"},{"@type":"ListItem","position":3,"name":"Carri\u00e8res"}]},{"@type":"WebSite","@id":"https:\/\/eurotilestone.com\/fr\/#website","url":"https:\/\/eurotilestone.com\/fr\/","name":"Euro Tile & Stone","description":"","publisher":{"@id":"https:\/\/eurotilestone.com\/fr\/#organization"},"potentialAction":[{"@type":"SearchAction","target":{"@type":"EntryPoint","urlTemplate":"https:\/\/eurotilestone.com\/fr\/?s={search_term_string}"},"query-input":{"@type":"PropertyValueSpecification","valueRequired":true,"valueName":"search_term_string"}}],"inLanguage":"fr-FR"},{"@type":"Organization","@id":"https:\/\/eurotilestone.com\/fr\/#organization","name":"Euro Tile & Stone","url":"https:\/\/eurotilestone.com\/fr\/","logo":{"@type":"ImageObject","inLanguage":"fr-FR","@id":"https:\/\/eurotilestone.com\/fr\/#\/schema\/logo\/image\/","url":"https:\/\/eurotilestone.com\/wp-content\/uploads\/2024\/01\/Euro-Logo-1.png","contentUrl":"https:\/\/eurotilestone.com\/wp-content\/uploads\/2024\/01\/Euro-Logo-1.png","width":2500,"height":781,"caption":"Euro Tile & Stone"},"image":{"@id":"https:\/\/eurotilestone.com\/fr\/#\/schema\/logo\/image\/"},"sameAs":["https:\/\/www.instagram.com\/eurotilestone\/"]}]}},"_links":{"self":[{"href":"https:\/\/eurotilestone.com\/fr\/wp-json\/wp\/v2\/pages\/43225","targetHints":{"allow":["GET"]}}],"collection":[{"href":"https:\/\/eurotilestone.com\/fr\/wp-json\/wp\/v2\/pages"}],"about":[{"href":"https:\/\/eurotilestone.com\/fr\/wp-json\/wp\/v2\/types\/page"}],"author":[{"embeddable":true,"href":"https:\/\/eurotilestone.com\/fr\/wp-json\/wp\/v2\/users\/1381"}],"replies":[{"embeddable":true,"href":"https:\/\/eurotilestone.com\/fr\/wp-json\/wp\/v2\/comments?post=43225"}],"version-history":[{"count":1,"href":"https:\/\/eurotilestone.com\/fr\/wp-json\/wp\/v2\/pages\/43225\/revisions"}],"predecessor-version":[{"id":43253,"href":"https:\/\/eurotilestone.com\/fr\/wp-json\/wp\/v2\/pages\/43225\/revisions\/43253"}],"up":[{"embeddable":true,"href":"https:\/\/eurotilestone.com\/fr\/wp-json\/wp\/v2\/pages\/43252"}],"wp:attachment":[{"href":"https:\/\/eurotilestone.com\/fr\/wp-json\/wp\/v2\/media?parent=43225"}],"curies":[{"name":"wp","href":"https:\/\/api.w.org\/{rel}","templated":true}]}}